{"id":52541,"date":"2017-01-27T11:29:10","date_gmt":"2017-01-27T10:29:10","guid":{"rendered":"https:\/\/wpml.rechner-sensors.com\/quick-links"},"modified":"2021-02-24T10:53:38","modified_gmt":"2021-02-24T09:53:38","slug":"quick-links","status":"publish","type":"page","link":"https:\/\/www.rechner-sensors.com\/it\/quick-links","title":{"rendered":"Quick-Links"},"content":{"rendered":"<div class=\"wpb-content-wrapper\">[vc_row][vc_column][vc_column_text]\n<h2>Chiedete ai nostri esperti<\/h2>\n[\/vc_column_text]\n<div class=\"wpcf7 no-js\" id=\"wpcf7-f33238-o1\" lang=\"it-IT\" dir=\"ltr\" data-wpcf7-id=\"33238\">\n<div class=\"screen-reader-response\"><p role=\"status\" aria-live=\"polite\" aria-atomic=\"true\"><\/p> <ul><\/ul><\/div>\n<form action=\"\/it\/wp-json\/wp\/v2\/pages\/52541#wpcf7-f33238-o1\" method=\"post\" class=\"wpcf7-form init\" aria-label=\"Modulo di contatto\" novalidate=\"novalidate\" data-status=\"init\">\n<fieldset class=\"hidden-fields-container\"><input type=\"hidden\" name=\"_wpcf7\" value=\"33238\" \/><input type=\"hidden\" name=\"_wpcf7_version\" value=\"6.1.5\" \/><input type=\"hidden\" name=\"_wpcf7_locale\" value=\"it_IT\" \/><input type=\"hidden\" name=\"_wpcf7_unit_tag\" value=\"wpcf7-f33238-o1\" \/><input type=\"hidden\" name=\"_wpcf7_container_post\" value=\"0\" \/><input type=\"hidden\" name=\"_wpcf7_posted_data_hash\" value=\"\" \/><input type=\"hidden\" name=\"_wpcf7cf_hidden_group_fields\" value=\"[]\" \/><input type=\"hidden\" name=\"_wpcf7cf_hidden_groups\" value=\"[]\" \/><input type=\"hidden\" name=\"_wpcf7cf_visible_groups\" value=\"[]\" \/><input type=\"hidden\" name=\"_wpcf7cf_repeaters\" value=\"[]\" \/><input type=\"hidden\" name=\"_wpcf7cf_steps\" value=\"{}\" \/><input type=\"hidden\" name=\"_wpcf7cf_options\" value=\"{&quot;form_id&quot;:33238,&quot;conditions&quot;:[],&quot;settings&quot;:{&quot;animation&quot;:&quot;yes&quot;,&quot;animation_intime&quot;:200,&quot;animation_outtime&quot;:200,&quot;conditions_ui&quot;:&quot;normal&quot;,&quot;notice_dismissed&quot;:false,&quot;notice_dismissed_rollback-cf7-5.9.2&quot;:true,&quot;notice_dismissed_rollback-cf7-5.9.5&quot;:true}}\" \/>\n<\/fieldset>\n<div>\n\t<p><span class=\"wpcf7-form-control-wrap\" data-name=\"your-name\"><input size=\"40\" maxlength=\"400\" class=\"wpcf7-form-control wpcf7-text wpcf7-validates-as-required\" aria-required=\"true\" aria-invalid=\"false\" placeholder=\"Nome*\" value=\"\" type=\"text\" name=\"your-name\" \/><\/span>\n\t<\/p>\n<\/div>\n<div>\n\t<p><span class=\"wpcf7-form-control-wrap\" data-name=\"your-email\"><input size=\"40\" maxlength=\"400\" class=\"wpcf7-form-control wpcf7-email wpcf7-validates-as-required wpcf7-text wpcf7-validates-as-email\" aria-required=\"true\" aria-invalid=\"false\" placeholder=\"Email*\" value=\"\" type=\"email\" name=\"your-email\" \/><\/span>\n\t<\/p>\n<\/div>\n<div>\n\t<p><span class=\"wpcf7-form-control-wrap\" data-name=\"your-message\"><textarea cols=\"40\" rows=\"10\" maxlength=\"2000\" class=\"wpcf7-form-control wpcf7-textarea\" aria-invalid=\"false\" placeholder=\"Messaggio\" name=\"your-message\"><\/textarea><\/span>\n\t<\/p>\n<\/div>\n<div class=\"col-12\">\n\t<p>Stato del cliente\n\t<\/p>\n\t<div class=\"new_customer_wrap\">\n\t\t<p><span class=\"wpcf7-form-control-wrap\" data-name=\"new_customer_dropdown\"><select class=\"wpcf7-form-control wpcf7-select wpcf7-validates-as-required new_customer_dropdown\" aria-required=\"true\" aria-invalid=\"false\" name=\"new_customer_dropdown\"><option value=\"Nuovo cliente\">Nuovo cliente<\/option><option value=\"Cliente esistente\">Cliente esistente<\/option><option value=\"Interessato\">Interessato<\/option><\/select><\/span>\n\t\t<\/p>\n\t<\/div>\n<\/div>\n<div>\n\t<p><span id=\"wpcf7-69d9890775657-wrapper\" class=\"wpcf7-form-control-wrap businessmail-wrap\" style=\"display:none !important; visibility:hidden !important;\"><label for=\"wpcf7-69d9890775657-field\" class=\"hp-message\">Si prega di lasciare vuoto questo campo.<\/label><input id=\"wpcf7-69d9890775657-field\"  class=\"wpcf7-form-control wpcf7-text\" type=\"text\" name=\"businessmail\" value=\"\" size=\"40\" tabindex=\"-1\" autocomplete=\"new-password\" \/><\/span><span class=\"wpcf7-form-control-wrap\" data-name=\"acceptance\"><span class=\"wpcf7-form-control wpcf7-acceptance\"><span class=\"wpcf7-list-item\"><label><input type=\"checkbox\" name=\"acceptance\" value=\"1\" class=\"formacceptance\" aria-invalid=\"false\" \/><span class=\"wpcf7-list-item-label\">Ho letto e accetto le <a href=\"https:\/\/www.rechner-sensors.com\/it\/disconoscimento\" target=\"_blank\"> Norme sulla privacy <\/a> Le mie informazioni personali vengono elaborate e archiviate per gli scopi e nella misura e nella durata specificate nell'informativa sulla privacy.<\/span><\/label><\/span><\/span><\/span><\/ div>\n\t<\/p>\n\t<div>\n\t\t<p><input class=\"wpcf7-form-control wpcf7-submit has-spinner arrow_button\" type=\"submit\" value=\"Invia\" \/>\n\t\t<\/p>\n\t<\/div>\n<\/div><input type='hidden' class='wpcf7-pum' value='{\"closepopup\":false,\"closedelay\":0,\"openpopup\":false,\"openpopup_id\":0}' \/><div class=\"wpcf7-response-output\" aria-hidden=\"true\"><\/div>\n<\/form>\n<\/div>\n[\/vc_column][\/vc_row]\n<\/div>","protected":false},"excerpt":{"rendered":"<p>[vc_row][vc_column][vc_column_text] Chiedete ai nostri esperti [\/vc_column_text][\/vc_column][\/vc_row]<\/p>\n","protected":false},"author":1,"featured_media":91433,"parent":0,"menu_order":0,"comment_status":"closed","ping_status":"closed","template":"","meta":{"_acf_changed":false,"inline_featured_image":false,"footnotes":""},"class_list":["post-52541","page","type-page","status-publish","has-post-thumbnail","hentry","entry","post-inner"],"acf":[],"yoast_head":"<!-- This site is optimized with the Yoast SEO plugin v27.3 - https:\/\/yoast.com\/product\/yoast-seo-wordpress\/ -->\n<title>Quicklinks - Rechner Sensors<\/title>\n<meta name=\"description\" content=\"Chiedi uno dei nostri esperti! Risposta veloci \u2713 RECNHER \u00e8 il leader di mercato nella tecnologia dei sensori capacitivi\" \/>\n<meta name=\"robots\" content=\"index, follow, max-snippet:-1, max-image-preview:large, max-video-preview:-1\" \/>\n<link rel=\"canonical\" href=\"https:\/\/www.rechner-sensors.com\/it\/quick-links\" \/>\n<meta property=\"og:locale\" content=\"it_IT\" \/>\n<meta property=\"og:type\" content=\"article\" \/>\n<meta property=\"og:title\" content=\"Quicklinks - Rechner Sensors\" \/>\n<meta property=\"og:description\" content=\"Chiedi uno dei nostri esperti! Risposta veloci \u2713 RECNHER \u00e8 il leader di mercato nella tecnologia dei sensori capacitivi\" \/>\n<meta property=\"og:url\" content=\"https:\/\/www.rechner-sensors.com\/it\/quick-links\" \/>\n<meta property=\"og:site_name\" content=\"Rechner Sensors\" \/>\n<meta property=\"article:modified_time\" content=\"2021-02-24T09:53:38+00:00\" \/>\n<meta property=\"og:image\" content=\"https:\/\/www.rechner-sensors.com\/wp-content\/uploads\/2016\/11\/water_drops_products_bg.jpg\" \/>\n\t<meta property=\"og:image:width\" content=\"2010\" \/>\n\t<meta property=\"og:image:height\" content=\"148\" \/>\n\t<meta property=\"og:image:type\" content=\"image\/jpeg\" \/>\n<meta name=\"twitter:card\" content=\"summary_large_image\" \/>\n<script type=\"application\/ld+json\" class=\"yoast-schema-graph\">{\"@context\":\"https:\\\/\\\/schema.org\",\"@graph\":[{\"@type\":\"WebPage\",\"@id\":\"https:\\\/\\\/www.rechner-sensors.com\\\/it\\\/quick-links\",\"url\":\"https:\\\/\\\/www.rechner-sensors.com\\\/it\\\/quick-links\",\"name\":\"Quicklinks - Rechner Sensors\",\"isPartOf\":{\"@id\":\"https:\\\/\\\/www.rechner-sensors.com\\\/it#website\"},\"primaryImageOfPage\":{\"@id\":\"https:\\\/\\\/www.rechner-sensors.com\\\/it\\\/quick-links#primaryimage\"},\"image\":{\"@id\":\"https:\\\/\\\/www.rechner-sensors.com\\\/it\\\/quick-links#primaryimage\"},\"thumbnailUrl\":\"https:\\\/\\\/www.rechner-sensors.com\\\/wp-content\\\/uploads\\\/2016\\\/11\\\/water_drops_products_bg.jpg\",\"datePublished\":\"2017-01-27T10:29:10+00:00\",\"dateModified\":\"2021-02-24T09:53:38+00:00\",\"description\":\"Chiedi uno dei nostri esperti! Risposta veloci \u2713 RECNHER \u00e8 il leader di mercato nella tecnologia dei sensori capacitivi\",\"breadcrumb\":{\"@id\":\"https:\\\/\\\/www.rechner-sensors.com\\\/it\\\/quick-links#breadcrumb\"},\"inLanguage\":\"it-IT\",\"potentialAction\":[{\"@type\":\"ReadAction\",\"target\":[\"https:\\\/\\\/www.rechner-sensors.com\\\/it\\\/quick-links\"]}]},{\"@type\":\"ImageObject\",\"inLanguage\":\"it-IT\",\"@id\":\"https:\\\/\\\/www.rechner-sensors.com\\\/it\\\/quick-links#primaryimage\",\"url\":\"https:\\\/\\\/www.rechner-sensors.com\\\/wp-content\\\/uploads\\\/2016\\\/11\\\/water_drops_products_bg.jpg\",\"contentUrl\":\"https:\\\/\\\/www.rechner-sensors.com\\\/wp-content\\\/uploads\\\/2016\\\/11\\\/water_drops_products_bg.jpg\",\"width\":2010,\"height\":148},{\"@type\":\"BreadcrumbList\",\"@id\":\"https:\\\/\\\/www.rechner-sensors.com\\\/it\\\/quick-links#breadcrumb\",\"itemListElement\":[{\"@type\":\"ListItem\",\"position\":1,\"name\":\"Start\",\"item\":\"https:\\\/\\\/www.rechner-sensors.com\\\/it\"},{\"@type\":\"ListItem\",\"position\":2,\"name\":\"Quick-Links\"}]},{\"@type\":\"WebSite\",\"@id\":\"https:\\\/\\\/www.rechner-sensors.com\\\/it#website\",\"url\":\"https:\\\/\\\/www.rechner-sensors.com\\\/it\",\"name\":\"Rechner Sensors\",\"description\":\"[:de]Marktf\u00fchrer in kapazitiver Sensortechnologie und Qualit\u00e4t.[:en]Capacitive Sensors \u2013 for more than 50 years our special field.[:fr]Les capteurs capacitifs \u2013 depuis plus de 50 ans notre c\u0153ur de m\u00e9tier.[:es]Sensores capacitivos - desde m\u00e1s de 50 a\u00f1os nuestro campo de especialidad.[:it]Sensores capacitivos - desde m\u00e1s de 50 a\u00f1os nuestro campo de especialidad.[:]\",\"potentialAction\":[{\"@type\":\"SearchAction\",\"target\":{\"@type\":\"EntryPoint\",\"urlTemplate\":\"https:\\\/\\\/www.rechner-sensors.com\\\/it?s={search_term_string}\"},\"query-input\":{\"@type\":\"PropertyValueSpecification\",\"valueRequired\":true,\"valueName\":\"search_term_string\"}}],\"inLanguage\":\"it-IT\"}]}<\/script>\n<!-- \/ Yoast SEO plugin. -->","yoast_head_json":{"title":"Quicklinks - Rechner Sensors","description":"Chiedi uno dei nostri esperti! Risposta veloci \u2713 RECNHER \u00e8 il leader di mercato nella tecnologia dei sensori capacitivi","robots":{"index":"index","follow":"follow","max-snippet":"max-snippet:-1","max-image-preview":"max-image-preview:large","max-video-preview":"max-video-preview:-1"},"canonical":"https:\/\/www.rechner-sensors.com\/it\/quick-links","og_locale":"it_IT","og_type":"article","og_title":"Quicklinks - Rechner Sensors","og_description":"Chiedi uno dei nostri esperti! Risposta veloci \u2713 RECNHER \u00e8 il leader di mercato nella tecnologia dei sensori capacitivi","og_url":"https:\/\/www.rechner-sensors.com\/it\/quick-links","og_site_name":"Rechner Sensors","article_modified_time":"2021-02-24T09:53:38+00:00","og_image":[{"width":2010,"height":148,"url":"https:\/\/www.rechner-sensors.com\/wp-content\/uploads\/2016\/11\/water_drops_products_bg.jpg","type":"image\/jpeg"}],"twitter_card":"summary_large_image","schema":{"@context":"https:\/\/schema.org","@graph":[{"@type":"WebPage","@id":"https:\/\/www.rechner-sensors.com\/it\/quick-links","url":"https:\/\/www.rechner-sensors.com\/it\/quick-links","name":"Quicklinks - Rechner Sensors","isPartOf":{"@id":"https:\/\/www.rechner-sensors.com\/it#website"},"primaryImageOfPage":{"@id":"https:\/\/www.rechner-sensors.com\/it\/quick-links#primaryimage"},"image":{"@id":"https:\/\/www.rechner-sensors.com\/it\/quick-links#primaryimage"},"thumbnailUrl":"https:\/\/www.rechner-sensors.com\/wp-content\/uploads\/2016\/11\/water_drops_products_bg.jpg","datePublished":"2017-01-27T10:29:10+00:00","dateModified":"2021-02-24T09:53:38+00:00","description":"Chiedi uno dei nostri esperti! Risposta veloci \u2713 RECNHER \u00e8 il leader di mercato nella tecnologia dei sensori capacitivi","breadcrumb":{"@id":"https:\/\/www.rechner-sensors.com\/it\/quick-links#breadcrumb"},"inLanguage":"it-IT","potentialAction":[{"@type":"ReadAction","target":["https:\/\/www.rechner-sensors.com\/it\/quick-links"]}]},{"@type":"ImageObject","inLanguage":"it-IT","@id":"https:\/\/www.rechner-sensors.com\/it\/quick-links#primaryimage","url":"https:\/\/www.rechner-sensors.com\/wp-content\/uploads\/2016\/11\/water_drops_products_bg.jpg","contentUrl":"https:\/\/www.rechner-sensors.com\/wp-content\/uploads\/2016\/11\/water_drops_products_bg.jpg","width":2010,"height":148},{"@type":"BreadcrumbList","@id":"https:\/\/www.rechner-sensors.com\/it\/quick-links#breadcrumb","itemListElement":[{"@type":"ListItem","position":1,"name":"Start","item":"https:\/\/www.rechner-sensors.com\/it"},{"@type":"ListItem","position":2,"name":"Quick-Links"}]},{"@type":"WebSite","@id":"https:\/\/www.rechner-sensors.com\/it#website","url":"https:\/\/www.rechner-sensors.com\/it","name":"Rechner Sensors","description":"[:de]Marktf\u00fchrer in kapazitiver Sensortechnologie und Qualit\u00e4t.[:en]Capacitive Sensors \u2013 for more than 50 years our special field.[:fr]Les capteurs capacitifs \u2013 depuis plus de 50 ans notre c\u0153ur de m\u00e9tier.[:es]Sensores capacitivos - desde m\u00e1s de 50 a\u00f1os nuestro campo de especialidad.[:it]Sensores capacitivos - desde m\u00e1s de 50 a\u00f1os nuestro campo de especialidad.[:]","potentialAction":[{"@type":"SearchAction","target":{"@type":"EntryPoint","urlTemplate":"https:\/\/www.rechner-sensors.com\/it?s={search_term_string}"},"query-input":{"@type":"PropertyValueSpecification","valueRequired":true,"valueName":"search_term_string"}}],"inLanguage":"it-IT"}]}},"_links":{"self":[{"href":"https:\/\/www.rechner-sensors.com\/it\/wp-json\/wp\/v2\/pages\/52541","targetHints":{"allow":["GET"]}}],"collection":[{"href":"https:\/\/www.rechner-sensors.com\/it\/wp-json\/wp\/v2\/pages"}],"about":[{"href":"https:\/\/www.rechner-sensors.com\/it\/wp-json\/wp\/v2\/types\/page"}],"author":[{"embeddable":true,"href":"https:\/\/www.rechner-sensors.com\/it\/wp-json\/wp\/v2\/users\/1"}],"replies":[{"embeddable":true,"href":"https:\/\/www.rechner-sensors.com\/it\/wp-json\/wp\/v2\/comments?post=52541"}],"version-history":[{"count":0,"href":"https:\/\/www.rechner-sensors.com\/it\/wp-json\/wp\/v2\/pages\/52541\/revisions"}],"wp:featuredmedia":[{"embeddable":true,"href":"https:\/\/www.rechner-sensors.com\/it\/wp-json\/wp\/v2\/media\/91433"}],"wp:attachment":[{"href":"https:\/\/www.rechner-sensors.com\/it\/wp-json\/wp\/v2\/media?parent=52541"}],"curies":[{"name":"wp","href":"https:\/\/api.w.org\/{rel}","templated":true}]}}