{"id":51205,"date":"2016-07-15T13:05:04","date_gmt":"2016-07-15T11:05:04","guid":{"rendered":"https:\/\/wpml.rechner-sensors.com\/cataloghi"},"modified":"2021-02-22T15:41:45","modified_gmt":"2021-02-22T14:41:45","slug":"cataloghi","status":"publish","type":"page","link":"https:\/\/www.rechner-sensors.com\/it\/documentazione\/cataloghi","title":{"rendered":"Cataloghi"},"content":{"rendered":"<div class=\"wpb-content-wrapper\">[vc_row][vc_column]\t      <div class=\"rhvc_cpt_catalogues\">\n\t\t\t \t\t\t\t\t\t<div class=\"row\">\n\t\t\t\t\t\t\t<div class=\"col-md-12\">\n\t\t\t\t\t\t\t\t<h3>Prodotti e highlight<\/h3>\n\t\t\t\t\t\t\t<\/div>\n\t\t\t\t\t\t<\/div>\n\t\t\t\t        \n\t\t\t\t        <div class=\"row\">\n\t\t\t\t\t        \t\t\t\t\t\t\t\t\t<!-- HTML output start -->\n\t\t\t\t\t\t\t        <div class=\"col-lg-3 col-md-3 col-sm-4 col-xs-12 single_document\">\n\t\t\t\t\t\t\t        \t<div class=\"inner_document\">\n\t\t\t\t\t\t\t\t        \t<h2>Highlights <br\/> 2026<\/h2>\n\t\t\t\t\t\t\t\t        \t<img decoding=\"async\" src=\"https:\/\/www.rechner-sensors.com\/wp-content\/uploads\/2018\/11\/Katalog_Highlights_2026_it_Seite_01.jpg\" \/> \t\t\t\t\t\t\t\t        \t<div class=\"single_document_content\">\n\t\t\t\t\t\t\t\t\t\t      \t<p>Upload: 01.2026<\/p><p><a href=\"https:\/\/www.rechner-sensors.com\/wp-content\/files\/kataloge\/Katalog_Highlights_2026_it.pdf\" target=\"_blank\">Download PDF<\/a><\/p>\t\t\t\t\t           \n\t\t\t\t\t\t\t\t        \t<\/div>\n\t\t\t\t\t\t\t        \t<\/div>\n\t\t\t\t\t\t\t        <\/div>\n\t\t\t\t\t\t\t        <!-- HTML output end -->    \n\t\t\t\t\t\t\t        \t\t\t\t\t\t\t\t\t<!-- HTML output start -->\n\t\t\t\t\t\t\t        <div class=\"col-lg-3 col-md-3 col-sm-4 col-xs-12 single_document\">\n\t\t\t\t\t\t\t        \t<div class=\"inner_document\">\n\t\t\t\t\t\t\t\t        \t<h2>TiLevel<\/h2>\n\t\t\t\t\t\t\t\t        \t<img decoding=\"async\" src=\"https:\/\/www.rechner-sensors.com\/wp-content\/uploads\/2023\/05\/Broschuere_TiLevel_EN_Seite_1.jpg\" \/> \t\t\t\t\t\t\t\t        \t<div class=\"single_document_content\">\n\t\t\t\t\t\t\t\t\t\t      \t<p>Upload: 06.2024<\/p><p><a href=\"https:\/\/www.rechner-sensors.com\/wp-content\/files\/kataloge\/Broschuere_TiLevel_IT.pdf\" target=\"_blank\">Download PDF<\/a><\/p>\t\t\t\t\t           \n\t\t\t\t\t\t\t\t        \t<\/div>\n\t\t\t\t\t\t\t        \t<\/div>\n\t\t\t\t\t\t\t        <\/div>\n\t\t\t\t\t\t\t        <!-- HTML output end -->    \n\t\t\t\t\t\t\t        \t\t\t\t\t\t\t\t\t<!-- HTML output start -->\n\t\t\t\t\t\t\t        <div class=\"col-lg-3 col-md-3 col-sm-4 col-xs-12 single_document\">\n\t\t\t\t\t\t\t        \t<div class=\"inner_document\">\n\t\t\t\t\t\t\t\t        \t<h2>Specialisti nel controllo di livello inchiostri <br \/> Binario &#038; Analogico<\/h2>\n\t\t\t\t\t\t\t\t        \t<img decoding=\"async\" src=\"https:\/\/www.rechner-sensors.com\/wp-content\/uploads\/2018\/08\/RS-Print-Titel.png\" \/> \t\t\t\t\t\t\t\t        \t<div class=\"single_document_content\">\n\t\t\t\t\t\t\t\t\t\t      \t<p>Upload: 02.2024<\/p><p><a href=\"https:\/\/www.rechner-sensors.com\/wp-content\/files\/kataloge\/Printing_Industry-IT.pdf\" target=\"_blank\">Download PDF<\/a><\/p>\t\t\t\t\t           \n\t\t\t\t\t\t\t\t        \t<\/div>\n\t\t\t\t\t\t\t        \t<\/div>\n\t\t\t\t\t\t\t        <\/div>\n\t\t\t\t\t\t\t        <!-- HTML output end -->    \n\t\t\t\t\t\t\t        \t\t\t\t\t\t\t\t\t<!-- HTML output start -->\n\t\t\t\t\t\t\t        <div class=\"col-lg-3 col-md-3 col-sm-4 col-xs-12 single_document\">\n\t\t\t\t\t\t\t        \t<div class=\"inner_document\">\n\t\t\t\t\t\t\t\t        \t<h2>Stampa 3D &#8211; Produzione Additiva<\/h2>\n\t\t\t\t\t\t\t\t        \t<img decoding=\"async\" src=\"https:\/\/www.rechner-sensors.com\/wp-content\/uploads\/2018\/08\/3D-Additive-Production-Titel.png\" \/> \t\t\t\t\t\t\t\t        \t<div class=\"single_document_content\">\n\t\t\t\t\t\t\t\t\t\t      \t<p>Upload: 04.2024<\/p><p><a href=\"https:\/\/www.rechner-sensors.com\/wp-content\/files\/kataloge\/3D-Additive-Production_IT.pdf\" target=\"_blank\">Download PDF<\/a><\/p>\t\t\t\t\t           \n\t\t\t\t\t\t\t\t        \t<\/div>\n\t\t\t\t\t\t\t        \t<\/div>\n\t\t\t\t\t\t\t        <\/div>\n\t\t\t\t\t\t\t        <!-- HTML output end -->    \n\t\t\t\t\t\t\t        \t\t\t\t\t\t\t\t\t<!-- HTML output start -->\n\t\t\t\t\t\t\t        <div class=\"col-lg-3 col-md-3 col-sm-4 col-xs-12 single_document\">\n\t\t\t\t\t\t\t        \t<div class=\"inner_document\">\n\t\t\t\t\t\t\t\t        \t<h2>Capacitivi per Rilevamento Tracimazione e Perdite<\/h2>\n\t\t\t\t\t\t\t\t        \t<img decoding=\"async\" src=\"https:\/\/www.rechner-sensors.com\/wp-content\/uploads\/2018\/04\/RS-WHG_Water-Protection-Titel.png\" \/> \t\t\t\t\t\t\t\t        \t<div class=\"single_document_content\">\n\t\t\t\t\t\t\t\t\t\t      \t<p>Upload: 04.2024<\/p><p><a href=\"https:\/\/www.rechner-sensors.com\/wp-content\/files\/kataloge\/RS-Water_protection-whg-IT.pdf\" target=\"_blank\">Download PDF<\/a><\/p>\t\t\t\t\t           \n\t\t\t\t\t\t\t\t        \t<\/div>\n\t\t\t\t\t\t\t        \t<\/div>\n\t\t\t\t\t\t\t        <\/div>\n\t\t\t\t\t\t\t        <!-- HTML output end -->    \n\t\t\t\t\t\t\t        \t\t\t\t\t\t\t\t\t<!-- HTML output start -->\n\t\t\t\t\t\t\t        <div class=\"col-lg-3 col-md-3 col-sm-4 col-xs-12 single_document\">\n\t\t\t\t\t\t\t        \t<div class=\"inner_document\">\n\t\t\t\t\t\t\t\t        \t<h2>Sensors for <br\/> Food &#038; Pharma<\/h2>\n\t\t\t\t\t\t\t\t        \t<img decoding=\"async\" src=\"https:\/\/www.rechner-sensors.com\/wp-content\/uploads\/2017\/01\/FoodPharma.DE_.png\" \/> \t\t\t\t\t\t\t\t        \t<div class=\"single_document_content\">\n\t\t\t\t\t\t\t\t\t\t      \t<p>Upload: 04.2024<\/p><p><a href=\"https:\/\/www.rechner-sensors.com\/wp-content\/files\/kataloge\/RS-Food-and-Pharma-IT.pdf\" target=\"_blank\">Download PDF<\/a><\/p>\t\t\t\t\t           \n\t\t\t\t\t\t\t\t        \t<\/div>\n\t\t\t\t\t\t\t        \t<\/div>\n\t\t\t\t\t\t\t        <\/div>\n\t\t\t\t\t\t\t        <!-- HTML output end -->    \n\t\t\t\t\t\t\t        \t\t\t\t\t\t\t\t\t<!-- HTML output start -->\n\t\t\t\t\t\t\t        <div class=\"col-lg-3 col-md-3 col-sm-4 col-xs-12 single_document\">\n\t\t\t\t\t\t\t        \t<div class=\"inner_document\">\n\t\t\t\t\t\t\t\t        \t<h2>Prodotti certificati ATEX<\/h2>\n\t\t\t\t\t\t\t\t        \t<img decoding=\"async\" src=\"https:\/\/www.rechner-sensors.com\/wp-content\/uploads\/2016\/12\/ATEX-Einleitung.png\" \/> \t\t\t\t\t\t\t\t        \t<div class=\"single_document_content\">\n\t\t\t\t\t\t\t\t\t\t      \t<p>Upload: 04.2024<\/p><p><a href=\"https:\/\/www.rechner-sensors.com\/wp-content\/files\/kataloge\/KAT-ATEX-IT.pdf\" target=\"_blank\">Download PDF<\/a><\/p>\t\t\t\t\t           \n\t\t\t\t\t\t\t\t        \t<\/div>\n\t\t\t\t\t\t\t        \t<\/div>\n\t\t\t\t\t\t\t        <\/div>\n\t\t\t\t\t\t\t        <!-- HTML output end -->    \n\t\t\t\t\t\t\t        \t\t\t\t        <\/div>\n\t\t\t\t        \t\t\t\t\t\t<div class=\"row\">\n\t\t\t\t\t\t\t<div class=\"col-md-12\">\n\t\t\t\t\t\t\t\t<h3>Cataloghi di prodotti<\/h3>\n\t\t\t\t\t\t\t<\/div>\n\t\t\t\t\t\t<\/div>\n\t\t\t\t        \n\t\t\t\t        <div class=\"row\">\n\t\t\t\t\t        \t\t\t\t\t\t\t\t\t<!-- HTML output start -->\n\t\t\t\t\t\t\t        <div class=\"col-lg-3 col-md-3 col-sm-4 col-xs-12 single_document\">\n\t\t\t\t\t\t\t        \t<div class=\"inner_document\">\n\t\t\t\t\t\t\t\t        \t<h2>Sistemi di misura capacitiva i-Level KFI KFW<\/h2>\n\t\t\t\t\t\t\t\t        \t<img decoding=\"async\" src=\"https:\/\/www.rechner-sensors.com\/wp-content\/uploads\/2017\/12\/KAT-KFI-KFW-Intro.png\" \/> \t\t\t\t\t\t\t\t        \t<div class=\"single_document_content\">\n\t\t\t\t\t\t\t\t\t\t      \t<p>Upload: 04.2024<\/p><p><a href=\"https:\/\/www.rechner-sensors.com\/wp-content\/files\/kataloge\/KAT-KFI_KFW-IT.pdf\" target=\"_blank\">Download PDF<\/a><\/p>\t\t\t\t\t           \n\t\t\t\t\t\t\t\t        \t<\/div>\n\t\t\t\t\t\t\t        \t<\/div>\n\t\t\t\t\t\t\t        <\/div>\n\t\t\t\t\t\t\t        <!-- HTML output end -->    \n\t\t\t\t\t\t\t        \t\t\t\t\t\t\t\t\t<!-- HTML output start -->\n\t\t\t\t\t\t\t        <div class=\"col-lg-3 col-md-3 col-sm-4 col-xs-12 single_document\">\n\t\t\t\t\t\t\t        \t<div class=\"inner_document\">\n\t\t\t\t\t\t\t\t        \t<h2>Sensori capacitivi<\/h2>\n\t\t\t\t\t\t\t\t        \t<img decoding=\"async\" src=\"https:\/\/www.rechner-sensors.com\/wp-content\/uploads\/2017\/12\/KAT-KAS-Titel.png\" \/> \t\t\t\t\t\t\t\t        \t<div class=\"single_document_content\">\n\t\t\t\t\t\t\t\t\t\t      \t<p>Upload: 04.2024<\/p><p><a href=\"https:\/\/www.rechner-sensors.com\/wp-content\/files\/kataloge\/KAT-KAS-IT.pdf\" target=\"_blank\">Download PDF<\/a><\/p>\t\t\t\t\t           \n\t\t\t\t\t\t\t\t        \t<\/div>\n\t\t\t\t\t\t\t        \t<\/div>\n\t\t\t\t\t\t\t        <\/div>\n\t\t\t\t\t\t\t        <!-- HTML output end -->    \n\t\t\t\t\t\t\t        \t\t\t\t\t\t\t\t\t<!-- HTML output start -->\n\t\t\t\t\t\t\t        <div class=\"col-lg-3 col-md-3 col-sm-4 col-xs-12 single_document\">\n\t\t\t\t\t\t\t        \t<div class=\"inner_document\">\n\t\t\t\t\t\t\t\t        \t<h2>Alimentatori ed amplificatori<\/h2>\n\t\t\t\t\t\t\t\t        \t<img decoding=\"async\" src=\"https:\/\/www.rechner-sensors.com\/wp-content\/uploads\/2016\/12\/KAT-KAS-NG.png\" \/> \t\t\t\t\t\t\t\t        \t<div class=\"single_document_content\">\n\t\t\t\t\t\t\t\t\t\t      \t<p>Upload: 04.2024<\/p><p><a href=\"https:\/\/www.rechner-sensors.com\/wp-content\/files\/kataloge\/KAT-NG-IT.pdf\" target=\"_blank\">Download PDF<\/a><\/p>\t\t\t\t\t           \n\t\t\t\t\t\t\t\t        \t<\/div>\n\t\t\t\t\t\t\t        \t<\/div>\n\t\t\t\t\t\t\t        <\/div>\n\t\t\t\t\t\t\t        <!-- HTML output end -->    \n\t\t\t\t\t\t\t        \t\t\t\t\t\t\t\t\t<!-- HTML output start -->\n\t\t\t\t\t\t\t        <div class=\"col-lg-3 col-md-3 col-sm-4 col-xs-12 single_document\">\n\t\t\t\t\t\t\t        \t<div class=\"inner_document\">\n\t\t\t\t\t\t\t\t        \t<h2>Sistemi di misura capacitiva KFS KFA KFX<\/h2>\n\t\t\t\t\t\t\t\t        \t<img decoding=\"async\" src=\"https:\/\/www.rechner-sensors.com\/wp-content\/uploads\/2016\/12\/KFS-Intro-1.png\" \/> \t\t\t\t\t\t\t\t        \t<div class=\"single_document_content\">\n\t\t\t\t\t\t\t\t\t\t      \t<p>Upload: 04.2024<\/p><p><a href=\"https:\/\/www.rechner-sensors.com\/wp-content\/files\/kataloge\/KAT-KFS-KFA-KFX-IT.pdf\" target=\"_blank\">Download PDF<\/a><\/p>\t\t\t\t\t           \n\t\t\t\t\t\t\t\t        \t<\/div>\n\t\t\t\t\t\t\t        \t<\/div>\n\t\t\t\t\t\t\t        <\/div>\n\t\t\t\t\t\t\t        <!-- HTML output end -->    \n\t\t\t\t\t\t\t        \t\t\t\t\t\t\t\t\t<!-- HTML output start -->\n\t\t\t\t\t\t\t        <div class=\"col-lg-3 col-md-3 col-sm-4 col-xs-12 single_document\">\n\t\t\t\t\t\t\t        \t<div class=\"inner_document\">\n\t\t\t\t\t\t\t\t        \t<h2>eXtreme range <br\/>capacitivi KXS KXA<\/h2>\n\t\t\t\t\t\t\t\t        \t<img decoding=\"async\" src=\"https:\/\/www.rechner-sensors.com\/wp-content\/uploads\/2016\/12\/KAT-KXS-KXA-Titel.png\" \/> \t\t\t\t\t\t\t\t        \t<div class=\"single_document_content\">\n\t\t\t\t\t\t\t\t\t\t      \t<p>Upload: 04.2024<\/p><p><a href=\"https:\/\/www.rechner-sensors.com\/wp-content\/files\/kataloge\/KAT-KXS-KXA-IT.pdf\" target=\"_blank\">Download PDF<\/a><\/p>\t\t\t\t\t           \n\t\t\t\t\t\t\t\t        \t<\/div>\n\t\t\t\t\t\t\t        \t<\/div>\n\t\t\t\t\t\t\t        <\/div>\n\t\t\t\t\t\t\t        <!-- HTML output end -->    \n\t\t\t\t\t\t\t        \t\t\t\t\t\t\t\t\t<!-- HTML output start -->\n\t\t\t\t\t\t\t        <div class=\"col-lg-3 col-md-3 col-sm-4 col-xs-12 single_document\">\n\t\t\t\t\t\t\t        \t<div class=\"inner_document\">\n\t\t\t\t\t\t\t\t        \t<h2>Sensori capacitivi <br\/> NormLine<\/h2>\n\t\t\t\t\t\t\t\t        \t<img decoding=\"async\" src=\"https:\/\/www.rechner-sensors.com\/wp-content\/uploads\/2016\/12\/KAS-NormLine.png\" \/> \t\t\t\t\t\t\t\t        \t<div class=\"single_document_content\">\n\t\t\t\t\t\t\t\t\t\t      \t<p>Upload: 04.2024<\/p><p><a href=\"https:\/\/www.rechner-sensors.com\/wp-content\/files\/kataloge\/KAT-KAS-Normline-IT.pdf\" target=\"_blank\">Download PDF<\/a><\/p>\t\t\t\t\t           \n\t\t\t\t\t\t\t\t        \t<\/div>\n\t\t\t\t\t\t\t        \t<\/div>\n\t\t\t\t\t\t\t        <\/div>\n\t\t\t\t\t\t\t        <!-- HTML output end -->    \n\t\t\t\t\t\t\t        \t\t\t\t\t\t\t\t\t<!-- HTML output start -->\n\t\t\t\t\t\t\t        <div class=\"col-lg-3 col-md-3 col-sm-4 col-xs-12 single_document\">\n\t\t\t\t\t\t\t        \t<div class=\"inner_document\">\n\t\t\t\t\t\t\t\t        \t<h2>Sensori capacitivi serie 95 (L\u2018Automazione)<\/h2>\n\t\t\t\t\t\t\t\t        \t<img decoding=\"async\" src=\"https:\/\/www.rechner-sensors.com\/wp-content\/uploads\/2016\/12\/KAS-Serie95.png\" \/> \t\t\t\t\t\t\t\t        \t<div class=\"single_document_content\">\n\t\t\t\t\t\t\t\t\t\t      \t<p>Upload: 04.2024<\/p><p><a href=\"https:\/\/www.rechner-sensors.com\/wp-content\/files\/kataloge\/KAT-KAS-Serie95-IT.pdf\" target=\"_blank\">Download PDF<\/a><\/p>\t\t\t\t\t           \n\t\t\t\t\t\t\t\t        \t<\/div>\n\t\t\t\t\t\t\t        \t<\/div>\n\t\t\t\t\t\t\t        <\/div>\n\t\t\t\t\t\t\t        <!-- HTML output end -->    \n\t\t\t\t\t\t\t        \t\t\t\t\t\t\t\t\t<!-- HTML output start -->\n\t\t\t\t\t\t\t        <div class=\"col-lg-3 col-md-3 col-sm-4 col-xs-12 single_document\">\n\t\t\t\t\t\t\t        \t<div class=\"inner_document\">\n\t\t\t\t\t\t\t\t        \t<h2>Sensori capacitivi S26 <br\/>(per livello con area attive arrotondata )<\/h2>\n\t\t\t\t\t\t\t\t        \t<img decoding=\"async\" src=\"https:\/\/www.rechner-sensors.com\/wp-content\/uploads\/2016\/12\/Kat_Serie26.png\" \/> \t\t\t\t\t\t\t\t        \t<div class=\"single_document_content\">\n\t\t\t\t\t\t\t\t\t\t      \t<p>Upload: 02.2024<\/p><p><a href=\"https:\/\/www.rechner-sensors.com\/wp-content\/files\/kataloge\/KAT-KAS-S26-Web-IT.pdf\" target=\"_blank\">Download PDF<\/a><\/p>\t\t\t\t\t           \n\t\t\t\t\t\t\t\t        \t<\/div>\n\t\t\t\t\t\t\t        \t<\/div>\n\t\t\t\t\t\t\t        <\/div>\n\t\t\t\t\t\t\t        <!-- HTML output end -->    \n\t\t\t\t\t\t\t        \t\t\t\t\t\t\t\t\t<!-- HTML output start -->\n\t\t\t\t\t\t\t        <div class=\"col-lg-3 col-md-3 col-sm-4 col-xs-12 single_document\">\n\t\t\t\t\t\t\t        \t<div class=\"inner_document\">\n\t\t\t\t\t\t\t\t        \t<h2>Sensori capacitivi EasyMount<\/h2>\n\t\t\t\t\t\t\t\t        \t<img decoding=\"async\" src=\"https:\/\/www.rechner-sensors.com\/wp-content\/uploads\/2016\/12\/KAT-EasyMount.png\" \/> \t\t\t\t\t\t\t\t        \t<div class=\"single_document_content\">\n\t\t\t\t\t\t\t\t\t\t      \t<p>Upload: 04.2024<\/p><p><a href=\"https:\/\/www.rechner-sensors.com\/wp-content\/files\/kataloge\/KAT-EasyMount-IT.pdf\" target=\"_blank\">Download PDF<\/a><\/p>\t\t\t\t\t           \n\t\t\t\t\t\t\t\t        \t<\/div>\n\t\t\t\t\t\t\t        \t<\/div>\n\t\t\t\t\t\t\t        <\/div>\n\t\t\t\t\t\t\t        <!-- HTML output end -->    \n\t\t\t\t\t\t\t        \t\t\t\t        <\/div>\n\t\t\t\t        \t\t\t\t\t\t<div class=\"row\">\n\t\t\t\t\t\t\t<div class=\"col-md-12\">\n\t\t\t\t\t\t\t\t<h3>Cataloghi della Conoscenza<\/h3>\n\t\t\t\t\t\t\t<\/div>\n\t\t\t\t\t\t<\/div>\n\t\t\t\t        \n\t\t\t\t        <div class=\"row\">\n\t\t\t\t\t        \t\t\t\t\t\t\t\t\t<!-- HTML output start -->\n\t\t\t\t\t\t\t        <div class=\"col-lg-3 col-md-3 col-sm-4 col-xs-12 single_document\">\n\t\t\t\t\t\t\t        \t<div class=\"inner_document\">\n\t\t\t\t\t\t\t\t        \t<h2>Dielectric Constant \u03b5r<\/h2>\n\t\t\t\t\t\t\t\t        \t<img decoding=\"async\" src=\"https:\/\/www.rechner-sensors.com\/wp-content\/uploads\/2020\/11\/DK-Titel.png\" \/> \t\t\t\t\t\t\t\t        \t<div class=\"single_document_content\">\n\t\t\t\t\t\t\t\t\t\t      \t<p>Upload: 01.1970<\/p>\t\t\t\t\t           \n\t\t\t\t\t\t\t\t        \t<\/div>\n\t\t\t\t\t\t\t        \t<\/div>\n\t\t\t\t\t\t\t        <\/div>\n\t\t\t\t\t\t\t        <!-- HTML output end -->    \n\t\t\t\t\t\t\t        \t\t\t\t\t\t\t\t\t<!-- HTML output start -->\n\t\t\t\t\t\t\t        <div class=\"col-lg-3 col-md-3 col-sm-4 col-xs-12 single_document\">\n\t\t\t\t\t\t\t        \t<div class=\"inner_document\">\n\t\t\t\t\t\t\t\t        \t<h2>Food and Pharma Basics<\/h2>\n\t\t\t\t\t\t\t\t        \t<img decoding=\"async\" src=\"https:\/\/www.rechner-sensors.com\/wp-content\/uploads\/2020\/11\/Food-Pharma-Basics.png\" \/> \t\t\t\t\t\t\t\t        \t<div class=\"single_document_content\">\n\t\t\t\t\t\t\t\t\t\t      \t<p>Upload: 04.2020<\/p><p><a href=\"https:\/\/www.rechner-sensors.com\/wp-content\/files\/kataloge\/Food-Pharma-Basics-EN.pdf\" target=\"_blank\">Download PDF<\/a><\/p>\t\t\t\t\t           \n\t\t\t\t\t\t\t\t        \t<\/div>\n\t\t\t\t\t\t\t        \t<\/div>\n\t\t\t\t\t\t\t        <\/div>\n\t\t\t\t\t\t\t        <!-- HTML output end -->    \n\t\t\t\t\t\t\t        \t\t\t\t        <\/div>\n\t\t\t\t        \t      <\/div>\n\t      <div class=\"clearfix\"><\/div>\n\t\t    [\/vc_column][\/vc_row]\n<\/div>","protected":false},"excerpt":{"rendered":"<p>[vc_row][vc_column][\/vc_column][\/vc_row]<\/p>\n","protected":false},"author":1,"featured_media":0,"parent":51175,"menu_order":1,"comment_status":"closed","ping_status":"closed","template":"","meta":{"_acf_changed":false,"inline_featured_image":false,"footnotes":""},"class_list":["post-51205","page","type-page","status-publish","hentry","entry","post-inner"],"acf":[],"yoast_head":"<!-- This site is optimized with the Yoast SEO plugin v27.3 - https:\/\/yoast.com\/product\/yoast-seo-wordpress\/ -->\n<title>Cat\u00e1logos | Rechner Sensors[:it]Cataloghi | Rechner Sensors<\/title>\n<meta name=\"description\" content=\"Ulteriori informazioni sui nostri cataloghi. RECNHER \u00e8 leader di mercato nella tecnologia del sensore capacitivo \u2713\" \/>\n<meta name=\"robots\" content=\"index, follow, max-snippet:-1, max-image-preview:large, max-video-preview:-1\" \/>\n<link rel=\"canonical\" href=\"https:\/\/www.rechner-sensors.com\/it\/documentazione\/cataloghi\" \/>\n<meta property=\"og:locale\" content=\"it_IT\" \/>\n<meta property=\"og:type\" content=\"article\" \/>\n<meta property=\"og:title\" content=\"Cat\u00e1logos | Rechner Sensors[:it]Cataloghi | Rechner Sensors\" \/>\n<meta property=\"og:description\" content=\"Ulteriori informazioni sui nostri cataloghi. RECNHER \u00e8 leader di mercato nella tecnologia del sensore capacitivo \u2713\" \/>\n<meta property=\"og:url\" content=\"https:\/\/www.rechner-sensors.com\/it\/documentazione\/cataloghi\" \/>\n<meta property=\"og:site_name\" content=\"Rechner Sensors\" \/>\n<meta property=\"article:modified_time\" content=\"2021-02-22T14:41:45+00:00\" \/>\n<meta property=\"og:image\" content=\"https:\/\/www.rechner-sensors.com\/wp-content\/uploads\/2019\/02\/Kataloge_webseite_2019-e1549456998749.jpg\" \/>\n\t<meta property=\"og:image:width\" content=\"2045\" \/>\n\t<meta property=\"og:image:height\" content=\"151\" \/>\n\t<meta property=\"og:image:type\" content=\"image\/jpeg\" \/>\n<meta name=\"twitter:card\" content=\"summary_large_image\" \/>\n<script type=\"application\/ld+json\" class=\"yoast-schema-graph\">{\"@context\":\"https:\\\/\\\/schema.org\",\"@graph\":[{\"@type\":\"WebPage\",\"@id\":\"https:\\\/\\\/www.rechner-sensors.com\\\/it\\\/documentazione\\\/cataloghi\",\"url\":\"https:\\\/\\\/www.rechner-sensors.com\\\/it\\\/documentazione\\\/cataloghi\",\"name\":\"Cat\u00e1logos | Rechner Sensors[:it]Cataloghi | Rechner Sensors\",\"isPartOf\":{\"@id\":\"https:\\\/\\\/www.rechner-sensors.com\\\/it#website\"},\"datePublished\":\"2016-07-15T11:05:04+00:00\",\"dateModified\":\"2021-02-22T14:41:45+00:00\",\"description\":\"Ulteriori informazioni sui nostri cataloghi. RECNHER \u00e8 leader di mercato nella tecnologia del sensore capacitivo \u2713\",\"breadcrumb\":{\"@id\":\"https:\\\/\\\/www.rechner-sensors.com\\\/it\\\/documentazione\\\/cataloghi#breadcrumb\"},\"inLanguage\":\"it-IT\",\"potentialAction\":[{\"@type\":\"ReadAction\",\"target\":[\"https:\\\/\\\/www.rechner-sensors.com\\\/it\\\/documentazione\\\/cataloghi\"]}]},{\"@type\":\"BreadcrumbList\",\"@id\":\"https:\\\/\\\/www.rechner-sensors.com\\\/it\\\/documentazione\\\/cataloghi#breadcrumb\",\"itemListElement\":[{\"@type\":\"ListItem\",\"position\":1,\"name\":\"Start\",\"item\":\"https:\\\/\\\/www.rechner-sensors.com\\\/it\"},{\"@type\":\"ListItem\",\"position\":2,\"name\":\"Documentazione\",\"item\":\"https:\\\/\\\/www.rechner-sensors.com\\\/it\\\/documentazione\"},{\"@type\":\"ListItem\",\"position\":3,\"name\":\"Cataloghi\"}]},{\"@type\":\"WebSite\",\"@id\":\"https:\\\/\\\/www.rechner-sensors.com\\\/it#website\",\"url\":\"https:\\\/\\\/www.rechner-sensors.com\\\/it\",\"name\":\"Rechner Sensors\",\"description\":\"[:de]Marktf\u00fchrer in kapazitiver Sensortechnologie und Qualit\u00e4t.[:en]Capacitive Sensors \u2013 for more than 50 years our special field.[:fr]Les capteurs capacitifs \u2013 depuis plus de 50 ans notre c\u0153ur de m\u00e9tier.[:es]Sensores capacitivos - desde m\u00e1s de 50 a\u00f1os nuestro campo de especialidad.[:it]Sensores capacitivos - desde m\u00e1s de 50 a\u00f1os nuestro campo de especialidad.[:]\",\"potentialAction\":[{\"@type\":\"SearchAction\",\"target\":{\"@type\":\"EntryPoint\",\"urlTemplate\":\"https:\\\/\\\/www.rechner-sensors.com\\\/it?s={search_term_string}\"},\"query-input\":{\"@type\":\"PropertyValueSpecification\",\"valueRequired\":true,\"valueName\":\"search_term_string\"}}],\"inLanguage\":\"it-IT\"}]}<\/script>\n<!-- \/ Yoast SEO plugin. -->","yoast_head_json":{"title":"Cat\u00e1logos | Rechner Sensors[:it]Cataloghi | Rechner Sensors","description":"Ulteriori informazioni sui nostri cataloghi. RECNHER \u00e8 leader di mercato nella tecnologia del sensore capacitivo \u2713","robots":{"index":"index","follow":"follow","max-snippet":"max-snippet:-1","max-image-preview":"max-image-preview:large","max-video-preview":"max-video-preview:-1"},"canonical":"https:\/\/www.rechner-sensors.com\/it\/documentazione\/cataloghi","og_locale":"it_IT","og_type":"article","og_title":"Cat\u00e1logos | Rechner Sensors[:it]Cataloghi | Rechner Sensors","og_description":"Ulteriori informazioni sui nostri cataloghi. RECNHER \u00e8 leader di mercato nella tecnologia del sensore capacitivo \u2713","og_url":"https:\/\/www.rechner-sensors.com\/it\/documentazione\/cataloghi","og_site_name":"Rechner Sensors","article_modified_time":"2021-02-22T14:41:45+00:00","og_image":[{"width":2045,"height":151,"url":"https:\/\/www.rechner-sensors.com\/wp-content\/uploads\/2019\/02\/Kataloge_webseite_2019-e1549456998749.jpg","type":"image\/jpeg"}],"twitter_card":"summary_large_image","schema":{"@context":"https:\/\/schema.org","@graph":[{"@type":"WebPage","@id":"https:\/\/www.rechner-sensors.com\/it\/documentazione\/cataloghi","url":"https:\/\/www.rechner-sensors.com\/it\/documentazione\/cataloghi","name":"Cat\u00e1logos | Rechner Sensors[:it]Cataloghi | Rechner Sensors","isPartOf":{"@id":"https:\/\/www.rechner-sensors.com\/it#website"},"datePublished":"2016-07-15T11:05:04+00:00","dateModified":"2021-02-22T14:41:45+00:00","description":"Ulteriori informazioni sui nostri cataloghi. RECNHER \u00e8 leader di mercato nella tecnologia del sensore capacitivo \u2713","breadcrumb":{"@id":"https:\/\/www.rechner-sensors.com\/it\/documentazione\/cataloghi#breadcrumb"},"inLanguage":"it-IT","potentialAction":[{"@type":"ReadAction","target":["https:\/\/www.rechner-sensors.com\/it\/documentazione\/cataloghi"]}]},{"@type":"BreadcrumbList","@id":"https:\/\/www.rechner-sensors.com\/it\/documentazione\/cataloghi#breadcrumb","itemListElement":[{"@type":"ListItem","position":1,"name":"Start","item":"https:\/\/www.rechner-sensors.com\/it"},{"@type":"ListItem","position":2,"name":"Documentazione","item":"https:\/\/www.rechner-sensors.com\/it\/documentazione"},{"@type":"ListItem","position":3,"name":"Cataloghi"}]},{"@type":"WebSite","@id":"https:\/\/www.rechner-sensors.com\/it#website","url":"https:\/\/www.rechner-sensors.com\/it","name":"Rechner Sensors","description":"[:de]Marktf\u00fchrer in kapazitiver Sensortechnologie und Qualit\u00e4t.[:en]Capacitive Sensors \u2013 for more than 50 years our special field.[:fr]Les capteurs capacitifs \u2013 depuis plus de 50 ans notre c\u0153ur de m\u00e9tier.[:es]Sensores capacitivos - desde m\u00e1s de 50 a\u00f1os nuestro campo de especialidad.[:it]Sensores capacitivos - desde m\u00e1s de 50 a\u00f1os nuestro campo de especialidad.[:]","potentialAction":[{"@type":"SearchAction","target":{"@type":"EntryPoint","urlTemplate":"https:\/\/www.rechner-sensors.com\/it?s={search_term_string}"},"query-input":{"@type":"PropertyValueSpecification","valueRequired":true,"valueName":"search_term_string"}}],"inLanguage":"it-IT"}]}},"_links":{"self":[{"href":"https:\/\/www.rechner-sensors.com\/it\/wp-json\/wp\/v2\/pages\/51205","targetHints":{"allow":["GET"]}}],"collection":[{"href":"https:\/\/www.rechner-sensors.com\/it\/wp-json\/wp\/v2\/pages"}],"about":[{"href":"https:\/\/www.rechner-sensors.com\/it\/wp-json\/wp\/v2\/types\/page"}],"author":[{"embeddable":true,"href":"https:\/\/www.rechner-sensors.com\/it\/wp-json\/wp\/v2\/users\/1"}],"replies":[{"embeddable":true,"href":"https:\/\/www.rechner-sensors.com\/it\/wp-json\/wp\/v2\/comments?post=51205"}],"version-history":[{"count":0,"href":"https:\/\/www.rechner-sensors.com\/it\/wp-json\/wp\/v2\/pages\/51205\/revisions"}],"up":[{"embeddable":true,"href":"https:\/\/www.rechner-sensors.com\/it\/wp-json\/wp\/v2\/pages\/51175"}],"wp:attachment":[{"href":"https:\/\/www.rechner-sensors.com\/it\/wp-json\/wp\/v2\/media?parent=51205"}],"curies":[{"name":"wp","href":"https:\/\/api.w.org\/{rel}","templated":true}]}}