{"id":52546,"date":"2018-03-29T16:38:48","date_gmt":"2018-03-29T14:38:48","guid":{"rendered":"https:\/\/wpml.rechner-sensors.com\/io-link"},"modified":"2021-10-06T14:21:31","modified_gmt":"2021-10-06T12:21:31","slug":"io-link","status":"publish","type":"page","link":"https:\/\/www.rechner-sensors.com\/fr\/documentations\/io-link","title":{"rendered":"IO-Link"},"content":{"rendered":"<h2>IO-Link<\/h2>\n<p><strong>Technologie IO-Link<br \/>\n<\/strong>IO-Link est la premi\u00e8re technologie IO standardis\u00e9e \u00e0 l&rsquo;\u00e9chelle internationale (IEC\u00a061131-9) permettant de communiquer avec les capteurs et les acteurs. La communication performante point \u00e0 point est bas\u00e9e sur le raccordement \u00e0 3\u00a0fils connu depuis longtemps et sans exigences suppl\u00e9mentaires impos\u00e9es au mat\u00e9riau de c\u00e2ble. IO-Link n&rsquo;est donc pas un bus de terrain, mais le perfectionnement \u00e9volutif de la technique de raccordement actuelle \u00e9prouv\u00e9e pour les capteurs et les acteurs.<\/p>\n<p>Vous trouverez de plus amples informations relatives \u00e0 IO-Link sur le site Internet de\u00a0<a href=\"https:\/\/io-link.com\/\" target=\"_blank\" rel=\"noopener noreferrer\"><strong>IO-Link Community.<\/strong><\/a><\/p>\n<p><strong>IODDs<br \/>\n<\/strong>Chaque appareil IO-Link comporte un IODD (IO Device Description). Il s&rsquo;agit d&rsquo;un fichier de description de l&rsquo;appareil indiquant le fabricant, la r\u00e9f\u00e9rence article, la fonctionnalit\u00e9 etc. Ces informations peuvent \u00eatre facilement lues et trait\u00e9es par l&rsquo;utilisateur. Aussi bien l&rsquo;IODD qu&rsquo;un ID d&rsquo;appareil interne permet d&rsquo;identifier clairement chaque appareil.<\/p>\n<p>Vous trouverez gratuitement les fichiers IODD (ZIP) pour votre appareil avec IO-Link dans la banque de donn\u00e9es centrale de tous les fabricants\u00a0<a href=\"https:\/\/ioddfinder.io-link.com\/productvariants\/search?vendorName=%22RECHNER%20Industrie-Elektronik%20GmbH%22\" target=\"_blank\" rel=\"noopener noreferrer\"><strong>IODDfinder<\/strong><\/a> et pourrez t\u00e9l\u00e9charger la description correspondante IOD ici.<\/p>\n<p>&nbsp;<\/p>\n<table style=\"height: 185px;\" width=\"624\">\n<tbody>\n<tr>\n<td width=\"83\">ID d&rsquo;appareil<\/td>\n<td width=\"83\">S\u00e9rie<\/td>\n<td width=\"141\">Description IOD (PDF)<\/td>\n<\/tr>\n<tr>\n<td>0001<\/td>\n<td>\u00a0KAS-80-26<\/td>\n<td><a href=\"https:\/\/www.rechner-sensors.com\/wp-content\/uploads\/2019\/07\/Rechner-Sensors-KAS-80-26-IODD1.1-en.pdf\">\u00a0T\u00e9l\u00e9chargement<\/a><\/td>\n<\/tr>\n<tr>\n<td>0002<\/td>\n<td>KAS-801-26<\/td>\n<td><a href=\"https:\/\/www.rechner-sensors.com\/wp-content\/uploads\/2020\/02\/Rechner-Sensors-KS-801-26-IODD1.1-en.pdf\">T\u00e9l\u00e9chargement<\/a><\/td>\n<\/tr>\n<\/tbody>\n<\/table>\n","protected":false},"excerpt":{"rendered":"<p>IO-Link Technologie IO-Link IO-Link est la premi\u00e8re technologie IO standardis\u00e9e \u00e0 l&rsquo;\u00e9chelle internationale (IEC\u00a061131-9) permettant de communiquer avec les capteurs et les acteurs. La communication performante point \u00e0 point est bas\u00e9e sur le raccordement \u00e0 3\u00a0fils connu depuis longtemps et sans exigences suppl\u00e9mentaires impos\u00e9es au mat\u00e9riau de c\u00e2ble. IO-Link n&rsquo;est donc pas un bus de terrain, mais le perfectionnement \u00e9volutif de la technique de raccordement actuelle \u00e9prouv\u00e9e pour les capteurs et les acteurs. Vous trouverez de plus amples informations relatives \u00e0 IO-Link sur le site Internet de\u00a0IO-Link Community. IODDs Chaque appareil IO-Link comporte un IODD (IO Device Description). Il s&rsquo;agit d&rsquo;un fichier de description de l&rsquo;appareil indiquant le fabricant, la r\u00e9f\u00e9rence article, la fonctionnalit\u00e9 etc. Ces informations peuvent \u00eatre facilement lues et trait\u00e9es par l&rsquo;utilisateur. Aussi bien l&rsquo;IODD qu&rsquo;un ID d&rsquo;appareil interne permet d&rsquo;identifier clairement chaque appareil. Vous trouverez gratuitement les fichiers IODD (ZIP) pour votre appareil avec IO-Link dans la banque de donn\u00e9es centrale de tous les fabricants\u00a0IODDfinder et pourrez t\u00e9l\u00e9charger la description correspondante IOD ici. &nbsp; ID d&rsquo;appareil S\u00e9rie Description IOD (PDF) 0001 \u00a0KAS-80-26 \u00a0T\u00e9l\u00e9chargement 0002 KAS-801-26 T\u00e9l\u00e9chargement<\/p>\n","protected":false},"author":3,"featured_media":0,"parent":51173,"menu_order":0,"comment_status":"closed","ping_status":"closed","template":"","meta":{"_acf_changed":false,"inline_featured_image":false,"footnotes":""},"class_list":["post-52546","page","type-page","status-publish","hentry","entry","post-inner"],"acf":[],"yoast_head":"<!-- This site is optimized with the Yoast SEO plugin v27.5 - https:\/\/yoast.com\/product\/yoast-seo-wordpress\/ -->\n<title>IO-Link - Rechner Sensors<\/title>\n<meta name=\"robots\" content=\"index, follow, max-snippet:-1, max-image-preview:large, max-video-preview:-1\" \/>\n<link rel=\"canonical\" href=\"https:\/\/www.rechner-sensors.com\/fr\/documentations\/io-link\" \/>\n<meta property=\"og:locale\" content=\"fr_FR\" \/>\n<meta property=\"og:type\" content=\"article\" \/>\n<meta property=\"og:title\" content=\"IO-Link - Rechner Sensors\" \/>\n<meta property=\"og:description\" content=\"IO-Link Technologie IO-Link IO-Link est la premi\u00e8re technologie IO standardis\u00e9e \u00e0 l&rsquo;\u00e9chelle internationale (IEC\u00a061131-9) permettant de communiquer avec les capteurs et les acteurs. La communication performante point \u00e0 point est bas\u00e9e sur le raccordement \u00e0 3\u00a0fils connu depuis longtemps et sans exigences suppl\u00e9mentaires impos\u00e9es au mat\u00e9riau de c\u00e2ble. IO-Link n&rsquo;est donc pas un bus de terrain, mais le perfectionnement \u00e9volutif de la technique de raccordement actuelle \u00e9prouv\u00e9e pour les capteurs et les acteurs. Vous trouverez de plus amples informations relatives \u00e0 IO-Link sur le site Internet de\u00a0IO-Link Community. IODDs Chaque appareil IO-Link comporte un IODD (IO Device Description). Il s&rsquo;agit d&rsquo;un fichier de description de l&rsquo;appareil indiquant le fabricant, la r\u00e9f\u00e9rence article, la fonctionnalit\u00e9 etc. Ces informations peuvent \u00eatre facilement lues et trait\u00e9es par l&rsquo;utilisateur. Aussi bien l&rsquo;IODD qu&rsquo;un ID d&rsquo;appareil interne permet d&rsquo;identifier clairement chaque appareil. Vous trouverez gratuitement les fichiers IODD (ZIP) pour votre appareil avec IO-Link dans la banque de donn\u00e9es centrale de tous les fabricants\u00a0IODDfinder et pourrez t\u00e9l\u00e9charger la description correspondante IOD ici. &nbsp; ID d&rsquo;appareil S\u00e9rie Description IOD (PDF) 0001 \u00a0KAS-80-26 \u00a0T\u00e9l\u00e9chargement 0002 KAS-801-26 T\u00e9l\u00e9chargement\" \/>\n<meta property=\"og:url\" content=\"https:\/\/www.rechner-sensors.com\/fr\/documentations\/io-link\" \/>\n<meta property=\"og:site_name\" content=\"Rechner Sensors\" \/>\n<meta property=\"article:modified_time\" content=\"2021-10-06T12:21:31+00:00\" \/>\n<meta name=\"twitter:card\" content=\"summary_large_image\" \/>\n<meta name=\"twitter:label1\" content=\"Dur\u00e9e de lecture estim\u00e9e\" \/>\n\t<meta name=\"twitter:data1\" content=\"1 minute\" \/>\n<script type=\"application\/ld+json\" class=\"yoast-schema-graph\">{\"@context\":\"https:\\\/\\\/schema.org\",\"@graph\":[{\"@type\":\"WebPage\",\"@id\":\"https:\\\/\\\/www.rechner-sensors.com\\\/fr\\\/documentations\\\/io-link\",\"url\":\"https:\\\/\\\/www.rechner-sensors.com\\\/fr\\\/documentations\\\/io-link\",\"name\":\"IO-Link - Rechner Sensors\",\"isPartOf\":{\"@id\":\"https:\\\/\\\/www.rechner-sensors.com\\\/fr#website\"},\"datePublished\":\"2018-03-29T14:38:48+00:00\",\"dateModified\":\"2021-10-06T12:21:31+00:00\",\"breadcrumb\":{\"@id\":\"https:\\\/\\\/www.rechner-sensors.com\\\/fr\\\/documentations\\\/io-link#breadcrumb\"},\"inLanguage\":\"fr-FR\",\"potentialAction\":[{\"@type\":\"ReadAction\",\"target\":[\"https:\\\/\\\/www.rechner-sensors.com\\\/fr\\\/documentations\\\/io-link\"]}]},{\"@type\":\"BreadcrumbList\",\"@id\":\"https:\\\/\\\/www.rechner-sensors.com\\\/fr\\\/documentations\\\/io-link#breadcrumb\",\"itemListElement\":[{\"@type\":\"ListItem\",\"position\":1,\"name\":\"Start\",\"item\":\"https:\\\/\\\/www.rechner-sensors.com\\\/fr\"},{\"@type\":\"ListItem\",\"position\":2,\"name\":\"Documentations\",\"item\":\"https:\\\/\\\/www.rechner-sensors.com\\\/fr\\\/documentations\"},{\"@type\":\"ListItem\",\"position\":3,\"name\":\"IO-Link\"}]},{\"@type\":\"WebSite\",\"@id\":\"https:\\\/\\\/www.rechner-sensors.com\\\/fr#website\",\"url\":\"https:\\\/\\\/www.rechner-sensors.com\\\/fr\",\"name\":\"Rechner Sensors\",\"description\":\"[:de]Marktf\u00fchrer in kapazitiver Sensortechnologie und Qualit\u00e4t.[:en]Capacitive Sensors \u2013 for more than 50 years our special field.[:fr]Les capteurs capacitifs \u2013 depuis plus de 50 ans notre c\u0153ur de m\u00e9tier.[:es]Sensores capacitivos - desde m\u00e1s de 50 a\u00f1os nuestro campo de especialidad.[:it]Sensores capacitivos - desde m\u00e1s de 50 a\u00f1os nuestro campo de especialidad.[:]\",\"potentialAction\":[{\"@type\":\"SearchAction\",\"target\":{\"@type\":\"EntryPoint\",\"urlTemplate\":\"https:\\\/\\\/www.rechner-sensors.com\\\/fr?s={search_term_string}\"},\"query-input\":{\"@type\":\"PropertyValueSpecification\",\"valueRequired\":true,\"valueName\":\"search_term_string\"}}],\"inLanguage\":\"fr-FR\"}]}<\/script>\n<!-- \/ Yoast SEO plugin. -->","yoast_head_json":{"title":"IO-Link - Rechner Sensors","robots":{"index":"index","follow":"follow","max-snippet":"max-snippet:-1","max-image-preview":"max-image-preview:large","max-video-preview":"max-video-preview:-1"},"canonical":"https:\/\/www.rechner-sensors.com\/fr\/documentations\/io-link","og_locale":"fr_FR","og_type":"article","og_title":"IO-Link - Rechner Sensors","og_description":"IO-Link Technologie IO-Link IO-Link est la premi\u00e8re technologie IO standardis\u00e9e \u00e0 l&rsquo;\u00e9chelle internationale (IEC\u00a061131-9) permettant de communiquer avec les capteurs et les acteurs. La communication performante point \u00e0 point est bas\u00e9e sur le raccordement \u00e0 3\u00a0fils connu depuis longtemps et sans exigences suppl\u00e9mentaires impos\u00e9es au mat\u00e9riau de c\u00e2ble. IO-Link n&rsquo;est donc pas un bus de terrain, mais le perfectionnement \u00e9volutif de la technique de raccordement actuelle \u00e9prouv\u00e9e pour les capteurs et les acteurs. Vous trouverez de plus amples informations relatives \u00e0 IO-Link sur le site Internet de\u00a0IO-Link Community. IODDs Chaque appareil IO-Link comporte un IODD (IO Device Description). Il s&rsquo;agit d&rsquo;un fichier de description de l&rsquo;appareil indiquant le fabricant, la r\u00e9f\u00e9rence article, la fonctionnalit\u00e9 etc. Ces informations peuvent \u00eatre facilement lues et trait\u00e9es par l&rsquo;utilisateur. Aussi bien l&rsquo;IODD qu&rsquo;un ID d&rsquo;appareil interne permet d&rsquo;identifier clairement chaque appareil. Vous trouverez gratuitement les fichiers IODD (ZIP) pour votre appareil avec IO-Link dans la banque de donn\u00e9es centrale de tous les fabricants\u00a0IODDfinder et pourrez t\u00e9l\u00e9charger la description correspondante IOD ici. &nbsp; ID d&rsquo;appareil S\u00e9rie Description IOD (PDF) 0001 \u00a0KAS-80-26 \u00a0T\u00e9l\u00e9chargement 0002 KAS-801-26 T\u00e9l\u00e9chargement","og_url":"https:\/\/www.rechner-sensors.com\/fr\/documentations\/io-link","og_site_name":"Rechner Sensors","article_modified_time":"2021-10-06T12:21:31+00:00","twitter_card":"summary_large_image","twitter_misc":{"Dur\u00e9e de lecture estim\u00e9e":"1 minute"},"schema":{"@context":"https:\/\/schema.org","@graph":[{"@type":"WebPage","@id":"https:\/\/www.rechner-sensors.com\/fr\/documentations\/io-link","url":"https:\/\/www.rechner-sensors.com\/fr\/documentations\/io-link","name":"IO-Link - Rechner Sensors","isPartOf":{"@id":"https:\/\/www.rechner-sensors.com\/fr#website"},"datePublished":"2018-03-29T14:38:48+00:00","dateModified":"2021-10-06T12:21:31+00:00","breadcrumb":{"@id":"https:\/\/www.rechner-sensors.com\/fr\/documentations\/io-link#breadcrumb"},"inLanguage":"fr-FR","potentialAction":[{"@type":"ReadAction","target":["https:\/\/www.rechner-sensors.com\/fr\/documentations\/io-link"]}]},{"@type":"BreadcrumbList","@id":"https:\/\/www.rechner-sensors.com\/fr\/documentations\/io-link#breadcrumb","itemListElement":[{"@type":"ListItem","position":1,"name":"Start","item":"https:\/\/www.rechner-sensors.com\/fr"},{"@type":"ListItem","position":2,"name":"Documentations","item":"https:\/\/www.rechner-sensors.com\/fr\/documentations"},{"@type":"ListItem","position":3,"name":"IO-Link"}]},{"@type":"WebSite","@id":"https:\/\/www.rechner-sensors.com\/fr#website","url":"https:\/\/www.rechner-sensors.com\/fr","name":"Rechner Sensors","description":"[:de]Marktf\u00fchrer in kapazitiver Sensortechnologie und Qualit\u00e4t.[:en]Capacitive Sensors \u2013 for more than 50 years our special field.[:fr]Les capteurs capacitifs \u2013 depuis plus de 50 ans notre c\u0153ur de m\u00e9tier.[:es]Sensores capacitivos - desde m\u00e1s de 50 a\u00f1os nuestro campo de especialidad.[:it]Sensores capacitivos - desde m\u00e1s de 50 a\u00f1os nuestro campo de especialidad.[:]","potentialAction":[{"@type":"SearchAction","target":{"@type":"EntryPoint","urlTemplate":"https:\/\/www.rechner-sensors.com\/fr?s={search_term_string}"},"query-input":{"@type":"PropertyValueSpecification","valueRequired":true,"valueName":"search_term_string"}}],"inLanguage":"fr-FR"}]}},"_links":{"self":[{"href":"https:\/\/www.rechner-sensors.com\/fr\/wp-json\/wp\/v2\/pages\/52546","targetHints":{"allow":["GET"]}}],"collection":[{"href":"https:\/\/www.rechner-sensors.com\/fr\/wp-json\/wp\/v2\/pages"}],"about":[{"href":"https:\/\/www.rechner-sensors.com\/fr\/wp-json\/wp\/v2\/types\/page"}],"author":[{"embeddable":true,"href":"https:\/\/www.rechner-sensors.com\/fr\/wp-json\/wp\/v2\/users\/3"}],"replies":[{"embeddable":true,"href":"https:\/\/www.rechner-sensors.com\/fr\/wp-json\/wp\/v2\/comments?post=52546"}],"version-history":[{"count":0,"href":"https:\/\/www.rechner-sensors.com\/fr\/wp-json\/wp\/v2\/pages\/52546\/revisions"}],"up":[{"embeddable":true,"href":"https:\/\/www.rechner-sensors.com\/fr\/wp-json\/wp\/v2\/pages\/51173"}],"wp:attachment":[{"href":"https:\/\/www.rechner-sensors.com\/fr\/wp-json\/wp\/v2\/media?parent=52546"}],"curies":[{"name":"wp","href":"https:\/\/api.w.org\/{rel}","templated":true}]}}