{"id":52539,"date":"2017-01-27T11:29:10","date_gmt":"2017-01-27T10:29:10","guid":{"rendered":"https:\/\/wpml.rechner-sensors.com\/quick-links"},"modified":"2021-02-24T10:52:38","modified_gmt":"2021-02-24T09:52:38","slug":"quick-links","status":"publish","type":"page","link":"https:\/\/www.rechner-sensors.com\/fr\/quick-links","title":{"rendered":"Quick-Links"},"content":{"rendered":"<div class=\"wpb-content-wrapper\">[vc_row][vc_column][vc_column_text]\n<h2>Demandez \u00e0 nos experts<\/h2>\n[\/vc_column_text]\n<div class=\"wpcf7 no-js\" id=\"wpcf7-f33236-o1\" lang=\"fr-FR\" dir=\"ltr\" data-wpcf7-id=\"33236\">\n<div class=\"screen-reader-response\"><p role=\"status\" aria-live=\"polite\" aria-atomic=\"true\"><\/p> <ul><\/ul><\/div>\n<form action=\"\/fr\/wp-json\/wp\/v2\/pages\/52539#wpcf7-f33236-o1\" method=\"post\" class=\"wpcf7-form init\" aria-label=\"Formulaire de contact\" novalidate=\"novalidate\" data-status=\"init\">\n<fieldset class=\"hidden-fields-container\"><input type=\"hidden\" name=\"_wpcf7\" value=\"33236\" \/><input type=\"hidden\" name=\"_wpcf7_version\" value=\"6.1.5\" \/><input type=\"hidden\" name=\"_wpcf7_locale\" value=\"fr_FR\" \/><input type=\"hidden\" name=\"_wpcf7_unit_tag\" value=\"wpcf7-f33236-o1\" \/><input type=\"hidden\" name=\"_wpcf7_container_post\" value=\"0\" \/><input type=\"hidden\" name=\"_wpcf7_posted_data_hash\" value=\"\" \/><input type=\"hidden\" name=\"_wpcf7cf_hidden_group_fields\" value=\"[]\" \/><input type=\"hidden\" name=\"_wpcf7cf_hidden_groups\" value=\"[]\" \/><input type=\"hidden\" name=\"_wpcf7cf_visible_groups\" value=\"[]\" \/><input type=\"hidden\" name=\"_wpcf7cf_repeaters\" value=\"[]\" \/><input type=\"hidden\" name=\"_wpcf7cf_steps\" value=\"{}\" \/><input type=\"hidden\" name=\"_wpcf7cf_options\" value=\"{&quot;form_id&quot;:33236,&quot;conditions&quot;:[],&quot;settings&quot;:{&quot;animation&quot;:&quot;yes&quot;,&quot;animation_intime&quot;:200,&quot;animation_outtime&quot;:200,&quot;conditions_ui&quot;:&quot;normal&quot;,&quot;notice_dismissed&quot;:false,&quot;notice_dismissed_rollback-cf7-5.9.2&quot;:true,&quot;notice_dismissed_rollback-cf7-5.9.5&quot;:true}}\" \/>\n<\/fieldset>\n<div>\n\t<p><span class=\"wpcf7-form-control-wrap\" data-name=\"your-name\"><input size=\"40\" maxlength=\"400\" class=\"wpcf7-form-control wpcf7-text wpcf7-validates-as-required\" aria-required=\"true\" aria-invalid=\"false\" placeholder=\"Nom*\" value=\"\" type=\"text\" name=\"your-name\" \/><\/span>\n\t<\/p>\n<\/div>\n<div>\n\t<p><span class=\"wpcf7-form-control-wrap\" data-name=\"your-email\"><input size=\"40\" maxlength=\"400\" class=\"wpcf7-form-control wpcf7-email wpcf7-validates-as-required wpcf7-text wpcf7-validates-as-email\" aria-required=\"true\" aria-invalid=\"false\" placeholder=\"Email*\" value=\"\" type=\"email\" name=\"your-email\" \/><\/span>\n\t<\/p>\n<\/div>\n<div>\n\t<p><span class=\"wpcf7-form-control-wrap\" data-name=\"your-message\"><textarea cols=\"40\" rows=\"10\" maxlength=\"2000\" class=\"wpcf7-form-control wpcf7-textarea\" aria-invalid=\"false\" placeholder=\"Votre message\" name=\"your-message\"><\/textarea><\/span>\n\t<\/p>\n<\/div>\n<div class=\"col-12\">\n\t<p>Statut du client\n\t<\/p>\n\t<div class=\"new_customer_wrap\">\n\t\t<p><span class=\"wpcf7-form-control-wrap\" data-name=\"new_customer_dropdown\"><select class=\"wpcf7-form-control wpcf7-select wpcf7-validates-as-required new_customer_dropdown\" aria-required=\"true\" aria-invalid=\"false\" name=\"new_customer_dropdown\"><option value=\"Nouveau client\">Nouveau client<\/option><option value=\"Client existant\">Client existant<\/option><option value=\"Prospect\">Prospect<\/option><\/select><\/span>\n\t\t<\/p>\n\t<\/div>\n<\/div>\n<div>\n\t<p><span id=\"wpcf7-69d89a5d245ca-wrapper\" class=\"wpcf7-form-control-wrap businessmail-wrap\" style=\"display:none !important; visibility:hidden !important;\"><label for=\"wpcf7-69d89a5d245ca-field\" class=\"hp-message\">Veuillez laisser ce champ vide.<\/label><input id=\"wpcf7-69d89a5d245ca-field\"  class=\"wpcf7-form-control wpcf7-text\" type=\"text\" name=\"businessmail\" value=\"\" size=\"40\" tabindex=\"-1\" autocomplete=\"new-password\" \/><\/span><span class=\"wpcf7-form-control-wrap\" data-name=\"acceptance\"><span class=\"wpcf7-form-control wpcf7-acceptance\"><span class=\"wpcf7-list-item\"><label><input type=\"checkbox\" name=\"acceptance\" value=\"1\" class=\"formacceptance\" aria-invalid=\"false\" \/><span class=\"wpcf7-list-item-label\">J'ai lu et j'accepte les <a href=\"https:\/\/www.rechner-sensors.com\/fr\/denegation\" target=\"_blank\"> R\u00e8gles de confidentialit\u00e9 <\/a> Mes informations personnelles sont trait\u00e9es et stock\u00e9es aux fins et dans la mesure et la dur\u00e9e sp\u00e9cifi\u00e9es dans la politique de confidentialit\u00e9.<\/span><\/label><\/span><\/span><\/span><\/ div>\n\t<\/p>\n\t<div>\n\t\t<p><input class=\"wpcf7-form-control wpcf7-submit has-spinner arrow_button\" type=\"submit\" value=\"Envoyer\" \/>\n\t\t<\/p>\n\t<\/div>\n<\/div><input type='hidden' class='wpcf7-pum' value='{\"closepopup\":false,\"closedelay\":0,\"openpopup\":false,\"openpopup_id\":0}' \/><div class=\"wpcf7-response-output\" aria-hidden=\"true\"><\/div>\n<\/form>\n<\/div>\n[\/vc_column][\/vc_row]\n<\/div>","protected":false},"excerpt":{"rendered":"<p>[vc_row][vc_column][vc_column_text] Demandez \u00e0 nos experts [\/vc_column_text][\/vc_column][\/vc_row]<\/p>\n","protected":false},"author":1,"featured_media":91432,"parent":0,"menu_order":0,"comment_status":"closed","ping_status":"closed","template":"","meta":{"_acf_changed":false,"inline_featured_image":false,"footnotes":""},"class_list":["post-52539","page","type-page","status-publish","has-post-thumbnail","hentry","entry","post-inner"],"acf":[],"yoast_head":"<!-- This site is optimized with the Yoast SEO plugin v27.3 - https:\/\/yoast.com\/product\/yoast-seo-wordpress\/ -->\n<title>Liens raccourcis - Rechner sensors<\/title>\n<meta name=\"description\" content=\"Demandez chez l&#039;un de nos experts! Temps de r\u00e9ponse rapide \u2713 Rechner est le leader sur le march\u00e9 de la technologie des capteurs capacitifs\" \/>\n<meta name=\"robots\" content=\"index, follow, max-snippet:-1, max-image-preview:large, max-video-preview:-1\" \/>\n<link rel=\"canonical\" href=\"https:\/\/www.rechner-sensors.com\/fr\/quick-links\" \/>\n<meta property=\"og:locale\" content=\"fr_FR\" \/>\n<meta property=\"og:type\" content=\"article\" \/>\n<meta property=\"og:title\" content=\"Liens raccourcis - Rechner sensors\" \/>\n<meta property=\"og:description\" content=\"Demandez chez l&#039;un de nos experts! Temps de r\u00e9ponse rapide \u2713 Rechner est le leader sur le march\u00e9 de la technologie des capteurs capacitifs\" \/>\n<meta property=\"og:url\" content=\"https:\/\/www.rechner-sensors.com\/fr\/quick-links\" \/>\n<meta property=\"og:site_name\" content=\"Rechner Sensors\" \/>\n<meta property=\"article:modified_time\" content=\"2021-02-24T09:52:38+00:00\" \/>\n<meta property=\"og:image\" content=\"https:\/\/www.rechner-sensors.com\/wp-content\/uploads\/2016\/11\/water_drops_products_bg.jpg\" \/>\n\t<meta property=\"og:image:width\" content=\"2010\" \/>\n\t<meta property=\"og:image:height\" content=\"148\" \/>\n\t<meta property=\"og:image:type\" content=\"image\/jpeg\" \/>\n<meta name=\"twitter:card\" content=\"summary_large_image\" \/>\n<script type=\"application\/ld+json\" class=\"yoast-schema-graph\">{\"@context\":\"https:\\\/\\\/schema.org\",\"@graph\":[{\"@type\":\"WebPage\",\"@id\":\"https:\\\/\\\/www.rechner-sensors.com\\\/fr\\\/quick-links\",\"url\":\"https:\\\/\\\/www.rechner-sensors.com\\\/fr\\\/quick-links\",\"name\":\"Liens raccourcis - Rechner sensors\",\"isPartOf\":{\"@id\":\"https:\\\/\\\/www.rechner-sensors.com\\\/fr#website\"},\"primaryImageOfPage\":{\"@id\":\"https:\\\/\\\/www.rechner-sensors.com\\\/fr\\\/quick-links#primaryimage\"},\"image\":{\"@id\":\"https:\\\/\\\/www.rechner-sensors.com\\\/fr\\\/quick-links#primaryimage\"},\"thumbnailUrl\":\"https:\\\/\\\/www.rechner-sensors.com\\\/wp-content\\\/uploads\\\/2016\\\/11\\\/water_drops_products_bg.jpg\",\"datePublished\":\"2017-01-27T10:29:10+00:00\",\"dateModified\":\"2021-02-24T09:52:38+00:00\",\"description\":\"Demandez chez l'un de nos experts! Temps de r\u00e9ponse rapide \u2713 Rechner est le leader sur le march\u00e9 de la technologie des capteurs capacitifs\",\"breadcrumb\":{\"@id\":\"https:\\\/\\\/www.rechner-sensors.com\\\/fr\\\/quick-links#breadcrumb\"},\"inLanguage\":\"fr-FR\",\"potentialAction\":[{\"@type\":\"ReadAction\",\"target\":[\"https:\\\/\\\/www.rechner-sensors.com\\\/fr\\\/quick-links\"]}]},{\"@type\":\"ImageObject\",\"inLanguage\":\"fr-FR\",\"@id\":\"https:\\\/\\\/www.rechner-sensors.com\\\/fr\\\/quick-links#primaryimage\",\"url\":\"https:\\\/\\\/www.rechner-sensors.com\\\/wp-content\\\/uploads\\\/2016\\\/11\\\/water_drops_products_bg.jpg\",\"contentUrl\":\"https:\\\/\\\/www.rechner-sensors.com\\\/wp-content\\\/uploads\\\/2016\\\/11\\\/water_drops_products_bg.jpg\",\"width\":2010,\"height\":148},{\"@type\":\"BreadcrumbList\",\"@id\":\"https:\\\/\\\/www.rechner-sensors.com\\\/fr\\\/quick-links#breadcrumb\",\"itemListElement\":[{\"@type\":\"ListItem\",\"position\":1,\"name\":\"Start\",\"item\":\"https:\\\/\\\/www.rechner-sensors.com\\\/fr\"},{\"@type\":\"ListItem\",\"position\":2,\"name\":\"Quick-Links\"}]},{\"@type\":\"WebSite\",\"@id\":\"https:\\\/\\\/www.rechner-sensors.com\\\/fr#website\",\"url\":\"https:\\\/\\\/www.rechner-sensors.com\\\/fr\",\"name\":\"Rechner Sensors\",\"description\":\"[:de]Marktf\u00fchrer in kapazitiver Sensortechnologie und Qualit\u00e4t.[:en]Capacitive Sensors \u2013 for more than 50 years our special field.[:fr]Les capteurs capacitifs \u2013 depuis plus de 50 ans notre c\u0153ur de m\u00e9tier.[:es]Sensores capacitivos - desde m\u00e1s de 50 a\u00f1os nuestro campo de especialidad.[:it]Sensores capacitivos - desde m\u00e1s de 50 a\u00f1os nuestro campo de especialidad.[:]\",\"potentialAction\":[{\"@type\":\"SearchAction\",\"target\":{\"@type\":\"EntryPoint\",\"urlTemplate\":\"https:\\\/\\\/www.rechner-sensors.com\\\/fr?s={search_term_string}\"},\"query-input\":{\"@type\":\"PropertyValueSpecification\",\"valueRequired\":true,\"valueName\":\"search_term_string\"}}],\"inLanguage\":\"fr-FR\"}]}<\/script>\n<!-- \/ Yoast SEO plugin. -->","yoast_head_json":{"title":"Liens raccourcis - Rechner sensors","description":"Demandez chez l'un de nos experts! Temps de r\u00e9ponse rapide \u2713 Rechner est le leader sur le march\u00e9 de la technologie des capteurs capacitifs","robots":{"index":"index","follow":"follow","max-snippet":"max-snippet:-1","max-image-preview":"max-image-preview:large","max-video-preview":"max-video-preview:-1"},"canonical":"https:\/\/www.rechner-sensors.com\/fr\/quick-links","og_locale":"fr_FR","og_type":"article","og_title":"Liens raccourcis - Rechner sensors","og_description":"Demandez chez l'un de nos experts! Temps de r\u00e9ponse rapide \u2713 Rechner est le leader sur le march\u00e9 de la technologie des capteurs capacitifs","og_url":"https:\/\/www.rechner-sensors.com\/fr\/quick-links","og_site_name":"Rechner Sensors","article_modified_time":"2021-02-24T09:52:38+00:00","og_image":[{"width":2010,"height":148,"url":"https:\/\/www.rechner-sensors.com\/wp-content\/uploads\/2016\/11\/water_drops_products_bg.jpg","type":"image\/jpeg"}],"twitter_card":"summary_large_image","schema":{"@context":"https:\/\/schema.org","@graph":[{"@type":"WebPage","@id":"https:\/\/www.rechner-sensors.com\/fr\/quick-links","url":"https:\/\/www.rechner-sensors.com\/fr\/quick-links","name":"Liens raccourcis - Rechner sensors","isPartOf":{"@id":"https:\/\/www.rechner-sensors.com\/fr#website"},"primaryImageOfPage":{"@id":"https:\/\/www.rechner-sensors.com\/fr\/quick-links#primaryimage"},"image":{"@id":"https:\/\/www.rechner-sensors.com\/fr\/quick-links#primaryimage"},"thumbnailUrl":"https:\/\/www.rechner-sensors.com\/wp-content\/uploads\/2016\/11\/water_drops_products_bg.jpg","datePublished":"2017-01-27T10:29:10+00:00","dateModified":"2021-02-24T09:52:38+00:00","description":"Demandez chez l'un de nos experts! Temps de r\u00e9ponse rapide \u2713 Rechner est le leader sur le march\u00e9 de la technologie des capteurs capacitifs","breadcrumb":{"@id":"https:\/\/www.rechner-sensors.com\/fr\/quick-links#breadcrumb"},"inLanguage":"fr-FR","potentialAction":[{"@type":"ReadAction","target":["https:\/\/www.rechner-sensors.com\/fr\/quick-links"]}]},{"@type":"ImageObject","inLanguage":"fr-FR","@id":"https:\/\/www.rechner-sensors.com\/fr\/quick-links#primaryimage","url":"https:\/\/www.rechner-sensors.com\/wp-content\/uploads\/2016\/11\/water_drops_products_bg.jpg","contentUrl":"https:\/\/www.rechner-sensors.com\/wp-content\/uploads\/2016\/11\/water_drops_products_bg.jpg","width":2010,"height":148},{"@type":"BreadcrumbList","@id":"https:\/\/www.rechner-sensors.com\/fr\/quick-links#breadcrumb","itemListElement":[{"@type":"ListItem","position":1,"name":"Start","item":"https:\/\/www.rechner-sensors.com\/fr"},{"@type":"ListItem","position":2,"name":"Quick-Links"}]},{"@type":"WebSite","@id":"https:\/\/www.rechner-sensors.com\/fr#website","url":"https:\/\/www.rechner-sensors.com\/fr","name":"Rechner Sensors","description":"[:de]Marktf\u00fchrer in kapazitiver Sensortechnologie und Qualit\u00e4t.[:en]Capacitive Sensors \u2013 for more than 50 years our special field.[:fr]Les capteurs capacitifs \u2013 depuis plus de 50 ans notre c\u0153ur de m\u00e9tier.[:es]Sensores capacitivos - desde m\u00e1s de 50 a\u00f1os nuestro campo de especialidad.[:it]Sensores capacitivos - desde m\u00e1s de 50 a\u00f1os nuestro campo de especialidad.[:]","potentialAction":[{"@type":"SearchAction","target":{"@type":"EntryPoint","urlTemplate":"https:\/\/www.rechner-sensors.com\/fr?s={search_term_string}"},"query-input":{"@type":"PropertyValueSpecification","valueRequired":true,"valueName":"search_term_string"}}],"inLanguage":"fr-FR"}]}},"_links":{"self":[{"href":"https:\/\/www.rechner-sensors.com\/fr\/wp-json\/wp\/v2\/pages\/52539","targetHints":{"allow":["GET"]}}],"collection":[{"href":"https:\/\/www.rechner-sensors.com\/fr\/wp-json\/wp\/v2\/pages"}],"about":[{"href":"https:\/\/www.rechner-sensors.com\/fr\/wp-json\/wp\/v2\/types\/page"}],"author":[{"embeddable":true,"href":"https:\/\/www.rechner-sensors.com\/fr\/wp-json\/wp\/v2\/users\/1"}],"replies":[{"embeddable":true,"href":"https:\/\/www.rechner-sensors.com\/fr\/wp-json\/wp\/v2\/comments?post=52539"}],"version-history":[{"count":0,"href":"https:\/\/www.rechner-sensors.com\/fr\/wp-json\/wp\/v2\/pages\/52539\/revisions"}],"wp:featuredmedia":[{"embeddable":true,"href":"https:\/\/www.rechner-sensors.com\/fr\/wp-json\/wp\/v2\/media\/91432"}],"wp:attachment":[{"href":"https:\/\/www.rechner-sensors.com\/fr\/wp-json\/wp\/v2\/media?parent=52539"}],"curies":[{"name":"wp","href":"https:\/\/api.w.org\/{rel}","templated":true}]}}