{"id":52534,"date":"2017-01-26T13:37:06","date_gmt":"2017-01-26T12:37:06","guid":{"rendered":"https:\/\/wpml.rechner-sensors.com\/demande-de-prix-disponibilite"},"modified":"2022-08-11T16:58:12","modified_gmt":"2022-08-11T14:58:12","slug":"pieces-de-rechange","status":"publish","type":"page","link":"https:\/\/www.rechner-sensors.com\/fr\/pieces-de-rechange","title":{"rendered":"Demander un projet"},"content":{"rendered":"<div class=\"wpb-content-wrapper\">[vc_row][vc_column][\/vc_column][\/vc_row]\n<\/div>","protected":false},"excerpt":{"rendered":"<p>[vc_row][vc_column][\/vc_column][\/vc_row]<\/p>\n","protected":false},"author":1,"featured_media":0,"parent":0,"menu_order":0,"comment_status":"closed","ping_status":"closed","template":"","meta":{"_acf_changed":false,"inline_featured_image":false,"footnotes":""},"class_list":["post-52534","page","type-page","status-publish","hentry","entry","post-inner"],"acf":[],"yoast_head":"<!-- This site is optimized with the Yoast SEO plugin v27.3 - https:\/\/yoast.com\/product\/yoast-seo-wordpress\/ -->\n<title>Demander un projet - Rechner Sensors<\/title>\n<meta name=\"robots\" content=\"index, follow, max-snippet:-1, max-image-preview:large, max-video-preview:-1\" \/>\n<link rel=\"canonical\" href=\"https:\/\/www.rechner-sensors.com\/fr\/pieces-de-rechange\" \/>\n<meta property=\"og:locale\" content=\"fr_FR\" \/>\n<meta property=\"og:type\" content=\"article\" \/>\n<meta property=\"og:title\" content=\"Demander un projet - Rechner Sensors\" \/>\n<meta property=\"og:description\" content=\"[vc_row][vc_column][\/vc_column][\/vc_row]\" \/>\n<meta property=\"og:url\" content=\"https:\/\/www.rechner-sensors.com\/fr\/pieces-de-rechange\" \/>\n<meta property=\"og:site_name\" content=\"Rechner Sensors\" \/>\n<meta property=\"article:modified_time\" content=\"2022-08-11T14:58:12+00:00\" \/>\n<meta name=\"twitter:card\" content=\"summary_large_image\" \/>\n<meta name=\"twitter:label1\" content=\"Dur\u00e9e de lecture estim\u00e9e\" \/>\n\t<meta name=\"twitter:data1\" content=\"1 minute\" \/>\n<script type=\"application\/ld+json\" class=\"yoast-schema-graph\">{\"@context\":\"https:\\\/\\\/schema.org\",\"@graph\":[{\"@type\":\"WebPage\",\"@id\":\"https:\\\/\\\/www.rechner-sensors.com\\\/fr\\\/pieces-de-rechange\",\"url\":\"https:\\\/\\\/www.rechner-sensors.com\\\/fr\\\/pieces-de-rechange\",\"name\":\"Demander un projet - Rechner Sensors\",\"isPartOf\":{\"@id\":\"https:\\\/\\\/www.rechner-sensors.com\\\/fr#website\"},\"datePublished\":\"2017-01-26T12:37:06+00:00\",\"dateModified\":\"2022-08-11T14:58:12+00:00\",\"breadcrumb\":{\"@id\":\"https:\\\/\\\/www.rechner-sensors.com\\\/fr\\\/pieces-de-rechange#breadcrumb\"},\"inLanguage\":\"fr-FR\",\"potentialAction\":[{\"@type\":\"ReadAction\",\"target\":[\"https:\\\/\\\/www.rechner-sensors.com\\\/fr\\\/pieces-de-rechange\"]}]},{\"@type\":\"BreadcrumbList\",\"@id\":\"https:\\\/\\\/www.rechner-sensors.com\\\/fr\\\/pieces-de-rechange#breadcrumb\",\"itemListElement\":[{\"@type\":\"ListItem\",\"position\":1,\"name\":\"Start\",\"item\":\"https:\\\/\\\/www.rechner-sensors.com\\\/fr\"},{\"@type\":\"ListItem\",\"position\":2,\"name\":\"Demander un projet\"}]},{\"@type\":\"WebSite\",\"@id\":\"https:\\\/\\\/www.rechner-sensors.com\\\/fr#website\",\"url\":\"https:\\\/\\\/www.rechner-sensors.com\\\/fr\",\"name\":\"Rechner Sensors\",\"description\":\"[:de]Marktf\u00fchrer in kapazitiver Sensortechnologie und Qualit\u00e4t.[:en]Capacitive Sensors \u2013 for more than 50 years our special field.[:fr]Les capteurs capacitifs \u2013 depuis plus de 50 ans notre c\u0153ur de m\u00e9tier.[:es]Sensores capacitivos - desde m\u00e1s de 50 a\u00f1os nuestro campo de especialidad.[:it]Sensores capacitivos - desde m\u00e1s de 50 a\u00f1os nuestro campo de especialidad.[:]\",\"potentialAction\":[{\"@type\":\"SearchAction\",\"target\":{\"@type\":\"EntryPoint\",\"urlTemplate\":\"https:\\\/\\\/www.rechner-sensors.com\\\/fr?s={search_term_string}\"},\"query-input\":{\"@type\":\"PropertyValueSpecification\",\"valueRequired\":true,\"valueName\":\"search_term_string\"}}],\"inLanguage\":\"fr-FR\"}]}<\/script>\n<!-- \/ Yoast SEO plugin. -->","yoast_head_json":{"title":"Demander un projet - Rechner Sensors","robots":{"index":"index","follow":"follow","max-snippet":"max-snippet:-1","max-image-preview":"max-image-preview:large","max-video-preview":"max-video-preview:-1"},"canonical":"https:\/\/www.rechner-sensors.com\/fr\/pieces-de-rechange","og_locale":"fr_FR","og_type":"article","og_title":"Demander un projet - Rechner Sensors","og_description":"[vc_row][vc_column][\/vc_column][\/vc_row]","og_url":"https:\/\/www.rechner-sensors.com\/fr\/pieces-de-rechange","og_site_name":"Rechner Sensors","article_modified_time":"2022-08-11T14:58:12+00:00","twitter_card":"summary_large_image","twitter_misc":{"Dur\u00e9e de lecture estim\u00e9e":"1 minute"},"schema":{"@context":"https:\/\/schema.org","@graph":[{"@type":"WebPage","@id":"https:\/\/www.rechner-sensors.com\/fr\/pieces-de-rechange","url":"https:\/\/www.rechner-sensors.com\/fr\/pieces-de-rechange","name":"Demander un projet - Rechner Sensors","isPartOf":{"@id":"https:\/\/www.rechner-sensors.com\/fr#website"},"datePublished":"2017-01-26T12:37:06+00:00","dateModified":"2022-08-11T14:58:12+00:00","breadcrumb":{"@id":"https:\/\/www.rechner-sensors.com\/fr\/pieces-de-rechange#breadcrumb"},"inLanguage":"fr-FR","potentialAction":[{"@type":"ReadAction","target":["https:\/\/www.rechner-sensors.com\/fr\/pieces-de-rechange"]}]},{"@type":"BreadcrumbList","@id":"https:\/\/www.rechner-sensors.com\/fr\/pieces-de-rechange#breadcrumb","itemListElement":[{"@type":"ListItem","position":1,"name":"Start","item":"https:\/\/www.rechner-sensors.com\/fr"},{"@type":"ListItem","position":2,"name":"Demander un projet"}]},{"@type":"WebSite","@id":"https:\/\/www.rechner-sensors.com\/fr#website","url":"https:\/\/www.rechner-sensors.com\/fr","name":"Rechner Sensors","description":"[:de]Marktf\u00fchrer in kapazitiver Sensortechnologie und Qualit\u00e4t.[:en]Capacitive Sensors \u2013 for more than 50 years our special field.[:fr]Les capteurs capacitifs \u2013 depuis plus de 50 ans notre c\u0153ur de m\u00e9tier.[:es]Sensores capacitivos - desde m\u00e1s de 50 a\u00f1os nuestro campo de especialidad.[:it]Sensores capacitivos - desde m\u00e1s de 50 a\u00f1os nuestro campo de especialidad.[:]","potentialAction":[{"@type":"SearchAction","target":{"@type":"EntryPoint","urlTemplate":"https:\/\/www.rechner-sensors.com\/fr?s={search_term_string}"},"query-input":{"@type":"PropertyValueSpecification","valueRequired":true,"valueName":"search_term_string"}}],"inLanguage":"fr-FR"}]}},"_links":{"self":[{"href":"https:\/\/www.rechner-sensors.com\/fr\/wp-json\/wp\/v2\/pages\/52534","targetHints":{"allow":["GET"]}}],"collection":[{"href":"https:\/\/www.rechner-sensors.com\/fr\/wp-json\/wp\/v2\/pages"}],"about":[{"href":"https:\/\/www.rechner-sensors.com\/fr\/wp-json\/wp\/v2\/types\/page"}],"author":[{"embeddable":true,"href":"https:\/\/www.rechner-sensors.com\/fr\/wp-json\/wp\/v2\/users\/1"}],"replies":[{"embeddable":true,"href":"https:\/\/www.rechner-sensors.com\/fr\/wp-json\/wp\/v2\/comments?post=52534"}],"version-history":[{"count":0,"href":"https:\/\/www.rechner-sensors.com\/fr\/wp-json\/wp\/v2\/pages\/52534\/revisions"}],"wp:attachment":[{"href":"https:\/\/www.rechner-sensors.com\/fr\/wp-json\/wp\/v2\/media?parent=52534"}],"curies":[{"name":"wp","href":"https:\/\/api.w.org\/{rel}","templated":true}]}}