{"id":51272,"date":"2016-11-18T12:20:44","date_gmt":"2016-11-18T11:20:44","guid":{"rendered":"https:\/\/wpml.rechner-sensors.com\/rechner-france"},"modified":"2025-04-22T12:34:44","modified_gmt":"2025-04-22T10:34:44","slug":"rechner-france","status":"publish","type":"page","link":"https:\/\/www.rechner-sensors.com\/fr\/contact\/rechner-france","title":{"rendered":"Rechner France"},"content":{"rendered":"<div class=\"wpb-content-wrapper\">[vc_row full_width=\u00a0\u00bbstretch_row\u00a0\u00bb el_class=\u00a0\u00bblightgrey\u00a0\u00bb][vc_column width=\u00a0\u00bb1\/2&Prime;][vc_column_text]\n<h2>Adresse<\/h2>\n<p><strong>RECHNER SENSORS FRANCE<\/strong><br \/>\nBP 5<br \/>\n31290 Villefranche de Lauragais<\/p>\n<p><strong>T\u00e9l\u00e9phone:<\/strong> 0632 036854<br \/>\n<strong>E-Mail:<\/strong> <a href=\"mailto:service@rechner-sensors.fr\">service@rechner-sensors.fr<\/a>[\/vc_column_text][\/vc_column][vc_column width=\u00a0\u00bb1\/2&Prime;][vc_column_text] <div class=\"brlbs-cmpnt-container brlbs-cmpnt-content-blocker brlbs-cmpnt-with-individual-styles\" data-borlabs-cookie-content-blocker-id=\"default\" data-borlabs-cookie-content=\"PGRpdiBpZD0nd3JhcF9tYXBfNjlkODlhOGMyNjg3NScgY2xhc3M9J3VsdGltYXRlLW1hcC13cmFwcGVyIHVsdC1hZGp1c3QtYm90dG9tLW1hcmdpbiAnIHN0eWxlPScgaGVpZ2h0OjQ1MHB4Oyc+PGRpdiBpZD0nbWFwXzY5ZDg5YThjMjY4NzUnIGRhdGEtbWFwX292ZXJyaWRlPScwJyBjbGFzcz0ndWx0aW1hdGVfZ29vZ2xlX21hcCB3cGJfY29udGVudF9lbGVtZW50IHBhZ2VfbWFyZ2luX3RvcCcgc3R5bGU9J3dpZHRoOjEwMCU7aGVpZ2h0OjQ1MHB4Oyc+PC9kaXY+PC9kaXY+PHNjcmlwdCB0eXBlPSd0ZXh0L2phdmFzY3JpcHQnPg0KCQkJKGZ1bmN0aW9uKCQpIHsNCiAgCQkJJ3VzZSBzdHJpY3QnOw0KCQkJdmFyIG1hcF9tYXBfNjlkODlhOGMyNjg3NSA9IG51bGw7DQoJCQl2YXIgY29vcmRpbmF0ZV9tYXBfNjlkODlhOGMyNjg3NTsNCgkJCXZhciBpc0RyYWdnYWJsZSA9ICQoZG9jdW1lbnQpLndpZHRoKCkgPiA2NDEgPyB0cnVlIDogdHJ1ZTsNCgkJCXRyeQ0KCQkJew0KCQkJCXZhciBtYXBfbWFwXzY5ZDg5YThjMjY4NzUgPSBudWxsOw0KCQkJCXZhciBjb29yZGluYXRlX21hcF82OWQ4OWE4YzI2ODc1Ow0KCQkJCWNvb3JkaW5hdGVfbWFwXzY5ZDg5YThjMjY4NzU9bmV3IGdvb2dsZS5tYXBzLkxhdExuZyg0My40MDA0NjYzLCAxLjcxNTEwNzIpOw0KCQkJCXZhciBtYXBPcHRpb25zPQ0KCQkJCXsNCgkJCQkJem9vbTogMTUsDQoJCQkJCWNlbnRlcjogY29vcmRpbmF0ZV9tYXBfNjlkODlhOGMyNjg3NSwNCgkJCQkJc2NhbGVDb250cm9sOiB0cnVlLA0KCQkJCQlzdHJlZXRWaWV3Q29udHJvbDogZmFsc2UsDQoJCQkJCW1hcFR5cGVDb250cm9sOiBmYWxzZSwNCgkJCQkJcGFuQ29udHJvbDogZmFsc2UsDQoJCQkJCXpvb21Db250cm9sOiB0cnVlLA0KCQkJCQlzY3JvbGx3aGVlbDogdHJ1ZSwNCgkJCQkJZHJhZ2dhYmxlOiBpc0RyYWdnYWJsZSwNCgkJCQkJem9vbUNvbnRyb2xPcHRpb25zOiB7DQoJCQkJCQlwb3NpdGlvbjogZ29vZ2xlLm1hcHMuQ29udHJvbFBvc2l0aW9uLlJJR0hUX0JPVFRPTQ0KCQkJCQl9LCBtYXBUeXBlQ29udHJvbE9wdGlvbnM6IHsNCgkJCQkJICAJCW1hcFR5cGVJZHM6IFtnb29nbGUubWFwcy5NYXBUeXBlSWQuUk9BRE1BUCwgJ21hcF9zdHlsZSddDQoJCQkJCQl9fTt2YXIgc3R5bGVzID0gW3siZmVhdHVyZVR5cGUiOiJhbGwiLCJzdHlsZXJzIjpbeyJzYXR1cmF0aW9uIjowfSx7Imh1ZSI6IiNlN2VjZjAifV19LHsiZmVhdHVyZVR5cGUiOiJyb2FkIiwic3R5bGVycyI6W3sic2F0dXJhdGlvbiI6LTcwfV19LHsiZmVhdHVyZVR5cGUiOiJ0cmFuc2l0Iiwic3R5bGVycyI6W3sidmlzaWJpbGl0eSI6Im9mZiJ9XX0seyJmZWF0dXJlVHlwZSI6InBvaSIsInN0eWxlcnMiOlt7InZpc2liaWxpdHkiOiJvZmYifV19LHsiZmVhdHVyZVR5cGUiOiJ3YXRlciIsInN0eWxlcnMiOlt7InZpc2liaWxpdHkiOiJzaW1wbGlmaWVkIn0seyJzYXR1cmF0aW9uIjotNjB9XX1dOyB2YXIgc3R5bGVkTWFwID0gbmV3IGdvb2dsZS5tYXBzLlN0eWxlZE1hcFR5cGUoc3R5bGVzLHtuYW1lOiAiU3R5bGVkIE1hcCJ9KTt2YXIgbWFwX21hcF82OWQ4OWE4YzI2ODc1ID0gbmV3IGdvb2dsZS5tYXBzLk1hcChkb2N1bWVudC5nZXRFbGVtZW50QnlJZCgnbWFwXzY5ZDg5YThjMjY4NzUnKSxtYXBPcHRpb25zKTttYXBfbWFwXzY5ZDg5YThjMjY4NzUubWFwVHlwZXMuc2V0KCdtYXBfc3R5bGUnLCBzdHlsZWRNYXApOw0KIAkJCQkJCQkgbWFwX21hcF82OWQ4OWE4YzI2ODc1LnNldE1hcFR5cGVJZCgnbWFwX3N0eWxlJyk7DQoJCQkJCQl2YXIgeCA9ICdpbmZvd2luZG93X29wZW5fdmFsdWUnOw0KCQkJCQkJdmFyIG1hcmtlcl9tYXBfNjlkODlhOGMyNjg3NSA9IG5ldyBnb29nbGUubWFwcy5NYXJrZXIoew0KCQkJCQkJcG9zaXRpb246IG5ldyBnb29nbGUubWFwcy5MYXRMbmcoNDMuNDAwNDY2MywgMS43MTUxMDcyKSwNCgkJCQkJCWFuaW1hdGlvbjogIGdvb2dsZS5tYXBzLkFuaW1hdGlvbi5EUk9QLA0KCQkJCQkJbWFwOiBtYXBfbWFwXzY5ZDg5YThjMjY4NzUsDQoJCQkJCQlpY29uOiAnaHR0cHM6Ly93d3cucmVjaG5lci1zZW5zb3JzLmNvbS93cC1jb250ZW50L3VwbG9hZHMvMjAxNi8wNS9tYXBtYXJrZXIucG5nJw0KCQkJCQl9KTsJZ29vZ2xlLm1hcHMuZXZlbnQuYWRkTGlzdGVuZXIobWFya2VyX21hcF82OWQ4OWE4YzI2ODc1LCAnY2xpY2snLCB0b2dnbGVCb3VuY2UpO3ZhciBpbmZvd2luZG93ID0gbmV3IGdvb2dsZS5tYXBzLkluZm9XaW5kb3coKTsNCgkJCQkJCQlpbmZvd2luZG93LnNldENvbnRlbnQoJzxkaXYgY2xhc3M9Im1hcF9pbmZvX3RleHQiIHN0eWxlPVwnY29sb3I6IzAwMDtcJz48c3Ryb25nPlJFQ0hORVIgU0VOU09SUyBGUkFOQ0U8L3N0cm9uZz48YnIgLz4gQlAgNTxiciAvPiAzMTI5MCBWaWxsZWZyYW5jaGUgZGUgTGF1cmFnYWlzPC9kaXY+Jyk7Z29vZ2xlLm1hcHMuZXZlbnQuYWRkTGlzdGVuZXIobWFya2VyX21hcF82OWQ4OWE4YzI2ODc1LCAnY2xpY2snLCBmdW5jdGlvbigpIHsNCgkJCQkJCQkJaW5mb3dpbmRvdy5vcGVuKG1hcF9tYXBfNjlkODlhOGMyNjg3NSxtYXJrZXJfbWFwXzY5ZDg5YThjMjY4NzUpOw0KCQkJCQkJICAJfSk7fQ0KCQkJY2F0Y2goZSl7fTsNCgkJCWpRdWVyeShkb2N1bWVudCkucmVhZHkoZnVuY3Rpb24oJCl7DQoJCQkJZ29vZ2xlLm1hcHMuZXZlbnQudHJpZ2dlcihtYXBfbWFwXzY5ZDg5YThjMjY4NzUsICdyZXNpemUnKTsNCgkJCQkkKHdpbmRvdykucmVzaXplKGZ1bmN0aW9uKCl7DQoJCQkJCWdvb2dsZS5tYXBzLmV2ZW50LnRyaWdnZXIobWFwX21hcF82OWQ4OWE4YzI2ODc1LCAncmVzaXplJyk7DQoJCQkJCWlmKG1hcF9tYXBfNjlkODlhOGMyNjg3NSE9bnVsbCkNCgkJCQkJCW1hcF9tYXBfNjlkODlhOGMyNjg3NS5zZXRDZW50ZXIoY29vcmRpbmF0ZV9tYXBfNjlkODlhOGMyNjg3NSk7DQoJCQkJfSk7DQoJCQkJJCgnLnVpLXRhYnMnKS5iaW5kKCd0YWJzYWN0aXZhdGUnLCBmdW5jdGlvbihldmVudCwgdWkpIHsNCgkJCQkgICBpZigkKHRoaXMpLmZpbmQoJy51bHRpbWF0ZS1tYXAtd3JhcHBlcicpLmxlbmd0aCA+IDApDQoJCQkJCXsNCgkJCQkJCXNldFRpbWVvdXQoZnVuY3Rpb24oKXsNCgkJCQkJCQkkKHdpbmRvdykudHJpZ2dlcigncmVzaXplJyk7DQoJCQkJCQl9LDIwMCk7DQoJCQkJCX0NCgkJCQl9KTsNCgkJCQkkKCcudWktYWNjb3JkaW9uJykuYmluZCgnYWNjb3JkaW9uYWN0aXZhdGUnLCBmdW5jdGlvbihldmVudCwgdWkpIHsNCgkJCQkgICBpZigkKHRoaXMpLmZpbmQoJy51bHRpbWF0ZS1tYXAtd3JhcHBlcicpLmxlbmd0aCA+IDApDQoJCQkJCXsNCgkJCQkJCXNldFRpbWVvdXQoZnVuY3Rpb24oKXsNCgkJCQkJCQkkKHdpbmRvdykudHJpZ2dlcigncmVzaXplJyk7DQoJCQkJCQl9LDIwMCk7DQoJCQkJCX0NCgkJCQl9KTsNCgkJCQkkKHdpbmRvdykub24oJ2xvYWQnLGZ1bmN0aW9uKCl7DQoJCQkJCXNldFRpbWVvdXQoZnVuY3Rpb24oKXsNCgkJCQkJCSQod2luZG93KS50cmlnZ2VyKCdyZXNpemUnKTsNCgkJCQkJfSwyMDApOw0KCQkJCX0pOw0KCQkJCSQoJy51bHRfZXhwX3NlY3Rpb24nKS5zZWxlY3QoZnVuY3Rpb24oKXsNCgkJCQkJaWYoJChtYXBfbWFwXzY5ZDg5YThjMjY4NzUpLnBhcmVudHMoJy51bHRfZXhwX3NlY3Rpb24nKSkNCgkJCQkJew0KCQkJCQkJc2V0VGltZW91dChmdW5jdGlvbigpew0KCQkJCQkJCSQod2luZG93KS50cmlnZ2VyKCdyZXNpemUnKTsNCgkJCQkJCX0sMjAwKTsNCgkJCQkJfQ0KCQkJCX0pOw0KCQkJCSQoZG9jdW1lbnQpLm9uKCdvblVWQ01vZGFsUG9wdXBPcGVuJywgZnVuY3Rpb24oKXsNCgkJCQkJaWYoJChtYXBfbWFwXzY5ZDg5YThjMjY4NzUpLnBhcmVudHMoJy51bHRfbW9kYWwtY29udGVudCcpKQ0KCQkJCQl7DQoJCQkJCQlzZXRUaW1lb3V0KGZ1bmN0aW9uKCl7DQoJCQkJCQkJJCh3aW5kb3cpLnRyaWdnZXIoJ3Jlc2l6ZScpOw0KCQkJCQkJfSwyMDApOw0KCQkJCQl9DQoJCQkJfSk7DQoJCQkJJChkb2N1bWVudCkub24oJ2NsaWNrJywnLnVsdF90YWJfbGknLGZ1bmN0aW9uKCl7DQoJCQkJCSQod2luZG93KS50cmlnZ2VyKCdyZXNpemUnKTsNCgkJCQkJc2V0VGltZW91dChmdW5jdGlvbigpew0KCQkJCQkJJCh3aW5kb3cpLnRyaWdnZXIoJ3Jlc2l6ZScpOw0KCQkJCQl9LDIwMCk7DQoJCQkJfSk7DQoJCQl9KTsNCgkJCWZ1bmN0aW9uIHRvZ2dsZUJvdW5jZSgpIHsNCgkJCSAgaWYgKG1hcmtlcl9tYXBfNjlkODlhOGMyNjg3NS5nZXRBbmltYXRpb24oKSAhPSBudWxsKSB7DQoJCQkJbWFya2VyX21hcF82OWQ4OWE4YzI2ODc1LnNldEFuaW1hdGlvbihudWxsKTsNCgkJCSAgfSBlbHNlIHsNCgkJCQltYXJrZXJfbWFwXzY5ZDg5YThjMjY4NzUuc2V0QW5pbWF0aW9uKGdvb2dsZS5tYXBzLkFuaW1hdGlvbi5CT1VOQ0UpOw0KCQkJICB9DQoJCQl9DQoJCQl9KShqUXVlcnkpOw0KCQkJPC9zY3JpcHQ+\"><div class=\"brlbs-cmpnt-cb-preset-a\"> <p class=\"brlbs-cmpnt-cb-description\">Vous \u00eates actuellement en train de consulter le contenu d'un espace r\u00e9serv\u00e9 de <strong>Par d\u00e9faut<\/strong>. Pour acc\u00e9der au contenu r\u00e9el, cliquez sur le bouton ci-dessous. Veuillez noter que ce faisant, des donn\u00e9es seront partag\u00e9es avec des providers tiers.<\/p> <div class=\"brlbs-cmpnt-cb-buttons\"> <a class=\"brlbs-cmpnt-cb-btn\" href=\"#\" data-borlabs-cookie-unblock role=\"button\">D\u00e9bloquer le contenu<\/a> <a class=\"brlbs-cmpnt-cb-btn\" href=\"#\" data-borlabs-cookie-accept-service role=\"button\" style=\"display: none\">Accepter le service requis et d\u00e9bloquer les contenus<\/a> <\/div> <a class=\"brlbs-cmpnt-cb-provider-toggle\" href=\"#\" data-borlabs-cookie-show-provider-information role=\"button\">Plus d'informations<\/a> <\/div><\/div>[\/vc_column_text][\/vc_column][\/vc_row][vc_row full_width=\u00a0\u00bbstretch_row\u00a0\u00bb][vc_column][vc_table vc_table_theme=\u00a0\u00bbclassic\u00a0\u00bb]Service,Email,T%C3%A9l%C3%A9phone,T%C3%A9l%C3%A9copie|Informations%20g%C3%A9n%C3%A9rales,service%40rechner-sensors.fr,0632%20036854,|Commandes,vente%40rechner-sensors.fr,0632%20036854,|Support,service%40rechner-sensors.fr,0632%20036854,|Webmaster,webmaster%40rechner-sensors.de,%2B49%206206%2050070,%2B49%206206%20500720|Hostmaster,hostmaster%40rechner-sensors.de,%2B49%206206%2050070,%2B49%206206%20500720[\/vc_table][\/vc_column][\/vc_row]\n<\/div>","protected":false},"excerpt":{"rendered":"<p>[vc_row full_width=\u00a0\u00bbstretch_row\u00a0\u00bb el_class=\u00a0\u00bblightgrey\u00a0\u00bb][vc_column width=\u00a0\u00bb1\/2&Prime;][vc_column_text] Adresse RECHNER SENSORS FRANCE BP 5 31290 Villefranche de Lauragais T\u00e9l\u00e9phone: 0632 036854 E-Mail: service@rechner-sensors.fr[\/vc_column_text][\/vc_column][vc_column width=\u00a0\u00bb1\/2&Prime;][vc_column_text][\/vc_column_text][\/vc_column][\/vc_row][vc_row full_width=\u00a0\u00bbstretch_row\u00a0\u00bb][vc_column][vc_table vc_table_theme=\u00a0\u00bbclassic\u00a0\u00bb]Service,Email,T%C3%A9l%C3%A9phone,T%C3%A9l%C3%A9copie|Informations%20g%C3%A9n%C3%A9rales,service%40rechner-sensors.fr,0632%20036854,|Commandes,vente%40rechner-sensors.fr,0632%20036854,|Support,service%40rechner-sensors.fr,0632%20036854,|Webmaster,webmaster%40rechner-sensors.de,%2B49%206206%2050070,%2B49%206206%20500720|Hostmaster,hostmaster%40rechner-sensors.de,%2B49%206206%2050070,%2B49%206206%20500720[\/vc_table][\/vc_column][\/vc_row]<\/p>\n","protected":false},"author":1,"featured_media":0,"parent":51178,"menu_order":2,"comment_status":"closed","ping_status":"closed","template":"","meta":{"_acf_changed":false,"inline_featured_image":false,"footnotes":""},"class_list":["post-51272","page","type-page","status-publish","hentry","entry","post-inner"],"acf":[],"yoast_head":"<!-- This site is optimized with the Yoast SEO plugin v27.3 - https:\/\/yoast.com\/product\/yoast-seo-wordpress\/ -->\n<title>Rechner France - Rechner Sensors<\/title>\n<meta name=\"robots\" content=\"index, follow, max-snippet:-1, max-image-preview:large, max-video-preview:-1\" \/>\n<link rel=\"canonical\" href=\"https:\/\/www.rechner-sensors.com\/fr\/contact\/rechner-france\" \/>\n<meta property=\"og:locale\" content=\"fr_FR\" \/>\n<meta property=\"og:type\" content=\"article\" \/>\n<meta property=\"og:title\" content=\"Rechner France - Rechner Sensors\" \/>\n<meta property=\"og:description\" content=\"[vc_row full_width=\u00a0\u00bbstretch_row\u00a0\u00bb el_class=\u00a0\u00bblightgrey\u00a0\u00bb][vc_column width=\u00a0\u00bb1\/2&Prime;][vc_column_text] Adresse RECHNER SENSORS FRANCE BP 5 31290 Villefranche de Lauragais T\u00e9l\u00e9phone: 0632 036854 E-Mail: service@rechner-sensors.fr[\/vc_column_text][\/vc_column][vc_column width=\u00a0\u00bb1\/2&Prime;][vc_column_text][\/vc_column_text][\/vc_column][\/vc_row][vc_row full_width=\u00a0\u00bbstretch_row\u00a0\u00bb][vc_column][vc_table vc_table_theme=\u00a0\u00bbclassic\u00a0\u00bb]Service,Email,T%C3%A9l%C3%A9phone,T%C3%A9l%C3%A9copie|Informations%20g%C3%A9n%C3%A9rales,service%40rechner-sensors.fr,0632%20036854,|Commandes,vente%40rechner-sensors.fr,0632%20036854,|Support,service%40rechner-sensors.fr,0632%20036854,|Webmaster,webmaster%40rechner-sensors.de,%2B49%206206%2050070,%2B49%206206%20500720|Hostmaster,hostmaster%40rechner-sensors.de,%2B49%206206%2050070,%2B49%206206%20500720[\/vc_table][\/vc_column][\/vc_row]\" \/>\n<meta property=\"og:url\" content=\"https:\/\/www.rechner-sensors.com\/fr\/contact\/rechner-france\" \/>\n<meta property=\"og:site_name\" content=\"Rechner Sensors\" \/>\n<meta property=\"article:modified_time\" content=\"2025-04-22T10:34:44+00:00\" \/>\n<meta name=\"twitter:card\" content=\"summary_large_image\" \/>\n<meta name=\"twitter:label1\" content=\"Dur\u00e9e de lecture estim\u00e9e\" \/>\n\t<meta name=\"twitter:data1\" content=\"1 minute\" \/>\n<script type=\"application\/ld+json\" class=\"yoast-schema-graph\">{\"@context\":\"https:\\\/\\\/schema.org\",\"@graph\":[{\"@type\":\"WebPage\",\"@id\":\"https:\\\/\\\/www.rechner-sensors.com\\\/fr\\\/contact\\\/rechner-france\",\"url\":\"https:\\\/\\\/www.rechner-sensors.com\\\/fr\\\/contact\\\/rechner-france\",\"name\":\"Rechner France - Rechner Sensors\",\"isPartOf\":{\"@id\":\"https:\\\/\\\/www.rechner-sensors.com\\\/fr#website\"},\"datePublished\":\"2016-11-18T11:20:44+00:00\",\"dateModified\":\"2025-04-22T10:34:44+00:00\",\"breadcrumb\":{\"@id\":\"https:\\\/\\\/www.rechner-sensors.com\\\/fr\\\/contact\\\/rechner-france#breadcrumb\"},\"inLanguage\":\"fr-FR\",\"potentialAction\":[{\"@type\":\"ReadAction\",\"target\":[\"https:\\\/\\\/www.rechner-sensors.com\\\/fr\\\/contact\\\/rechner-france\"]}]},{\"@type\":\"BreadcrumbList\",\"@id\":\"https:\\\/\\\/www.rechner-sensors.com\\\/fr\\\/contact\\\/rechner-france#breadcrumb\",\"itemListElement\":[{\"@type\":\"ListItem\",\"position\":1,\"name\":\"Start\",\"item\":\"https:\\\/\\\/www.rechner-sensors.com\\\/fr\"},{\"@type\":\"ListItem\",\"position\":2,\"name\":\"Contact\",\"item\":\"https:\\\/\\\/www.rechner-sensors.com\\\/fr\\\/contact\"},{\"@type\":\"ListItem\",\"position\":3,\"name\":\"Rechner France\"}]},{\"@type\":\"WebSite\",\"@id\":\"https:\\\/\\\/www.rechner-sensors.com\\\/fr#website\",\"url\":\"https:\\\/\\\/www.rechner-sensors.com\\\/fr\",\"name\":\"Rechner Sensors\",\"description\":\"[:de]Marktf\u00fchrer in kapazitiver Sensortechnologie und Qualit\u00e4t.[:en]Capacitive Sensors \u2013 for more than 50 years our special field.[:fr]Les capteurs capacitifs \u2013 depuis plus de 50 ans notre c\u0153ur de m\u00e9tier.[:es]Sensores capacitivos - desde m\u00e1s de 50 a\u00f1os nuestro campo de especialidad.[:it]Sensores capacitivos - desde m\u00e1s de 50 a\u00f1os nuestro campo de especialidad.[:]\",\"potentialAction\":[{\"@type\":\"SearchAction\",\"target\":{\"@type\":\"EntryPoint\",\"urlTemplate\":\"https:\\\/\\\/www.rechner-sensors.com\\\/fr?s={search_term_string}\"},\"query-input\":{\"@type\":\"PropertyValueSpecification\",\"valueRequired\":true,\"valueName\":\"search_term_string\"}}],\"inLanguage\":\"fr-FR\"}]}<\/script>\n<!-- \/ Yoast SEO plugin. -->","yoast_head_json":{"title":"Rechner France - Rechner Sensors","robots":{"index":"index","follow":"follow","max-snippet":"max-snippet:-1","max-image-preview":"max-image-preview:large","max-video-preview":"max-video-preview:-1"},"canonical":"https:\/\/www.rechner-sensors.com\/fr\/contact\/rechner-france","og_locale":"fr_FR","og_type":"article","og_title":"Rechner France - Rechner Sensors","og_description":"[vc_row full_width=\u00a0\u00bbstretch_row\u00a0\u00bb el_class=\u00a0\u00bblightgrey\u00a0\u00bb][vc_column width=\u00a0\u00bb1\/2&Prime;][vc_column_text] Adresse RECHNER SENSORS FRANCE BP 5 31290 Villefranche de Lauragais T\u00e9l\u00e9phone: 0632 036854 E-Mail: service@rechner-sensors.fr[\/vc_column_text][\/vc_column][vc_column width=\u00a0\u00bb1\/2&Prime;][vc_column_text][\/vc_column_text][\/vc_column][\/vc_row][vc_row full_width=\u00a0\u00bbstretch_row\u00a0\u00bb][vc_column][vc_table vc_table_theme=\u00a0\u00bbclassic\u00a0\u00bb]Service,Email,T%C3%A9l%C3%A9phone,T%C3%A9l%C3%A9copie|Informations%20g%C3%A9n%C3%A9rales,service%40rechner-sensors.fr,0632%20036854,|Commandes,vente%40rechner-sensors.fr,0632%20036854,|Support,service%40rechner-sensors.fr,0632%20036854,|Webmaster,webmaster%40rechner-sensors.de,%2B49%206206%2050070,%2B49%206206%20500720|Hostmaster,hostmaster%40rechner-sensors.de,%2B49%206206%2050070,%2B49%206206%20500720[\/vc_table][\/vc_column][\/vc_row]","og_url":"https:\/\/www.rechner-sensors.com\/fr\/contact\/rechner-france","og_site_name":"Rechner Sensors","article_modified_time":"2025-04-22T10:34:44+00:00","twitter_card":"summary_large_image","twitter_misc":{"Dur\u00e9e de lecture estim\u00e9e":"1 minute"},"schema":{"@context":"https:\/\/schema.org","@graph":[{"@type":"WebPage","@id":"https:\/\/www.rechner-sensors.com\/fr\/contact\/rechner-france","url":"https:\/\/www.rechner-sensors.com\/fr\/contact\/rechner-france","name":"Rechner France - Rechner Sensors","isPartOf":{"@id":"https:\/\/www.rechner-sensors.com\/fr#website"},"datePublished":"2016-11-18T11:20:44+00:00","dateModified":"2025-04-22T10:34:44+00:00","breadcrumb":{"@id":"https:\/\/www.rechner-sensors.com\/fr\/contact\/rechner-france#breadcrumb"},"inLanguage":"fr-FR","potentialAction":[{"@type":"ReadAction","target":["https:\/\/www.rechner-sensors.com\/fr\/contact\/rechner-france"]}]},{"@type":"BreadcrumbList","@id":"https:\/\/www.rechner-sensors.com\/fr\/contact\/rechner-france#breadcrumb","itemListElement":[{"@type":"ListItem","position":1,"name":"Start","item":"https:\/\/www.rechner-sensors.com\/fr"},{"@type":"ListItem","position":2,"name":"Contact","item":"https:\/\/www.rechner-sensors.com\/fr\/contact"},{"@type":"ListItem","position":3,"name":"Rechner France"}]},{"@type":"WebSite","@id":"https:\/\/www.rechner-sensors.com\/fr#website","url":"https:\/\/www.rechner-sensors.com\/fr","name":"Rechner Sensors","description":"[:de]Marktf\u00fchrer in kapazitiver Sensortechnologie und Qualit\u00e4t.[:en]Capacitive Sensors \u2013 for more than 50 years our special field.[:fr]Les capteurs capacitifs \u2013 depuis plus de 50 ans notre c\u0153ur de m\u00e9tier.[:es]Sensores capacitivos - desde m\u00e1s de 50 a\u00f1os nuestro campo de especialidad.[:it]Sensores capacitivos - desde m\u00e1s de 50 a\u00f1os nuestro campo de especialidad.[:]","potentialAction":[{"@type":"SearchAction","target":{"@type":"EntryPoint","urlTemplate":"https:\/\/www.rechner-sensors.com\/fr?s={search_term_string}"},"query-input":{"@type":"PropertyValueSpecification","valueRequired":true,"valueName":"search_term_string"}}],"inLanguage":"fr-FR"}]}},"_links":{"self":[{"href":"https:\/\/www.rechner-sensors.com\/fr\/wp-json\/wp\/v2\/pages\/51272","targetHints":{"allow":["GET"]}}],"collection":[{"href":"https:\/\/www.rechner-sensors.com\/fr\/wp-json\/wp\/v2\/pages"}],"about":[{"href":"https:\/\/www.rechner-sensors.com\/fr\/wp-json\/wp\/v2\/types\/page"}],"author":[{"embeddable":true,"href":"https:\/\/www.rechner-sensors.com\/fr\/wp-json\/wp\/v2\/users\/1"}],"replies":[{"embeddable":true,"href":"https:\/\/www.rechner-sensors.com\/fr\/wp-json\/wp\/v2\/comments?post=51272"}],"version-history":[{"count":3,"href":"https:\/\/www.rechner-sensors.com\/fr\/wp-json\/wp\/v2\/pages\/51272\/revisions"}],"predecessor-version":[{"id":270626,"href":"https:\/\/www.rechner-sensors.com\/fr\/wp-json\/wp\/v2\/pages\/51272\/revisions\/270626"}],"up":[{"embeddable":true,"href":"https:\/\/www.rechner-sensors.com\/fr\/wp-json\/wp\/v2\/pages\/51178"}],"wp:attachment":[{"href":"https:\/\/www.rechner-sensors.com\/fr\/wp-json\/wp\/v2\/media?parent=51272"}],"curies":[{"name":"wp","href":"https:\/\/api.w.org\/{rel}","templated":true}]}}