{"id":51228,"date":"2016-07-15T13:14:58","date_gmt":"2016-07-15T11:14:58","guid":{"rendered":"https:\/\/wpml.rechner-sensors.com\/conditions-de-livraison"},"modified":"2026-02-06T11:25:16","modified_gmt":"2026-02-06T10:25:16","slug":"conditions-de-livraison","status":"publish","type":"page","link":"https:\/\/www.rechner-sensors.com\/fr\/documentations\/conditions-de-livraison","title":{"rendered":"Conditions de livraison"},"content":{"rendered":"<div class=\"wpb-content-wrapper\">[vc_row full_width=\u00a0\u00bbstretch_row\u00a0\u00bb el_class=\u00a0\u00bblightgrey\u00a0\u00bb][vc_column][vc_column_text]\n<h4 class=\"tw-data-text tw-text-large tw-ta\" data-placeholder=\"\u00dcbersetzung\" aria-label=\"\u00dcbersetzter Text\" data-ved=\"2ahUKEwiG-pLx3vWHAxXN_QIHHfUNBAQQ3ewLegQIFBAU\"><a href=\"https:\/\/www.rechner-sensors.com\/wp-content\/uploads\/2024\/06\/Allgemeine-Lieferbedingungen-GL_01_2022_EN-DE.pdf\"><span class=\"Y2IQFc\" lang=\"fr\">Conditions g\u00e9n\u00e9rales de livraison<\/span><\/a><\/h4>\n<p>&nbsp;<\/p>\n<h3>Livraison retour:<\/h3>\n<p><a href=\"https:\/\/www.rechner-sensors.com\/wp-content\/uploads\/2025\/09\/Ruecklieferungskonditionen-FR.pdf\">Conditions de retour<\/a><\/p>\n<p><a href=\"https:\/\/www.rechner-sensors.com\/wp-content\/uploads\/2026\/02\/RL-Dok-Dekontaminationserklaerung-EN-3.pdf\">Return Document &#8211; Decontamination Declaration<\/a>[\/vc_column_text][\/vc_column][\/vc_row]\n<\/div>","protected":false},"excerpt":{"rendered":"<p>[vc_row full_width=\u00a0\u00bbstretch_row\u00a0\u00bb el_class=\u00a0\u00bblightgrey\u00a0\u00bb][vc_column][vc_column_text] Conditions g\u00e9n\u00e9rales de livraison &nbsp; Livraison retour: Conditions de retour Return Document &#8211; Decontamination Declaration[\/vc_column_text][\/vc_column][\/vc_row]<\/p>\n","protected":false},"author":1,"featured_media":0,"parent":51173,"menu_order":7,"comment_status":"closed","ping_status":"closed","template":"","meta":{"_acf_changed":false,"inline_featured_image":false,"footnotes":""},"class_list":["post-51228","page","type-page","status-publish","hentry","entry","post-inner"],"acf":[],"yoast_head":"<!-- This site is optimized with the Yoast SEO plugin v27.3 - https:\/\/yoast.com\/product\/yoast-seo-wordpress\/ -->\n<title>Conditions de livraison de Rechner Sensors<\/title>\n<meta name=\"description\" content=\"D\u00e9couvrez-en davantage sur les termes de la livraison de Rechner sensors \u2713\" \/>\n<meta name=\"robots\" content=\"index, follow, max-snippet:-1, max-image-preview:large, max-video-preview:-1\" \/>\n<link rel=\"canonical\" href=\"https:\/\/www.rechner-sensors.com\/fr\/documentations\/conditions-de-livraison\" \/>\n<meta property=\"og:locale\" content=\"fr_FR\" \/>\n<meta property=\"og:type\" content=\"article\" \/>\n<meta property=\"og:title\" content=\"Conditions de livraison de Rechner Sensors\" \/>\n<meta property=\"og:description\" content=\"D\u00e9couvrez-en davantage sur les termes de la livraison de Rechner sensors \u2713\" \/>\n<meta property=\"og:url\" content=\"https:\/\/www.rechner-sensors.com\/fr\/documentations\/conditions-de-livraison\" \/>\n<meta property=\"og:site_name\" content=\"Rechner Sensors\" \/>\n<meta property=\"article:modified_time\" content=\"2026-02-06T10:25:16+00:00\" \/>\n<meta property=\"og:image\" content=\"https:\/\/www.rechner-sensors.com\/wp-content\/uploads\/2016\/07\/Lieferbedingung.jpg\" \/>\n\t<meta property=\"og:image:width\" content=\"2048\" \/>\n\t<meta property=\"og:image:height\" content=\"151\" \/>\n\t<meta property=\"og:image:type\" content=\"image\/jpeg\" \/>\n<meta name=\"twitter:card\" content=\"summary_large_image\" \/>\n<meta name=\"twitter:label1\" content=\"Dur\u00e9e de lecture estim\u00e9e\" \/>\n\t<meta name=\"twitter:data1\" content=\"1 minute\" \/>\n<script type=\"application\/ld+json\" class=\"yoast-schema-graph\">{\"@context\":\"https:\\\/\\\/schema.org\",\"@graph\":[{\"@type\":\"WebPage\",\"@id\":\"https:\\\/\\\/www.rechner-sensors.com\\\/fr\\\/documentations\\\/conditions-de-livraison\",\"url\":\"https:\\\/\\\/www.rechner-sensors.com\\\/fr\\\/documentations\\\/conditions-de-livraison\",\"name\":\"Conditions de livraison de Rechner Sensors\",\"isPartOf\":{\"@id\":\"https:\\\/\\\/www.rechner-sensors.com\\\/fr#website\"},\"datePublished\":\"2016-07-15T11:14:58+00:00\",\"dateModified\":\"2026-02-06T10:25:16+00:00\",\"description\":\"D\u00e9couvrez-en davantage sur les termes de la livraison de Rechner sensors \u2713\",\"breadcrumb\":{\"@id\":\"https:\\\/\\\/www.rechner-sensors.com\\\/fr\\\/documentations\\\/conditions-de-livraison#breadcrumb\"},\"inLanguage\":\"fr-FR\",\"potentialAction\":[{\"@type\":\"ReadAction\",\"target\":[\"https:\\\/\\\/www.rechner-sensors.com\\\/fr\\\/documentations\\\/conditions-de-livraison\"]}]},{\"@type\":\"BreadcrumbList\",\"@id\":\"https:\\\/\\\/www.rechner-sensors.com\\\/fr\\\/documentations\\\/conditions-de-livraison#breadcrumb\",\"itemListElement\":[{\"@type\":\"ListItem\",\"position\":1,\"name\":\"Start\",\"item\":\"https:\\\/\\\/www.rechner-sensors.com\\\/fr\"},{\"@type\":\"ListItem\",\"position\":2,\"name\":\"Documentations\",\"item\":\"https:\\\/\\\/www.rechner-sensors.com\\\/fr\\\/documentations\"},{\"@type\":\"ListItem\",\"position\":3,\"name\":\"Conditions de livraison\"}]},{\"@type\":\"WebSite\",\"@id\":\"https:\\\/\\\/www.rechner-sensors.com\\\/fr#website\",\"url\":\"https:\\\/\\\/www.rechner-sensors.com\\\/fr\",\"name\":\"Rechner Sensors\",\"description\":\"[:de]Marktf\u00fchrer in kapazitiver Sensortechnologie und Qualit\u00e4t.[:en]Capacitive Sensors \u2013 for more than 50 years our special field.[:fr]Les capteurs capacitifs \u2013 depuis plus de 50 ans notre c\u0153ur de m\u00e9tier.[:es]Sensores capacitivos - desde m\u00e1s de 50 a\u00f1os nuestro campo de especialidad.[:it]Sensores capacitivos - desde m\u00e1s de 50 a\u00f1os nuestro campo de especialidad.[:]\",\"potentialAction\":[{\"@type\":\"SearchAction\",\"target\":{\"@type\":\"EntryPoint\",\"urlTemplate\":\"https:\\\/\\\/www.rechner-sensors.com\\\/fr?s={search_term_string}\"},\"query-input\":{\"@type\":\"PropertyValueSpecification\",\"valueRequired\":true,\"valueName\":\"search_term_string\"}}],\"inLanguage\":\"fr-FR\"}]}<\/script>\n<!-- \/ Yoast SEO plugin. -->","yoast_head_json":{"title":"Conditions de livraison de Rechner Sensors","description":"D\u00e9couvrez-en davantage sur les termes de la livraison de Rechner sensors \u2713","robots":{"index":"index","follow":"follow","max-snippet":"max-snippet:-1","max-image-preview":"max-image-preview:large","max-video-preview":"max-video-preview:-1"},"canonical":"https:\/\/www.rechner-sensors.com\/fr\/documentations\/conditions-de-livraison","og_locale":"fr_FR","og_type":"article","og_title":"Conditions de livraison de Rechner Sensors","og_description":"D\u00e9couvrez-en davantage sur les termes de la livraison de Rechner sensors \u2713","og_url":"https:\/\/www.rechner-sensors.com\/fr\/documentations\/conditions-de-livraison","og_site_name":"Rechner Sensors","article_modified_time":"2026-02-06T10:25:16+00:00","og_image":[{"width":2048,"height":151,"url":"https:\/\/www.rechner-sensors.com\/wp-content\/uploads\/2016\/07\/Lieferbedingung.jpg","type":"image\/jpeg"}],"twitter_card":"summary_large_image","twitter_misc":{"Dur\u00e9e de lecture estim\u00e9e":"1 minute"},"schema":{"@context":"https:\/\/schema.org","@graph":[{"@type":"WebPage","@id":"https:\/\/www.rechner-sensors.com\/fr\/documentations\/conditions-de-livraison","url":"https:\/\/www.rechner-sensors.com\/fr\/documentations\/conditions-de-livraison","name":"Conditions de livraison de Rechner Sensors","isPartOf":{"@id":"https:\/\/www.rechner-sensors.com\/fr#website"},"datePublished":"2016-07-15T11:14:58+00:00","dateModified":"2026-02-06T10:25:16+00:00","description":"D\u00e9couvrez-en davantage sur les termes de la livraison de Rechner sensors \u2713","breadcrumb":{"@id":"https:\/\/www.rechner-sensors.com\/fr\/documentations\/conditions-de-livraison#breadcrumb"},"inLanguage":"fr-FR","potentialAction":[{"@type":"ReadAction","target":["https:\/\/www.rechner-sensors.com\/fr\/documentations\/conditions-de-livraison"]}]},{"@type":"BreadcrumbList","@id":"https:\/\/www.rechner-sensors.com\/fr\/documentations\/conditions-de-livraison#breadcrumb","itemListElement":[{"@type":"ListItem","position":1,"name":"Start","item":"https:\/\/www.rechner-sensors.com\/fr"},{"@type":"ListItem","position":2,"name":"Documentations","item":"https:\/\/www.rechner-sensors.com\/fr\/documentations"},{"@type":"ListItem","position":3,"name":"Conditions de livraison"}]},{"@type":"WebSite","@id":"https:\/\/www.rechner-sensors.com\/fr#website","url":"https:\/\/www.rechner-sensors.com\/fr","name":"Rechner Sensors","description":"[:de]Marktf\u00fchrer in kapazitiver Sensortechnologie und Qualit\u00e4t.[:en]Capacitive Sensors \u2013 for more than 50 years our special field.[:fr]Les capteurs capacitifs \u2013 depuis plus de 50 ans notre c\u0153ur de m\u00e9tier.[:es]Sensores capacitivos - desde m\u00e1s de 50 a\u00f1os nuestro campo de especialidad.[:it]Sensores capacitivos - desde m\u00e1s de 50 a\u00f1os nuestro campo de especialidad.[:]","potentialAction":[{"@type":"SearchAction","target":{"@type":"EntryPoint","urlTemplate":"https:\/\/www.rechner-sensors.com\/fr?s={search_term_string}"},"query-input":{"@type":"PropertyValueSpecification","valueRequired":true,"valueName":"search_term_string"}}],"inLanguage":"fr-FR"}]}},"_links":{"self":[{"href":"https:\/\/www.rechner-sensors.com\/fr\/wp-json\/wp\/v2\/pages\/51228","targetHints":{"allow":["GET"]}}],"collection":[{"href":"https:\/\/www.rechner-sensors.com\/fr\/wp-json\/wp\/v2\/pages"}],"about":[{"href":"https:\/\/www.rechner-sensors.com\/fr\/wp-json\/wp\/v2\/types\/page"}],"author":[{"embeddable":true,"href":"https:\/\/www.rechner-sensors.com\/fr\/wp-json\/wp\/v2\/users\/1"}],"replies":[{"embeddable":true,"href":"https:\/\/www.rechner-sensors.com\/fr\/wp-json\/wp\/v2\/comments?post=51228"}],"version-history":[{"count":7,"href":"https:\/\/www.rechner-sensors.com\/fr\/wp-json\/wp\/v2\/pages\/51228\/revisions"}],"predecessor-version":[{"id":271995,"href":"https:\/\/www.rechner-sensors.com\/fr\/wp-json\/wp\/v2\/pages\/51228\/revisions\/271995"}],"up":[{"embeddable":true,"href":"https:\/\/www.rechner-sensors.com\/fr\/wp-json\/wp\/v2\/pages\/51173"}],"wp:attachment":[{"href":"https:\/\/www.rechner-sensors.com\/fr\/wp-json\/wp\/v2\/media?parent=51228"}],"curies":[{"name":"wp","href":"https:\/\/api.w.org\/{rel}","templated":true}]}}