{"id":263444,"date":"2026-04-05T00:00:00","date_gmt":"2026-04-05T00:00:00","guid":{"rendered":""},"modified":"2026-04-05T19:33:25","modified_gmt":"2026-04-05T17:33:25","slug":"KA0094-es_ES","status":"publish","type":"product","link":"https:\/\/www.rechner-sensors.com\/es\/producto\/KA0094-es_ES","title":{"rendered":"KAS-40-35-N-M32-PTFE\/VAb-Z03-1-1G-1D"},"content":{"rendered":"","protected":false},"excerpt":{"rendered":"","protected":false},"featured_media":0,"template":"","meta":{"_acf_changed":false,"inline_featured_image":false},"product_brand":[],"product_cat":[3576],"product_tag":[],"class_list":{"0":"post-263444","1":"product","2":"type-product","3":"status-publish","5":"product_cat-capacitive_sensors_es_es","6":"entry","7":"post-inner","9":"first","10":"instock","11":"virtual","12":"product-type-simple"},"acf":{"datenblatt-de":null,"datenblatt-en":null,"datenblatt-fr":null,"datenblatt-es":null,"datenblatt-it":null,"pdf3d-file":null,"step-file":null,"kataloge-zuordnung":"","bedienungsanleitung-zuordnung-1":"79002137_BED_IAS-KAS-ATEX_E048X.pdf","bedienungsanleitung-zuordnung-2":"","zertifikate-zuordnung":"","zertifikat-1":"C-ATEX-E-048X-DE-EN.pdf","zertifikat-2":"C-IECEx BVS 07.0031X.pdf","zertifikat-3":"C-CCC-2020312315000408_IAS-KAS_NAMUR_Ex.pdf","zertifikat-4":"C-KCs certificate KAS-40 (RECHNER Korea).pdf","zertifikat-5":"","declaration_of_conformity_1":"C-EC-Declaration_of_conformity_NAMUR_ATEX.pdf","declaration_of_conformity_2":"","artikelzubehoer":"","auswerter":"","sonden":"","auftragssperre":"Ja","rabattstaffel":"RS1","warengruppe":"KATW","product_creation_date":"20151222"},"cp_meta_data":{"_wcml_average_rating":[null],"_wcml_review_count":[null],"_wcml_rating_count":[null],"Label-warengruppe":["Grupo de productos"],"warengruppe":["KATW"],"Label-zertifikat-1":["[certificate_1]"],"zertifikat-1":["C-ATEX-E-048X-DE-EN.pdf"],"Label-zertifikat-2":["[certificate_2]"],"zertifikat-2":["C-IECEx BVS 07.0031X.pdf"],"Label-zertifikat-3":["[certificate_3]"],"zertifikat-3":["C-CCC-2020312315000408_IAS-KAS_NAMUR_Ex.pdf"],"Label-zertifikat-4":["[certificate_4]"],"zertifikat-4":["C-KCs certificate KAS-40 (RECHNER Korea).pdf"],"Label-rabattstaffel":["Descuento"],"rabattstaffel":["RS1"],"Label-declaration_of_conformity_1":["[declaration_of_conformity_1]"],"declaration_of_conformity_1":["C-EC-Declaration_of_conformity_NAMUR_ATEX.pdf"],"Label-bedienungsanleitung-zuordnung-1":["[operation_manual_1]"],"bedienungsanleitung-zuordnung-1":["79002137_BED_IAS-KAS-ATEX_E048X.pdf"],"_sku":["KA0094"],"_stock":["10"],"_manage_stock":["1"],"_regular_price":["298.80"],"_price":["298.80"],"_featured":["no"],"_virtual":["yes"],"_stock_status":["instock"],"_thumbnail_id":[""],"_product_image_gallery":[""],"total_sales":["0"],"_tax_status":["taxable"],"_tax_class":[""],"_backorders":["no"],"_sold_individually":["no"],"_downloadable":["no"],"_download_limit":["-1"],"_download_expiry":["-1"],"_wc_average_rating":[0],"_wc_review_count":["0"],"_product_version":["10.3.8"],"_product_attributes":["a:17:{s:7:\"pa_atex\";a:6:{s:4:\"name\";s:7:\"pa_atex\";s:5:\"value\";s:0:\"\";s:8:\"position\";i:0;s:10:\"is_visible\";i:0;s:12:\"is_variation\";i:0;s:11:\"is_taxonomy\";i:1;}s:13:\"pa_connection\";a:6:{s:4:\"name\";s:13:\"pa_connection\";s:5:\"value\";s:0:\"\";s:8:\"position\";i:1;s:10:\"is_visible\";i:0;s:12:\"is_variation\";i:0;s:11:\"is_taxonomy\";i:1;}s:14:\"pa_led_display\";a:6:{s:4:\"name\";s:14:\"pa_led_display\";s:5:\"value\";s:0:\"\";s:8:\"position\";i:2;s:10:\"is_visible\";i:0;s:12:\"is_variation\";i:0;s:11:\"is_taxonomy\";i:1;}s:15:\"pa_cable_length\";a:6:{s:4:\"name\";s:15:\"pa_cable_length\";s:5:\"value\";s:0:\"\";s:8:\"position\";i:3;s:10:\"is_visible\";i:0;s:12:\"is_variation\";i:0;s:11:\"is_taxonomy\";i:1;}s:15:\"pa_voltage_type\";a:6:{s:4:\"name\";s:15:\"pa_voltage_type\";s:5:\"value\";s:0:\"\";s:8:\"position\";i:4;s:10:\"is_visible\";i:0;s:12:\"is_variation\";i:0;s:11:\"is_taxonomy\";i:1;}s:18:\"pa_output_function\";a:6:{s:4:\"name\";s:18:\"pa_output_function\";s:5:\"value\";s:0:\"\";s:8:\"position\";i:5;s:10:\"is_visible\";i:0;s:12:\"is_variation\";i:0;s:11:\"is_taxonomy\";i:1;}s:19:\"pa_housing_material\";a:6:{s:4:\"name\";s:19:\"pa_housing_material\";s:5:\"value\";s:0:\"\";s:8:\"position\";i:6;s:10:\"is_visible\";i:0;s:12:\"is_variation\";i:0;s:11:\"is_taxonomy\";i:1;}s:20:\"pa_atex_approval_gas\";a:6:{s:4:\"name\";s:20:\"pa_atex_approval_gas\";s:5:\"value\";s:0:\"\";s:8:\"position\";i:7;s:10:\"is_visible\";i:0;s:12:\"is_variation\";i:0;s:11:\"is_taxonomy\";i:1;}s:20:\"pa_perm_amb_temp_max\";a:6:{s:4:\"name\";s:20:\"pa_perm_amb_temp_max\";s:5:\"value\";s:0:\"\";s:8:\"position\";i:8;s:10:\"is_visible\";i:0;s:12:\"is_variation\";i:0;s:11:\"is_taxonomy\";i:1;}s:21:\"pa_atex_approval_dust\";a:6:{s:4:\"name\";s:21:\"pa_atex_approval_dust\";s:5:\"value\";s:0:\"\";s:8:\"position\";i:9;s:10:\"is_visible\";i:0;s:12:\"is_variation\";i:0;s:11:\"is_taxonomy\";i:1;}s:21:\"pa_switch_distance_sn\";a:6:{s:4:\"name\";s:21:\"pa_switch_distance_sn\";s:5:\"value\";s:0:\"\";s:8:\"position\";i:10;s:10:\"is_visible\";i:0;s:12:\"is_variation\";i:0;s:11:\"is_taxonomy\";i:1;}s:22:\"pa_housing_material_az\";a:6:{s:4:\"name\";s:22:\"pa_housing_material_az\";s:5:\"value\";s:0:\"\";s:8:\"position\";i:11;s:10:\"is_visible\";i:0;s:12:\"is_variation\";i:0;s:11:\"is_taxonomy\";i:1;}s:22:\"pa_preecess_connection\";a:6:{s:4:\"name\";s:22:\"pa_preecess_connection\";s:5:\"value\";s:0:\"\";s:8:\"position\";i:12;s:10:\"is_visible\";i:0;s:12:\"is_variation\";i:0;s:11:\"is_taxonomy\";i:1;}s:23:\"pa_type_of_installation\";a:6:{s:4:\"name\";s:23:\"pa_type_of_installation\";s:5:\"value\";s:0:\"\";s:8:\"position\";i:13;s:10:\"is_visible\";i:0;s:12:\"is_variation\";i:0;s:11:\"is_taxonomy\";i:1;}s:26:\"pa_atex_product_ident_dust\";a:6:{s:4:\"name\";s:26:\"pa_atex_product_ident_dust\";s:5:\"value\";s:0:\"\";s:8:\"position\";i:14;s:10:\"is_visible\";i:0;s:12:\"is_variation\";i:0;s:11:\"is_taxonomy\";i:1;}s:7:\"pa_zone\";a:6:{s:4:\"name\";s:7:\"pa_zone\";s:5:\"value\";s:0:\"\";s:8:\"position\";i:15;s:10:\"is_visible\";i:0;s:12:\"is_variation\";i:0;s:11:\"is_taxonomy\";i:1;}s:16:\"pa_output_signal\";a:6:{s:4:\"name\";s:16:\"pa_output_signal\";s:5:\"value\";s:0:\"\";s:8:\"position\";i:16;s:10:\"is_visible\";i:0;s:12:\"is_variation\";i:0;s:11:\"is_taxonomy\";i:1;}}"],"Label-product_creation_date":["[product_creation_date]"],"product_creation_date":["20151222"],"_wc_rating_count":[""]},"yoast_head":"<!-- This site is optimized with the Yoast SEO plugin v27.3 - https:\/\/yoast.com\/product\/yoast-seo-wordpress\/ -->\n<title>KAS-40-35-N-M32-PTFE\/VAb-Z03-1-1G-1D - Rechner Sensors<\/title>\n<meta name=\"robots\" content=\"index, follow, max-snippet:-1, max-image-preview:large, max-video-preview:-1\" \/>\n<link rel=\"canonical\" href=\"https:\/\/www.rechner-sensors.com\/es\/producto\/KA0094-es_ES\" \/>\n<meta property=\"og:locale\" content=\"es_ES\" \/>\n<meta property=\"og:type\" content=\"article\" \/>\n<meta property=\"og:title\" content=\"KAS-40-35-N-M32-PTFE\/VAb-Z03-1-1G-1D - Rechner Sensors\" \/>\n<meta property=\"og:url\" content=\"https:\/\/www.rechner-sensors.com\/es\/producto\/KA0094-es_ES\" \/>\n<meta property=\"og:site_name\" content=\"Rechner Sensors\" \/>\n<meta property=\"article:modified_time\" content=\"2026-04-05T17:33:25+00:00\" \/>\n<meta name=\"twitter:card\" content=\"summary_large_image\" \/>\n<script type=\"application\/ld+json\" class=\"yoast-schema-graph\">{\"@context\":\"https:\\\/\\\/schema.org\",\"@graph\":[{\"@type\":\"WebPage\",\"@id\":\"https:\\\/\\\/www.rechner-sensors.com\\\/es\\\/producto\\\/KA0094-es_ES\",\"url\":\"https:\\\/\\\/www.rechner-sensors.com\\\/es\\\/producto\\\/KA0094-es_ES\",\"name\":\"KAS-40-35-N-M32-PTFE\\\/VAb-Z03-1-1G-1D - Rechner Sensors\",\"isPartOf\":{\"@id\":\"https:\\\/\\\/www.rechner-sensors.com\\\/es#website\"},\"datePublished\":\"2026-04-05T00:00:00+00:00\",\"dateModified\":\"2026-04-05T17:33:25+00:00\",\"breadcrumb\":{\"@id\":\"https:\\\/\\\/www.rechner-sensors.com\\\/es\\\/producto\\\/KA0094-es_ES#breadcrumb\"},\"inLanguage\":\"es\",\"potentialAction\":[{\"@type\":\"ReadAction\",\"target\":[\"https:\\\/\\\/www.rechner-sensors.com\\\/es\\\/producto\\\/KA0094-es_ES\"]}]},{\"@type\":\"BreadcrumbList\",\"@id\":\"https:\\\/\\\/www.rechner-sensors.com\\\/es\\\/producto\\\/KA0094-es_ES#breadcrumb\",\"itemListElement\":[{\"@type\":\"ListItem\",\"position\":1,\"name\":\"Start\",\"item\":\"https:\\\/\\\/www.rechner-sensors.com\\\/es\"},{\"@type\":\"ListItem\",\"position\":2,\"name\":\"Comercio\",\"item\":\"https:\\\/\\\/www.rechner-sensors.com\\\/es\\\/comercio\"},{\"@type\":\"ListItem\",\"position\":3,\"name\":\"KAS-40-35-N-M32-PTFE\\\/VAb-Z03-1-1G-1D, ATEX\"}]},{\"@type\":\"WebSite\",\"@id\":\"https:\\\/\\\/www.rechner-sensors.com\\\/es#website\",\"url\":\"https:\\\/\\\/www.rechner-sensors.com\\\/es\",\"name\":\"Rechner Sensors\",\"description\":\"[:de]Marktf\u00fchrer in kapazitiver Sensortechnologie und Qualit\u00e4t.[:en]Capacitive Sensors \u2013 for more than 50 years our special field.[:fr]Les capteurs capacitifs \u2013 depuis plus de 50 ans notre c\u0153ur de m\u00e9tier.[:es]Sensores capacitivos - desde m\u00e1s de 50 a\u00f1os nuestro campo de especialidad.[:it]Sensores capacitivos - desde m\u00e1s de 50 a\u00f1os nuestro campo de especialidad.[:]\",\"potentialAction\":[{\"@type\":\"SearchAction\",\"target\":{\"@type\":\"EntryPoint\",\"urlTemplate\":\"https:\\\/\\\/www.rechner-sensors.com\\\/es?s={search_term_string}\"},\"query-input\":{\"@type\":\"PropertyValueSpecification\",\"valueRequired\":true,\"valueName\":\"search_term_string\"}}],\"inLanguage\":\"es\"}]}<\/script>\n<!-- \/ Yoast SEO plugin. -->","yoast_head_json":{"title":"KAS-40-35-N-M32-PTFE\/VAb-Z03-1-1G-1D - Rechner Sensors","robots":{"index":"index","follow":"follow","max-snippet":"max-snippet:-1","max-image-preview":"max-image-preview:large","max-video-preview":"max-video-preview:-1"},"canonical":"https:\/\/www.rechner-sensors.com\/es\/producto\/KA0094-es_ES","og_locale":"es_ES","og_type":"article","og_title":"KAS-40-35-N-M32-PTFE\/VAb-Z03-1-1G-1D - Rechner Sensors","og_url":"https:\/\/www.rechner-sensors.com\/es\/producto\/KA0094-es_ES","og_site_name":"Rechner Sensors","article_modified_time":"2026-04-05T17:33:25+00:00","twitter_card":"summary_large_image","schema":{"@context":"https:\/\/schema.org","@graph":[{"@type":"WebPage","@id":"https:\/\/www.rechner-sensors.com\/es\/producto\/KA0094-es_ES","url":"https:\/\/www.rechner-sensors.com\/es\/producto\/KA0094-es_ES","name":"KAS-40-35-N-M32-PTFE\/VAb-Z03-1-1G-1D - Rechner Sensors","isPartOf":{"@id":"https:\/\/www.rechner-sensors.com\/es#website"},"datePublished":"2026-04-05T00:00:00+00:00","dateModified":"2026-04-05T17:33:25+00:00","breadcrumb":{"@id":"https:\/\/www.rechner-sensors.com\/es\/producto\/KA0094-es_ES#breadcrumb"},"inLanguage":"es","potentialAction":[{"@type":"ReadAction","target":["https:\/\/www.rechner-sensors.com\/es\/producto\/KA0094-es_ES"]}]},{"@type":"BreadcrumbList","@id":"https:\/\/www.rechner-sensors.com\/es\/producto\/KA0094-es_ES#breadcrumb","itemListElement":[{"@type":"ListItem","position":1,"name":"Start","item":"https:\/\/www.rechner-sensors.com\/es"},{"@type":"ListItem","position":2,"name":"Comercio","item":"https:\/\/www.rechner-sensors.com\/es\/comercio"},{"@type":"ListItem","position":3,"name":"KAS-40-35-N-M32-PTFE\/VAb-Z03-1-1G-1D, ATEX"}]},{"@type":"WebSite","@id":"https:\/\/www.rechner-sensors.com\/es#website","url":"https:\/\/www.rechner-sensors.com\/es","name":"Rechner Sensors","description":"[:de]Marktf\u00fchrer in kapazitiver Sensortechnologie und Qualit\u00e4t.[:en]Capacitive Sensors \u2013 for more than 50 years our special field.[:fr]Les capteurs capacitifs \u2013 depuis plus de 50 ans notre c\u0153ur de m\u00e9tier.[:es]Sensores capacitivos - desde m\u00e1s de 50 a\u00f1os nuestro campo de especialidad.[:it]Sensores capacitivos - desde m\u00e1s de 50 a\u00f1os nuestro campo de especialidad.[:]","potentialAction":[{"@type":"SearchAction","target":{"@type":"EntryPoint","urlTemplate":"https:\/\/www.rechner-sensors.com\/es?s={search_term_string}"},"query-input":{"@type":"PropertyValueSpecification","valueRequired":true,"valueName":"search_term_string"}}],"inLanguage":"es"}]}},"_links":{"self":[{"href":"https:\/\/www.rechner-sensors.com\/es\/wp-json\/wp\/v2\/product\/263444","targetHints":{"allow":["GET"]}}],"collection":[{"href":"https:\/\/www.rechner-sensors.com\/es\/wp-json\/wp\/v2\/product"}],"about":[{"href":"https:\/\/www.rechner-sensors.com\/es\/wp-json\/wp\/v2\/types\/product"}],"wp:attachment":[{"href":"https:\/\/www.rechner-sensors.com\/es\/wp-json\/wp\/v2\/media?parent=263444"}],"wp:term":[{"taxonomy":"product_brand","embeddable":true,"href":"https:\/\/www.rechner-sensors.com\/es\/wp-json\/wp\/v2\/product_brand?post=263444"},{"taxonomy":"product_cat","embeddable":true,"href":"https:\/\/www.rechner-sensors.com\/es\/wp-json\/wp\/v2\/product_cat?post=263444"},{"taxonomy":"product_tag","embeddable":true,"href":"https:\/\/www.rechner-sensors.com\/es\/wp-json\/wp\/v2\/product_tag?post=263444"}],"curies":[{"name":"wp","href":"https:\/\/api.w.org\/{rel}","templated":true}]}}