{"id":52520,"date":"2017-01-04T10:11:03","date_gmt":"2017-01-04T09:11:03","guid":{"rendered":"https:\/\/wpml.rechner-sensors.com\/applications"},"modified":"2021-02-24T11:12:32","modified_gmt":"2021-02-24T10:12:32","slug":"applications","status":"publish","type":"page","link":"https:\/\/www.rechner-sensors.com\/es\/productos\/applications","title":{"rendered":"Applications"},"content":{"rendered":"<div class=\"wpb-content-wrapper\">[vc_row][vc_column][vc_column_text]\n<h3>Aplicaciones t\u00edpicas de los sensores capacitivos (KAS)<\/h3>\n<p>Detecci\u00f3n de nivel de l\u00edquidos, polvos, alimentos y sustancias qu\u00edmicas.[\/vc_column_text][vc_images_carousel images=\u00bb33537,33535,33536,33551,33584&#8243; img_size=\u00bbmedium\u00bb autoplay=\u00bbyes\u00bb wrap=\u00bbyes\u00bb][vc_column_text]Conteo de objetos, presencia de objetos.[\/vc_column_text][vc_images_carousel images=\u00bb33534,33542&#8243; img_size=\u00bbmedium\u00bb autoplay=\u00bbyes\u00bb wrap=\u00bbyes\u00bb][vc_column_text]\n<div class=\"wpb_text_column wpb_content_element \">\n<div class=\"wpb_wrapper\">\n<h3><strong>Aplicaciones t\u00edpicas en \u00e1reas ATEX<\/strong><\/h3>\n<p>Zonas gas y polvo (zona 0 \/ zona 20)<\/p>\n<\/div>\n<\/div>\n[\/vc_column_text][vc_images_carousel images=\u00bb33544,33545,33546,33547&#8243; img_size=\u00bbmedium\u00bb autoplay=\u00bbyes\u00bb wrap=\u00bbyes\u00bb][vc_column_text]\n<h3>Aplicaciones t\u00edpicas de sondas capacitivas de nivel de relleno (KFS \/ KFA \/ KFX)<\/h3>\n<p>Control de nivel de materiales diferentes. especialmente materiales con constante diel\u00e9ctrica muy baja, densidad muy baja de productos muy pegajosos.[\/vc_column_text][vc_images_carousel images=\u00bb33528,33529,33531,33530&#8243; img_size=\u00bbmedium\u00bb autoplay=\u00bbyes\u00bb wrap=\u00bbyes\u00bb][vc_column_text]\n<h3>Aplicaciones t\u00edpicas para sensores con distancia de detecci\u00f3n muy larga (KXS)<\/h3>\n<p>Protecci\u00f3n de desbordamiento y control de nivel de llenado de material con constante diel\u00e9ctrica baja o baja densidad.[\/vc_column_text][vc_single_image image=\u00bb32823&#8243; img_size=\u00bbfull\u00bb][vc_column_text]Detecci\u00f3n y cuenteo, aplicaciones de distancia muy larga.[\/vc_column_text][vc_single_image image=\u00bb32824&#8243; img_size=\u00bbfull\u00bb][vc_column_text]\n<h3>Aplicaciones t\u00edpicas de los sensores inductivos<\/h3>\n<p>Detecci\u00f3n de posici\u00f3n de un objeto, conteo de recipientes y detecci\u00f3n de algunas partes met\u00e1licas.[\/vc_column_text][vc_single_image image=\u00bb32819&#8243; img_size=\u00bbfull\u00bb][vc_column_text]Detecci\u00f3n de nivel y control de movimiento indirecto, control de velocidad.[\/vc_column_text][vc_images_carousel images=\u00bb33535,33490,33486&#8243; img_size=\u00bbmedium\u00bb autoplay=\u00bbyes\u00bb wrap=\u00bbyes\u00bb][vc_column_text]\n<h3>Aplicaciones t\u00edpicas de sensores magneto-resistivos (MRS)<\/h3>\n<p>Control de rotaci\u00f3n y de velocidad de ruedas dentadas.[\/vc_column_text][vc_images_carousel images=\u00bb33739,33738,33737,33553&#8243; img_size=\u00bbmedium\u00bb autoplay=\u00bbyes\u00bb wrap=\u00bbyes\u00bb][\/vc_column][\/vc_row]\n<\/div>","protected":false},"excerpt":{"rendered":"<p>[vc_row][vc_column][vc_column_text] Aplicaciones t\u00edpicas de los sensores capacitivos (KAS) Detecci\u00f3n de nivel de l\u00edquidos, polvos, alimentos y sustancias qu\u00edmicas.[\/vc_column_text][vc_images_carousel images=\u00bb33537,33535,33536,33551,33584&#8243; img_size=\u00bbmedium\u00bb autoplay=\u00bbyes\u00bb wrap=\u00bbyes\u00bb][vc_column_text]Conteo de objetos, presencia de objetos.[\/vc_column_text][vc_images_carousel images=\u00bb33534,33542&#8243; img_size=\u00bbmedium\u00bb autoplay=\u00bbyes\u00bb wrap=\u00bbyes\u00bb][vc_column_text] Aplicaciones t\u00edpicas en \u00e1reas ATEX Zonas gas y polvo (zona 0 \/ zona 20) [\/vc_column_text][vc_images_carousel images=\u00bb33544,33545,33546,33547&#8243; img_size=\u00bbmedium\u00bb autoplay=\u00bbyes\u00bb wrap=\u00bbyes\u00bb][vc_column_text] Aplicaciones t\u00edpicas de sondas capacitivas de nivel de relleno (KFS \/ KFA \/ KFX) Control de nivel de materiales diferentes. especialmente materiales con constante diel\u00e9ctrica muy baja, densidad muy baja de productos muy pegajosos.[\/vc_column_text][vc_images_carousel images=\u00bb33528,33529,33531,33530&#8243; img_size=\u00bbmedium\u00bb autoplay=\u00bbyes\u00bb wrap=\u00bbyes\u00bb][vc_column_text] Aplicaciones t\u00edpicas para sensores con distancia de detecci\u00f3n muy larga (KXS) Protecci\u00f3n de desbordamiento y control de nivel de llenado de material con constante diel\u00e9ctrica baja o baja densidad.[\/vc_column_text][vc_single_image image=\u00bb32823&#8243; img_size=\u00bbfull\u00bb][vc_column_text]Detecci\u00f3n y cuenteo, aplicaciones de distancia muy larga.[\/vc_column_text][vc_single_image image=\u00bb32824&#8243; img_size=\u00bbfull\u00bb][vc_column_text] Aplicaciones t\u00edpicas de los sensores inductivos Detecci\u00f3n de posici\u00f3n de un objeto, conteo de recipientes y detecci\u00f3n de algunas partes met\u00e1licas.[\/vc_column_text][vc_single_image image=\u00bb32819&#8243; img_size=\u00bbfull\u00bb][vc_column_text]Detecci\u00f3n de nivel y control de movimiento indirecto, control de velocidad.[\/vc_column_text][vc_images_carousel images=\u00bb33535,33490,33486&#8243; img_size=\u00bbmedium\u00bb autoplay=\u00bbyes\u00bb wrap=\u00bbyes\u00bb][vc_column_text] Aplicaciones t\u00edpicas de sensores magneto-resistivos (MRS) Control de rotaci\u00f3n y de velocidad de ruedas dentadas.[\/vc_column_text][vc_images_carousel images=\u00bb33739,33738,33737,33553&#8243; img_size=\u00bbmedium\u00bb autoplay=\u00bbyes\u00bb wrap=\u00bbyes\u00bb][\/vc_column][\/vc_row]<\/p>\n","protected":false},"author":1,"featured_media":91434,"parent":51169,"menu_order":0,"comment_status":"closed","ping_status":"closed","template":"","meta":{"_acf_changed":false,"inline_featured_image":false,"footnotes":""},"class_list":["post-52520","page","type-page","status-publish","has-post-thumbnail","hentry","entry","post-inner"],"acf":[],"yoast_head":"<!-- This site is optimized with the Yoast SEO plugin v27.3 - https:\/\/yoast.com\/product\/yoast-seo-wordpress\/ -->\n<title>Uso de sensores capacitivos de Rechner Sensors<\/title>\n<meta name=\"description\" content=\"Usos t\u00edpicos de sensores capacitivos (KAS) \u2713 Usos t\u00edpicos en el \u00e1rea ATEX \u2713 \u00a1Descubra m\u00e1s!\" \/>\n<meta name=\"robots\" content=\"index, follow, max-snippet:-1, max-image-preview:large, max-video-preview:-1\" \/>\n<link rel=\"canonical\" href=\"https:\/\/www.rechner-sensors.com\/es\/productos\/applications\" \/>\n<meta property=\"og:locale\" content=\"es_ES\" \/>\n<meta property=\"og:type\" content=\"article\" \/>\n<meta property=\"og:title\" content=\"Uso de sensores capacitivos de Rechner Sensors\" \/>\n<meta property=\"og:description\" content=\"Usos t\u00edpicos de sensores capacitivos (KAS) \u2713 Usos t\u00edpicos en el \u00e1rea ATEX \u2713 \u00a1Descubra m\u00e1s!\" \/>\n<meta property=\"og:url\" content=\"https:\/\/www.rechner-sensors.com\/es\/productos\/applications\" \/>\n<meta property=\"og:site_name\" content=\"Rechner Sensors\" \/>\n<meta property=\"article:modified_time\" content=\"2021-02-24T10:12:32+00:00\" \/>\n<meta property=\"og:image\" content=\"https:\/\/www.rechner-sensors.com\/wp-content\/uploads\/2016\/11\/water_drops_products_bg.jpg\" \/>\n\t<meta property=\"og:image:width\" content=\"2010\" \/>\n\t<meta property=\"og:image:height\" content=\"148\" \/>\n\t<meta property=\"og:image:type\" content=\"image\/jpeg\" \/>\n<meta name=\"twitter:card\" content=\"summary_large_image\" \/>\n<meta name=\"twitter:label1\" content=\"Tiempo de lectura\" \/>\n\t<meta name=\"twitter:data1\" content=\"2 minutos\" \/>\n<script type=\"application\/ld+json\" class=\"yoast-schema-graph\">{\"@context\":\"https:\\\/\\\/schema.org\",\"@graph\":[{\"@type\":\"WebPage\",\"@id\":\"https:\\\/\\\/www.rechner-sensors.com\\\/es\\\/productos\\\/applications\",\"url\":\"https:\\\/\\\/www.rechner-sensors.com\\\/es\\\/productos\\\/applications\",\"name\":\"Uso de sensores capacitivos de Rechner Sensors\",\"isPartOf\":{\"@id\":\"https:\\\/\\\/www.rechner-sensors.com\\\/es#website\"},\"primaryImageOfPage\":{\"@id\":\"https:\\\/\\\/www.rechner-sensors.com\\\/es\\\/productos\\\/applications#primaryimage\"},\"image\":{\"@id\":\"https:\\\/\\\/www.rechner-sensors.com\\\/es\\\/productos\\\/applications#primaryimage\"},\"thumbnailUrl\":\"https:\\\/\\\/www.rechner-sensors.com\\\/wp-content\\\/uploads\\\/2016\\\/11\\\/water_drops_products_bg.jpg\",\"datePublished\":\"2017-01-04T09:11:03+00:00\",\"dateModified\":\"2021-02-24T10:12:32+00:00\",\"description\":\"Usos t\u00edpicos de sensores capacitivos (KAS) \u2713 Usos t\u00edpicos en el \u00e1rea ATEX \u2713 \u00a1Descubra m\u00e1s!\",\"breadcrumb\":{\"@id\":\"https:\\\/\\\/www.rechner-sensors.com\\\/es\\\/productos\\\/applications#breadcrumb\"},\"inLanguage\":\"es\",\"potentialAction\":[{\"@type\":\"ReadAction\",\"target\":[\"https:\\\/\\\/www.rechner-sensors.com\\\/es\\\/productos\\\/applications\"]}]},{\"@type\":\"ImageObject\",\"inLanguage\":\"es\",\"@id\":\"https:\\\/\\\/www.rechner-sensors.com\\\/es\\\/productos\\\/applications#primaryimage\",\"url\":\"https:\\\/\\\/www.rechner-sensors.com\\\/wp-content\\\/uploads\\\/2016\\\/11\\\/water_drops_products_bg.jpg\",\"contentUrl\":\"https:\\\/\\\/www.rechner-sensors.com\\\/wp-content\\\/uploads\\\/2016\\\/11\\\/water_drops_products_bg.jpg\",\"width\":2010,\"height\":148},{\"@type\":\"BreadcrumbList\",\"@id\":\"https:\\\/\\\/www.rechner-sensors.com\\\/es\\\/productos\\\/applications#breadcrumb\",\"itemListElement\":[{\"@type\":\"ListItem\",\"position\":1,\"name\":\"Start\",\"item\":\"https:\\\/\\\/www.rechner-sensors.com\\\/es\"},{\"@type\":\"ListItem\",\"position\":2,\"name\":\"Productos\",\"item\":\"https:\\\/\\\/www.rechner-sensors.com\\\/es\\\/productos\"},{\"@type\":\"ListItem\",\"position\":3,\"name\":\"Applications\"}]},{\"@type\":\"WebSite\",\"@id\":\"https:\\\/\\\/www.rechner-sensors.com\\\/es#website\",\"url\":\"https:\\\/\\\/www.rechner-sensors.com\\\/es\",\"name\":\"Rechner Sensors\",\"description\":\"[:de]Marktf\u00fchrer in kapazitiver Sensortechnologie und Qualit\u00e4t.[:en]Capacitive Sensors \u2013 for more than 50 years our special field.[:fr]Les capteurs capacitifs \u2013 depuis plus de 50 ans notre c\u0153ur de m\u00e9tier.[:es]Sensores capacitivos - desde m\u00e1s de 50 a\u00f1os nuestro campo de especialidad.[:it]Sensores capacitivos - desde m\u00e1s de 50 a\u00f1os nuestro campo de especialidad.[:]\",\"potentialAction\":[{\"@type\":\"SearchAction\",\"target\":{\"@type\":\"EntryPoint\",\"urlTemplate\":\"https:\\\/\\\/www.rechner-sensors.com\\\/es?s={search_term_string}\"},\"query-input\":{\"@type\":\"PropertyValueSpecification\",\"valueRequired\":true,\"valueName\":\"search_term_string\"}}],\"inLanguage\":\"es\"}]}<\/script>\n<!-- \/ Yoast SEO plugin. -->","yoast_head_json":{"title":"Uso de sensores capacitivos de Rechner Sensors","description":"Usos t\u00edpicos de sensores capacitivos (KAS) \u2713 Usos t\u00edpicos en el \u00e1rea ATEX \u2713 \u00a1Descubra m\u00e1s!","robots":{"index":"index","follow":"follow","max-snippet":"max-snippet:-1","max-image-preview":"max-image-preview:large","max-video-preview":"max-video-preview:-1"},"canonical":"https:\/\/www.rechner-sensors.com\/es\/productos\/applications","og_locale":"es_ES","og_type":"article","og_title":"Uso de sensores capacitivos de Rechner Sensors","og_description":"Usos t\u00edpicos de sensores capacitivos (KAS) \u2713 Usos t\u00edpicos en el \u00e1rea ATEX \u2713 \u00a1Descubra m\u00e1s!","og_url":"https:\/\/www.rechner-sensors.com\/es\/productos\/applications","og_site_name":"Rechner Sensors","article_modified_time":"2021-02-24T10:12:32+00:00","og_image":[{"width":2010,"height":148,"url":"https:\/\/www.rechner-sensors.com\/wp-content\/uploads\/2016\/11\/water_drops_products_bg.jpg","type":"image\/jpeg"}],"twitter_card":"summary_large_image","twitter_misc":{"Tiempo de lectura":"2 minutos"},"schema":{"@context":"https:\/\/schema.org","@graph":[{"@type":"WebPage","@id":"https:\/\/www.rechner-sensors.com\/es\/productos\/applications","url":"https:\/\/www.rechner-sensors.com\/es\/productos\/applications","name":"Uso de sensores capacitivos de Rechner Sensors","isPartOf":{"@id":"https:\/\/www.rechner-sensors.com\/es#website"},"primaryImageOfPage":{"@id":"https:\/\/www.rechner-sensors.com\/es\/productos\/applications#primaryimage"},"image":{"@id":"https:\/\/www.rechner-sensors.com\/es\/productos\/applications#primaryimage"},"thumbnailUrl":"https:\/\/www.rechner-sensors.com\/wp-content\/uploads\/2016\/11\/water_drops_products_bg.jpg","datePublished":"2017-01-04T09:11:03+00:00","dateModified":"2021-02-24T10:12:32+00:00","description":"Usos t\u00edpicos de sensores capacitivos (KAS) \u2713 Usos t\u00edpicos en el \u00e1rea ATEX \u2713 \u00a1Descubra m\u00e1s!","breadcrumb":{"@id":"https:\/\/www.rechner-sensors.com\/es\/productos\/applications#breadcrumb"},"inLanguage":"es","potentialAction":[{"@type":"ReadAction","target":["https:\/\/www.rechner-sensors.com\/es\/productos\/applications"]}]},{"@type":"ImageObject","inLanguage":"es","@id":"https:\/\/www.rechner-sensors.com\/es\/productos\/applications#primaryimage","url":"https:\/\/www.rechner-sensors.com\/wp-content\/uploads\/2016\/11\/water_drops_products_bg.jpg","contentUrl":"https:\/\/www.rechner-sensors.com\/wp-content\/uploads\/2016\/11\/water_drops_products_bg.jpg","width":2010,"height":148},{"@type":"BreadcrumbList","@id":"https:\/\/www.rechner-sensors.com\/es\/productos\/applications#breadcrumb","itemListElement":[{"@type":"ListItem","position":1,"name":"Start","item":"https:\/\/www.rechner-sensors.com\/es"},{"@type":"ListItem","position":2,"name":"Productos","item":"https:\/\/www.rechner-sensors.com\/es\/productos"},{"@type":"ListItem","position":3,"name":"Applications"}]},{"@type":"WebSite","@id":"https:\/\/www.rechner-sensors.com\/es#website","url":"https:\/\/www.rechner-sensors.com\/es","name":"Rechner Sensors","description":"[:de]Marktf\u00fchrer in kapazitiver Sensortechnologie und Qualit\u00e4t.[:en]Capacitive Sensors \u2013 for more than 50 years our special field.[:fr]Les capteurs capacitifs \u2013 depuis plus de 50 ans notre c\u0153ur de m\u00e9tier.[:es]Sensores capacitivos - desde m\u00e1s de 50 a\u00f1os nuestro campo de especialidad.[:it]Sensores capacitivos - desde m\u00e1s de 50 a\u00f1os nuestro campo de especialidad.[:]","potentialAction":[{"@type":"SearchAction","target":{"@type":"EntryPoint","urlTemplate":"https:\/\/www.rechner-sensors.com\/es?s={search_term_string}"},"query-input":{"@type":"PropertyValueSpecification","valueRequired":true,"valueName":"search_term_string"}}],"inLanguage":"es"}]}},"_links":{"self":[{"href":"https:\/\/www.rechner-sensors.com\/es\/wp-json\/wp\/v2\/pages\/52520","targetHints":{"allow":["GET"]}}],"collection":[{"href":"https:\/\/www.rechner-sensors.com\/es\/wp-json\/wp\/v2\/pages"}],"about":[{"href":"https:\/\/www.rechner-sensors.com\/es\/wp-json\/wp\/v2\/types\/page"}],"author":[{"embeddable":true,"href":"https:\/\/www.rechner-sensors.com\/es\/wp-json\/wp\/v2\/users\/1"}],"replies":[{"embeddable":true,"href":"https:\/\/www.rechner-sensors.com\/es\/wp-json\/wp\/v2\/comments?post=52520"}],"version-history":[{"count":0,"href":"https:\/\/www.rechner-sensors.com\/es\/wp-json\/wp\/v2\/pages\/52520\/revisions"}],"up":[{"embeddable":true,"href":"https:\/\/www.rechner-sensors.com\/es\/wp-json\/wp\/v2\/pages\/51169"}],"wp:featuredmedia":[{"embeddable":true,"href":"https:\/\/www.rechner-sensors.com\/es\/wp-json\/wp\/v2\/media\/91434"}],"wp:attachment":[{"href":"https:\/\/www.rechner-sensors.com\/es\/wp-json\/wp\/v2\/media?parent=52520"}],"curies":[{"name":"wp","href":"https:\/\/api.w.org\/{rel}","templated":true}]}}