{"id":182975,"date":"2022-07-13T14:18:31","date_gmt":"2022-07-13T12:18:31","guid":{"rendered":"https:\/\/www.rechner-sensors.com\/?page_id=182975"},"modified":"2026-04-24T14:11:57","modified_gmt":"2026-04-24T12:11:57","slug":"rechner-alemania","status":"publish","type":"page","link":"https:\/\/www.rechner-sensors.com\/es\/contacto\/rechner-alemania","title":{"rendered":"Rechner Alemania"},"content":{"rendered":"<div class=\"wpb-content-wrapper\">[vc_row full_width=\u00bbstretch_row\u00bb el_class=\u00bblightgrey\u00bb][vc_column width=\u00bb1\/2&#8243;][vc_column_text]\n<h2>Direcci\u00f3n<\/h2>\n<p><strong>RECHNER Industrie-Elektronik GmbH<\/strong><br \/>\nGau\u00dfstra\u00dfe 6 &#8211; 10<br \/>\n68623 Lampertheim<br \/>\nAlemania<\/p>\n<h2>Direci\u00f2n de env\u00edo<\/h2>\n<p><strong>RECHNER Industrie-Elektronik GmbH<\/strong><br \/>\nPostfach 1730<br \/>\n68607 Lampertheim<br \/>\nAlemania<\/p>\n<p><strong>Telefon:<\/strong> +49 6206 50070[\/vc_column_text][\/vc_column][vc_column width=\u00bb1\/2&#8243;][vc_column_text] <div class=\"brlbs-cmpnt-container brlbs-cmpnt-content-blocker brlbs-cmpnt-with-individual-styles\" data-borlabs-cookie-content-blocker-id=\"default\" data-borlabs-cookie-content=\"PGRpdiBpZD0nd3JhcF9tYXBfNjllZTJkNGIyY2ExMScgY2xhc3M9J3VsdGltYXRlLW1hcC13cmFwcGVyIHVsdC1hZGp1c3QtYm90dG9tLW1hcmdpbiAnIHN0eWxlPScgaGVpZ2h0OjQ1MHB4Oyc+PGRpdiBpZD0nbWFwXzY5ZWUyZDRiMmNhMTEnIGRhdGEtbWFwX292ZXJyaWRlPScwJyBjbGFzcz0ndWx0aW1hdGVfZ29vZ2xlX21hcCB3cGJfY29udGVudF9lbGVtZW50IDAnIHN0eWxlPSd3aWR0aDoxMDAlO2hlaWdodDo0NTBweDsnPjwvZGl2PjwvZGl2PjxzY3JpcHQgdHlwZT0ndGV4dC9qYXZhc2NyaXB0Jz4KCQkJKGZ1bmN0aW9uKCQpIHsKICAJCQkndXNlIHN0cmljdCc7CgkJCXZhciBtYXBfbWFwXzY5ZWUyZDRiMmNhMTEgPSBudWxsOwoJCQl2YXIgY29vcmRpbmF0ZV9tYXBfNjllZTJkNGIyY2ExMTsKCQkJdmFyIGlzRHJhZ2dhYmxlID0gJChkb2N1bWVudCkud2lkdGgoKSA+IDY0MSA\/ICd0cnVlJyA6ICd0cnVlJzsKCQkJdHJ5CgkJCXsKCQkJCXZhciBtYXBfbWFwXzY5ZWUyZDRiMmNhMTEgPSBudWxsOwoJCQkJdmFyIGNvb3JkaW5hdGVfbWFwXzY5ZWUyZDRiMmNhMTE7CgkJCQljb29yZGluYXRlX21hcF82OWVlMmQ0YjJjYTExID0gbmV3IGdvb2dsZS5tYXBzLkxhdExuZyg0OS41OTYxNzMsIDguNDg2OTcpOwoJCQkJdmFyIG1hcE9wdGlvbnM9CgkJCQl7CgkJCQkJem9vbTogMTUsCgkJCQkJY2VudGVyOiBjb29yZGluYXRlX21hcF82OWVlMmQ0YjJjYTExLAoJCQkJCXNjYWxlQ29udHJvbDogdHJ1ZSwKCQkJCQlzdHJlZXRWaWV3Q29udHJvbDogZmFsc2UsCgkJCQkJbWFwVHlwZUNvbnRyb2w6IGZhbHNlLAoJCQkJCXBhbkNvbnRyb2w6IGZhbHNlLAoJCQkJCXpvb21Db250cm9sOiB0cnVlLAoJCQkJCXNjcm9sbHdoZWVsOiB0cnVlLAoJCQkJCWRyYWdnYWJsZTogaXNEcmFnZ2FibGUsCgkJCQkJem9vbUNvbnRyb2xPcHRpb25zOiB7CgkJCQkJCXBvc2l0aW9uOiBnb29nbGUubWFwcy5Db250cm9sUG9zaXRpb24ucmlnaHRfYm90dG9tCgkJCQkJfSwgbWFwVHlwZUNvbnRyb2xPcHRpb25zOiB7CgkJCQkJCQltYXBUeXBlSWRzOiBbZ29vZ2xlLm1hcHMuTWFwVHlwZUlkLnJvYWRtYXAsICdtYXBfc3R5bGUnXQoJCQkJCQl9fTt2YXIgc3R5bGVzID0gW3siZmVhdHVyZVR5cGUiOiJhbGwiLCJzdHlsZXJzIjpbeyJzYXR1cmF0aW9uIjowfSx7Imh1ZSI6IiNlN2VjZjAifV19LHsiZmVhdHVyZVR5cGUiOiJyb2FkIiwic3R5bGVycyI6W3sic2F0dXJhdGlvbiI6LTcwfV19LHsiZmVhdHVyZVR5cGUiOiJ0cmFuc2l0Iiwic3R5bGVycyI6W3sidmlzaWJpbGl0eSI6Im9mZiJ9XX0seyJmZWF0dXJlVHlwZSI6InBvaSIsInN0eWxlcnMiOlt7InZpc2liaWxpdHkiOiJvZmYifV19LHsiZmVhdHVyZVR5cGUiOiJ3YXRlciIsInN0eWxlcnMiOlt7InZpc2liaWxpdHkiOiJzaW1wbGlmaWVkIn0seyJzYXR1cmF0aW9uIjotNjB9XX1dOyB2YXIgc3R5bGVkTWFwID0gbmV3IGdvb2dsZS5tYXBzLlN0eWxlZE1hcFR5cGUoc3R5bGVzLHtuYW1lOiAiU3R5bGVkIE1hcCJ9KTt2YXIgbWFwX21hcF82OWVlMmQ0YjJjYTExID0gbmV3IGdvb2dsZS5tYXBzLk1hcChkb2N1bWVudC5nZXRFbGVtZW50QnlJZCgnbWFwXzY5ZWUyZDRiMmNhMTEnKSxtYXBPcHRpb25zKTttYXBfbWFwXzY5ZWUyZDRiMmNhMTEubWFwVHlwZXMuc2V0KCdtYXBfc3R5bGUnLCBzdHlsZWRNYXApOwogCQkJCQkJCSBtYXBfbWFwXzY5ZWUyZDRiMmNhMTEuc2V0TWFwVHlwZUlkKCdtYXBfc3R5bGUnKTsKCQkJCQkJdmFyIHggPSAnaW5mb3dpbmRvd19vcGVuX3ZhbHVlJzsKCQkJCQkJdmFyIG1hcmtlcl9tYXBfNjllZTJkNGIyY2ExMSA9IG5ldyBnb29nbGUubWFwcy5NYXJrZXIoewoJCQkJCQlwb3NpdGlvbjogbmV3IGdvb2dsZS5tYXBzLkxhdExuZygnNDkuNTk2MTczJywgJzguNDg2OTcnKSwKCQkJCQkJYW5pbWF0aW9uOiAgZ29vZ2xlLm1hcHMuQW5pbWF0aW9uLkRST1AsCgkJCQkJCW1hcDogbWFwX21hcF82OWVlMmQ0YjJjYTExLAoJCQkJCQlpY29uOiAnaHR0cHM6Ly93d3cucmVjaG5lci1zZW5zb3JzLmNvbS93cC1jb250ZW50L3VwbG9hZHMvMjAxNi8wNS9tYXBtYXJrZXIucG5nJwoJCQkJCX0pOwlnb29nbGUubWFwcy5ldmVudC5hZGRMaXN0ZW5lcihtYXJrZXJfbWFwXzY5ZWUyZDRiMmNhMTEsICdjbGljaycsIHRvZ2dsZUJvdW5jZSk7dmFyIGluZm93aW5kb3cgPSBuZXcgZ29vZ2xlLm1hcHMuSW5mb1dpbmRvdygpOwoJCQkJCQkJaW5mb3dpbmRvdy5zZXRDb250ZW50KCc8ZGl2IGNsYXNzPSJtYXBfaW5mb190ZXh0IiBzdHlsZT1cJ2NvbG9yOiMwMDA7XCc+UkVDSE5FUiBJbmR1c3RyaWUtRWxla3Ryb25payBHbWJIPGJyIC8+IEdhdcOfc3RyYcOfZSA4ICYjODIxMTsgMTA8YnIgLz4gNjg2MjMgTGFtcGVydGhlaW08YnIgLz4gQWxlbWFuaWE8L2Rpdj4nKTtnb29nbGUubWFwcy5ldmVudC5hZGRMaXN0ZW5lcihtYXJrZXJfbWFwXzY5ZWUyZDRiMmNhMTEsICdjbGljaycsIGZ1bmN0aW9uKCkgewoJCQkJCQkJCWluZm93aW5kb3cub3BlbihtYXBfbWFwXzY5ZWUyZDRiMmNhMTEsbWFya2VyX21hcF82OWVlMmQ0YjJjYTExKTsKCQkJCQkJICAJfSk7fQoJCQljYXRjaChlKXt9OwoJCQlqUXVlcnkoZG9jdW1lbnQpLnJlYWR5KGZ1bmN0aW9uKCQpewoJCQkJZ29vZ2xlLm1hcHMuZXZlbnQudHJpZ2dlcihtYXBfbWFwXzY5ZWUyZDRiMmNhMTEsICdyZXNpemUnKTsKCQkJCSQod2luZG93KS5vbigncmVzaXplJywgZnVuY3Rpb24oKXsKCQkJCQlnb29nbGUubWFwcy5ldmVudC50cmlnZ2VyKG1hcF9tYXBfNjllZTJkNGIyY2ExMSwgJ3Jlc2l6ZScpOwoJCQkJCWlmKG1hcF9tYXBfNjllZTJkNGIyY2ExMSE9bnVsbCkKCQkJCQkJbWFwX21hcF82OWVlMmQ0YjJjYTExLnNldENlbnRlcihjb29yZGluYXRlX21hcF82OWVlMmQ0YjJjYTExKTsKCQkJCX0pOwoJCQkJJCgnLnVpLXRhYnMnKS5vbigndGFic2FjdGl2YXRlJywgZnVuY3Rpb24oZXZlbnQsIHVpKSB7CgkJCQkgICBpZigkKHRoaXMpLmZpbmQoJy51bHRpbWF0ZS1tYXAtd3JhcHBlcicpLmxlbmd0aCA+IDApCgkJCQkJewoJCQkJCQlzZXRUaW1lb3V0KGZ1bmN0aW9uKCl7CgkJCQkJCQkkKHdpbmRvdykudHJpZ2dlcigncmVzaXplJyk7CgkJCQkJCX0sMjAwKTsKCQkJCQl9CgkJCQl9KTsKCQkJCSQoJy51aS1hY2NvcmRpb24nKS5vbignYWNjb3JkaW9uYWN0aXZhdGUnLCBmdW5jdGlvbihldmVudCwgdWkpIHsKCQkJCSAgIGlmKCQodGhpcykuZmluZCgnLnVsdGltYXRlLW1hcC13cmFwcGVyJykubGVuZ3RoID4gMCkKCQkJCQl7CgkJCQkJCXNldFRpbWVvdXQoZnVuY3Rpb24oKXsKCQkJCQkJCSQod2luZG93KS50cmlnZ2VyKCdyZXNpemUnKTsKCQkJCQkJfSwyMDApOwoJCQkJCX0KCQkJCX0pOwoJCQkJJCh3aW5kb3cpLm9uKCdsb2FkJyxmdW5jdGlvbigpewoJCQkJCXNldFRpbWVvdXQoZnVuY3Rpb24oKXsKCQkJCQkJJCh3aW5kb3cpLnRyaWdnZXIoJ3Jlc2l6ZScpOwoJCQkJCX0sMjAwKTsKCQkJCX0pOwoJCQkJJCgnLnVsdF9leHBfc2VjdGlvbicpLm9uKCdzZWxlY3QnLCBmdW5jdGlvbigpewoJCQkJCWlmKCQobWFwX21hcF82OWVlMmQ0YjJjYTExKS5wYXJlbnRzKCcudWx0X2V4cF9zZWN0aW9uJykpCgkJCQkJewoJCQkJCQlzZXRUaW1lb3V0KGZ1bmN0aW9uKCl7CgkJCQkJCQkkKHdpbmRvdykudHJpZ2dlcigncmVzaXplJyk7CgkJCQkJCX0sMjAwKTsKCQkJCQl9CgkJCQl9KTsKCQkJCSQoZG9jdW1lbnQpLm9uKCdvblVWQ01vZGFsUG9wdXBPcGVuJywgZnVuY3Rpb24oKXsKCQkJCQlpZigkKG1hcF9tYXBfNjllZTJkNGIyY2ExMSkucGFyZW50cygnLnVsdF9tb2RhbC1jb250ZW50JykpCgkJCQkJewoJCQkJCQlzZXRUaW1lb3V0KGZ1bmN0aW9uKCl7CgkJCQkJCQkkKHdpbmRvdykudHJpZ2dlcigncmVzaXplJyk7CgkJCQkJCX0sMjAwKTsKCQkJCQl9CgkJCQl9KTsKCQkJCSQoZG9jdW1lbnQpLm9uKCdjbGljaycsJy51bHRfdGFiX2xpJyxmdW5jdGlvbigpewoJCQkJCSQod2luZG93KS50cmlnZ2VyKCdyZXNpemUnKTsKCQkJCQlzZXRUaW1lb3V0KGZ1bmN0aW9uKCl7CgkJCQkJCSQod2luZG93KS50cmlnZ2VyKCdyZXNpemUnKTsKCQkJCQl9LDIwMCk7CgkJCQl9KTsKCQkJfSk7CgkJCWZ1bmN0aW9uIHRvZ2dsZUJvdW5jZSgpIHsKCQkJICBpZiAobWFya2VyX21hcF82OWVlMmQ0YjJjYTExLmdldEFuaW1hdGlvbigpICE9IG51bGwpIHsKCQkJCW1hcmtlcl9tYXBfNjllZTJkNGIyY2ExMS5zZXRBbmltYXRpb24obnVsbCk7CgkJCSAgfSBlbHNlIHsKCQkJCW1hcmtlcl9tYXBfNjllZTJkNGIyY2ExMS5zZXRBbmltYXRpb24oZ29vZ2xlLm1hcHMuQW5pbWF0aW9uLkJPVU5DRSk7CgkJCSAgfQoJCQl9CgkJCX0pKGpRdWVyeSk7CgkJCTwvc2NyaXB0Pg==\"><div class=\"brlbs-cmpnt-cb-preset-a\"> <p class=\"brlbs-cmpnt-cb-description\">Est\u00e1s viendo un contenido de marcador de posici\u00f3n de <strong>Predeterminado<\/strong>. Para acceder al contenido real, haz clic en el siguiente bot\u00f3n. Ten en cuenta que al hacerlo compartir\u00e1s datos con terceros proveedores.<\/p> <div class=\"brlbs-cmpnt-cb-buttons\"> <a class=\"brlbs-cmpnt-cb-btn\" href=\"#\" data-borlabs-cookie-unblock role=\"button\">Desbloquear contenido<\/a> <a class=\"brlbs-cmpnt-cb-btn\" href=\"#\" data-borlabs-cookie-accept-service role=\"button\" style=\"display: none\">Aceptar el servicio requerido y desbloquear los contenidos<\/a> <\/div> <a class=\"brlbs-cmpnt-cb-provider-toggle\" href=\"#\" data-borlabs-cookie-show-provider-information role=\"button\">M\u00e1s informaci\u00f3n<\/a> <\/div><\/div>[\/vc_column_text][\/vc_column][\/vc_row][vc_row full_width=\u00bbstretch_row\u00bb][vc_column][vc_table vc_table_theme=\u00bbclassic\u00bb]Department,Email,[c#1e73be]Tel%C3%A9fono,Fax|General%20Information,info%40rechner-sensors.de,[c#ffffff;bg#1e73be]%2B49%206206%2050070,%2B49%206206%20500720|Orders,kundenbetreuung%40rechner-sensors.de,[c#1e73be;bg#ffffff]%2B49%206206%2050070,%2B49%206206%20500736|Support,support%40rechner-sensors.de,[c#ffffff;bg#1e73be]%2B49%206206%2050070,%2B49%206206%20500720|Webmaster,webmaster%40rechner-sensors.de,[c#1e73be;bg#ffffff]%2B49%206206%2050070,%2B49%206206%20500720|Hostmaster,hostmaster%40rechner-sensors.de,[c#ffffff;bg#1e73be]%2B49%206206%2050070,%2B49%206206%20500720[\/vc_table][\/vc_column][\/vc_row][vc_row full_width=\u00bbstretch_row\u00bb el_class=\u00bblightgrey\u00bb][vc_column width=\u00bb1\/2&#8243;][vc_single_image image=\u00bb119697&#8243; img_size=\u00bblarge\u00bb][\/vc_column][vc_column width=\u00bb1\/2&#8243;]\n<div class=\"wpcf7 no-js\" id=\"wpcf7-f206-o1\" lang=\"es-ES\" dir=\"ltr\" data-wpcf7-id=\"206\">\n<div class=\"screen-reader-response\"><p role=\"status\" aria-live=\"polite\" aria-atomic=\"true\"><\/p> <ul><\/ul><\/div>\n<form action=\"\/es\/wp-json\/wp\/v2\/pages\/182975#wpcf7-f206-o1\" method=\"post\" class=\"wpcf7-form init\" aria-label=\"Formulario de contacto\" novalidate=\"novalidate\" data-status=\"init\">\n<fieldset class=\"hidden-fields-container\"><input type=\"hidden\" name=\"_wpcf7\" value=\"206\" \/><input type=\"hidden\" name=\"_wpcf7_version\" value=\"6.1.5\" \/><input type=\"hidden\" name=\"_wpcf7_locale\" value=\"es_ES\" \/><input type=\"hidden\" name=\"_wpcf7_unit_tag\" value=\"wpcf7-f206-o1\" \/><input type=\"hidden\" name=\"_wpcf7_container_post\" value=\"0\" \/><input type=\"hidden\" name=\"_wpcf7_posted_data_hash\" value=\"\" \/><input type=\"hidden\" name=\"_wpcf7cf_hidden_group_fields\" value=\"[]\" \/><input type=\"hidden\" name=\"_wpcf7cf_hidden_groups\" value=\"[]\" \/><input type=\"hidden\" name=\"_wpcf7cf_visible_groups\" value=\"[]\" \/><input type=\"hidden\" name=\"_wpcf7cf_repeaters\" value=\"[]\" \/><input type=\"hidden\" name=\"_wpcf7cf_steps\" value=\"{}\" \/><input type=\"hidden\" name=\"_wpcf7cf_options\" value=\"{&quot;form_id&quot;:206,&quot;conditions&quot;:[],&quot;settings&quot;:{&quot;animation&quot;:&quot;yes&quot;,&quot;animation_intime&quot;:200,&quot;animation_outtime&quot;:200,&quot;conditions_ui&quot;:&quot;normal&quot;,&quot;notice_dismissed&quot;:false,&quot;notice_dismissed_rollback-cf7-5.9.2&quot;:true,&quot;notice_dismissed_rollback-cf7-5.9.5&quot;:true}}\" \/>\n<\/fieldset>\n<div>\n\t<p><span class=\"wpcf7-form-control-wrap\" data-name=\"your-company\"><input size=\"40\" maxlength=\"400\" class=\"wpcf7-form-control wpcf7-text\" aria-invalid=\"false\" placeholder=\"Empresa*\" value=\"\" type=\"text\" name=\"your-company\" \/><\/span>\n\t<\/p>\n<\/div>\n<div>\n\t<p><span class=\"wpcf7-form-control-wrap\" data-name=\"your-name\"><input size=\"40\" maxlength=\"400\" class=\"wpcf7-form-control wpcf7-text wpcf7-validates-as-required\" aria-required=\"true\" aria-invalid=\"false\" placeholder=\"Nombre*\" value=\"\" type=\"text\" name=\"your-name\" \/><\/span>\n\t<\/p>\n<\/div>\n<div>\n\t<p><span class=\"wpcf7-form-control-wrap\" data-name=\"your-email\"><input size=\"40\" maxlength=\"400\" class=\"wpcf7-form-control wpcf7-email wpcf7-validates-as-required wpcf7-text wpcf7-validates-as-email\" aria-required=\"true\" aria-invalid=\"false\" placeholder=\"Correo electr\u00f3nico*\" value=\"\" type=\"email\" name=\"your-email\" \/><\/span>\n\t<\/p>\n<\/div>\n<div>\n\t<p><span class=\"wpcf7-form-control-wrap\" data-name=\"your-message\"><textarea cols=\"40\" rows=\"10\" maxlength=\"2000\" class=\"wpcf7-form-control wpcf7-textarea\" aria-invalid=\"false\" placeholder=\"Mensaje\" name=\"your-message\"><\/textarea><\/span>\n\t<\/p>\n<\/div>\n<div class=\"col-12\">\n\t<p>Estado del cliente\n\t<\/p>\n\t<div class=\"new_customer_wrap\">\n\t\t<p><span class=\"wpcf7-form-control-wrap\" data-name=\"new_customer_dropdown\"><select class=\"wpcf7-form-control wpcf7-select wpcf7-validates-as-required new_customer_dropdown\" aria-required=\"true\" aria-invalid=\"false\" name=\"new_customer_dropdown\"><option value=\"Cliente nuevo\">Cliente nuevo<\/option><option value=\"Cliente existente\">Cliente existente<\/option><option value=\"Interesado\">Interesado<\/option><\/select><\/span>\n\t\t<\/p>\n\t<\/div>\n<\/div>\n<div>\n\t<p><span id=\"wpcf7-69ee2d4b2d5c1-wrapper\" class=\"wpcf7-form-control-wrap businessmail-wrap\" style=\"display:none !important; visibility:hidden !important;\"><label for=\"wpcf7-69ee2d4b2d5c1-field\" class=\"hp-message\">Por favor, deja este campo vac\u00edo.<\/label><input id=\"wpcf7-69ee2d4b2d5c1-field\"  class=\"wpcf7-form-control wpcf7-text\" type=\"text\" name=\"businessmail\" value=\"\" size=\"40\" tabindex=\"-1\" autocomplete=\"new-password\" \/><\/span><span class=\"wpcf7-form-control-wrap\" data-name=\"acceptance\"><span class=\"wpcf7-form-control wpcf7-acceptance\"><span class=\"wpcf7-list-item\"><input type=\"checkbox\" name=\"acceptance\" value=\"1\" class=\"formacceptance\" aria-invalid=\"false\" \/><\/span><\/span><\/span> He le\u00eddo y acepto la <a href=\"https:\/\/www.rechner-sensors.com\/es\/renuncia\" target=\"_blank\">Pol\u00edtica de privacidad<\/a> Mi informaci\u00f3n personal se procesa y almacena para los fines y en la medida y duraci\u00f3n especificados en la Pol\u00edtica de privacidad.\n\t<\/p>\n<\/div>\n<div>\n\t<p><input class=\"wpcf7-form-control wpcf7-submit has-spinner arrow_button\" type=\"submit\" value=\"Enviar\" \/>\n\t<\/p>\n<\/div><input type='hidden' class='wpcf7-pum' value='{\"closepopup\":false,\"closedelay\":0,\"openpopup\":false,\"openpopup_id\":0}' \/><div class=\"wpcf7-response-output\" aria-hidden=\"true\"><\/div>\n<\/form>\n<\/div>\n[\/vc_column][\/vc_row]\n<\/div>","protected":false},"excerpt":{"rendered":"<p>[vc_row full_width=\u00bbstretch_row\u00bb el_class=\u00bblightgrey\u00bb][vc_column width=\u00bb1\/2&#8243;][vc_column_text] Direcci\u00f3n RECHNER Industrie-Elektronik GmbH Gau\u00dfstra\u00dfe 6 &#8211; 10 68623 Lampertheim Alemania Direci\u00f2n de env\u00edo RECHNER Industrie-Elektronik GmbH Postfach 1730 68607 Lampertheim Alemania Telefon: +49 6206 50070[\/vc_column_text][\/vc_column][vc_column width=\u00bb1\/2&#8243;][vc_column_text][\/vc_column_text][\/vc_column][\/vc_row][vc_row full_width=\u00bbstretch_row\u00bb][vc_column][vc_table vc_table_theme=\u00bbclassic\u00bb]Department,Email,[c#1e73be]Tel%C3%A9fono,Fax|General%20Information,info%40rechner-sensors.de,[c#ffffff;bg#1e73be]%2B49%206206%2050070,%2B49%206206%20500720|Orders,kundenbetreuung%40rechner-sensors.de,[c#1e73be;bg#ffffff]%2B49%206206%2050070,%2B49%206206%20500736|Support,support%40rechner-sensors.de,[c#ffffff;bg#1e73be]%2B49%206206%2050070,%2B49%206206%20500720|Webmaster,webmaster%40rechner-sensors.de,[c#1e73be;bg#ffffff]%2B49%206206%2050070,%2B49%206206%20500720|Hostmaster,hostmaster%40rechner-sensors.de,[c#ffffff;bg#1e73be]%2B49%206206%2050070,%2B49%206206%20500720[\/vc_table][\/vc_column][\/vc_row][vc_row full_width=\u00bbstretch_row\u00bb el_class=\u00bblightgrey\u00bb][vc_column width=\u00bb1\/2&#8243;][vc_single_image image=\u00bb119697&#8243; img_size=\u00bblarge\u00bb][\/vc_column][vc_column width=\u00bb1\/2&#8243;][\/vc_column][\/vc_row]<\/p>\n","protected":false},"author":3,"featured_media":0,"parent":51179,"menu_order":0,"comment_status":"closed","ping_status":"closed","template":"","meta":{"_acf_changed":false,"inline_featured_image":false,"footnotes":""},"class_list":["post-182975","page","type-page","status-publish","hentry","entry","post-inner"],"acf":[],"yoast_head":"<!-- This site is optimized with the Yoast SEO plugin v27.4 - https:\/\/yoast.com\/product\/yoast-seo-wordpress\/ -->\n<title>Rechner Alemania - Rechner Sensors<\/title>\n<meta name=\"robots\" content=\"index, follow, max-snippet:-1, max-image-preview:large, max-video-preview:-1\" \/>\n<link rel=\"canonical\" href=\"https:\/\/www.rechner-sensors.com\/es\/contacto\/rechner-alemania\" \/>\n<meta property=\"og:locale\" content=\"es_ES\" \/>\n<meta property=\"og:type\" content=\"article\" \/>\n<meta property=\"og:title\" content=\"Rechner Alemania - Rechner Sensors\" \/>\n<meta property=\"og:description\" content=\"[vc_row full_width=\u00bbstretch_row\u00bb el_class=\u00bblightgrey\u00bb][vc_column width=\u00bb1\/2&#8243;][vc_column_text] Direcci\u00f3n RECHNER Industrie-Elektronik GmbH Gau\u00dfstra\u00dfe 6 &#8211; 10 68623 Lampertheim Alemania Direci\u00f2n de env\u00edo RECHNER Industrie-Elektronik GmbH Postfach 1730 68607 Lampertheim Alemania Telefon: +49 6206 50070[\/vc_column_text][\/vc_column][vc_column width=\u00bb1\/2&#8243;][vc_column_text][\/vc_column_text][\/vc_column][\/vc_row][vc_row full_width=\u00bbstretch_row\u00bb][vc_column][vc_table vc_table_theme=\u00bbclassic\u00bb]Department,Email,[c#1e73be]Tel%C3%A9fono,Fax|General%20Information,info%40rechner-sensors.de,[c#ffffff;bg#1e73be]%2B49%206206%2050070,%2B49%206206%20500720|Orders,kundenbetreuung%40rechner-sensors.de,[c#1e73be;bg#ffffff]%2B49%206206%2050070,%2B49%206206%20500736|Support,support%40rechner-sensors.de,[c#ffffff;bg#1e73be]%2B49%206206%2050070,%2B49%206206%20500720|Webmaster,webmaster%40rechner-sensors.de,[c#1e73be;bg#ffffff]%2B49%206206%2050070,%2B49%206206%20500720|Hostmaster,hostmaster%40rechner-sensors.de,[c#ffffff;bg#1e73be]%2B49%206206%2050070,%2B49%206206%20500720[\/vc_table][\/vc_column][\/vc_row][vc_row full_width=\u00bbstretch_row\u00bb el_class=\u00bblightgrey\u00bb][vc_column width=\u00bb1\/2&#8243;][vc_single_image image=\u00bb119697&#8243; img_size=\u00bblarge\u00bb][\/vc_column][vc_column width=\u00bb1\/2&#8243;][\/vc_column][\/vc_row]\" \/>\n<meta property=\"og:url\" content=\"https:\/\/www.rechner-sensors.com\/es\/contacto\/rechner-alemania\" \/>\n<meta property=\"og:site_name\" content=\"Rechner Sensors\" \/>\n<meta property=\"article:modified_time\" content=\"2026-04-24T12:11:57+00:00\" \/>\n<meta name=\"twitter:card\" content=\"summary_large_image\" \/>\n<meta name=\"twitter:label1\" content=\"Tiempo de lectura\" \/>\n\t<meta name=\"twitter:data1\" content=\"1 minuto\" \/>\n<script type=\"application\/ld+json\" class=\"yoast-schema-graph\">{\"@context\":\"https:\\\/\\\/schema.org\",\"@graph\":[{\"@type\":\"WebPage\",\"@id\":\"https:\\\/\\\/www.rechner-sensors.com\\\/es\\\/contacto\\\/rechner-alemania\",\"url\":\"https:\\\/\\\/www.rechner-sensors.com\\\/es\\\/contacto\\\/rechner-alemania\",\"name\":\"Rechner Alemania - Rechner Sensors\",\"isPartOf\":{\"@id\":\"https:\\\/\\\/www.rechner-sensors.com\\\/es#website\"},\"datePublished\":\"2022-07-13T12:18:31+00:00\",\"dateModified\":\"2026-04-24T12:11:57+00:00\",\"breadcrumb\":{\"@id\":\"https:\\\/\\\/www.rechner-sensors.com\\\/es\\\/contacto\\\/rechner-alemania#breadcrumb\"},\"inLanguage\":\"es\",\"potentialAction\":[{\"@type\":\"ReadAction\",\"target\":[\"https:\\\/\\\/www.rechner-sensors.com\\\/es\\\/contacto\\\/rechner-alemania\"]}]},{\"@type\":\"BreadcrumbList\",\"@id\":\"https:\\\/\\\/www.rechner-sensors.com\\\/es\\\/contacto\\\/rechner-alemania#breadcrumb\",\"itemListElement\":[{\"@type\":\"ListItem\",\"position\":1,\"name\":\"Start\",\"item\":\"https:\\\/\\\/www.rechner-sensors.com\\\/es\"},{\"@type\":\"ListItem\",\"position\":2,\"name\":\"Contacto\",\"item\":\"https:\\\/\\\/www.rechner-sensors.com\\\/es\\\/contacto\"},{\"@type\":\"ListItem\",\"position\":3,\"name\":\"Rechner Alemania\"}]},{\"@type\":\"WebSite\",\"@id\":\"https:\\\/\\\/www.rechner-sensors.com\\\/es#website\",\"url\":\"https:\\\/\\\/www.rechner-sensors.com\\\/es\",\"name\":\"Rechner Sensors\",\"description\":\"[:de]Marktf\u00fchrer in kapazitiver Sensortechnologie und Qualit\u00e4t.[:en]Capacitive Sensors \u2013 for more than 50 years our special field.[:fr]Les capteurs capacitifs \u2013 depuis plus de 50 ans notre c\u0153ur de m\u00e9tier.[:es]Sensores capacitivos - desde m\u00e1s de 50 a\u00f1os nuestro campo de especialidad.[:it]Sensores capacitivos - desde m\u00e1s de 50 a\u00f1os nuestro campo de especialidad.[:]\",\"potentialAction\":[{\"@type\":\"SearchAction\",\"target\":{\"@type\":\"EntryPoint\",\"urlTemplate\":\"https:\\\/\\\/www.rechner-sensors.com\\\/es?s={search_term_string}\"},\"query-input\":{\"@type\":\"PropertyValueSpecification\",\"valueRequired\":true,\"valueName\":\"search_term_string\"}}],\"inLanguage\":\"es\"}]}<\/script>\n<!-- \/ Yoast SEO plugin. -->","yoast_head_json":{"title":"Rechner Alemania - Rechner Sensors","robots":{"index":"index","follow":"follow","max-snippet":"max-snippet:-1","max-image-preview":"max-image-preview:large","max-video-preview":"max-video-preview:-1"},"canonical":"https:\/\/www.rechner-sensors.com\/es\/contacto\/rechner-alemania","og_locale":"es_ES","og_type":"article","og_title":"Rechner Alemania - Rechner Sensors","og_description":"[vc_row full_width=\u00bbstretch_row\u00bb el_class=\u00bblightgrey\u00bb][vc_column width=\u00bb1\/2&#8243;][vc_column_text] Direcci\u00f3n RECHNER Industrie-Elektronik GmbH Gau\u00dfstra\u00dfe 6 &#8211; 10 68623 Lampertheim Alemania Direci\u00f2n de env\u00edo RECHNER Industrie-Elektronik GmbH Postfach 1730 68607 Lampertheim Alemania Telefon: +49 6206 50070[\/vc_column_text][\/vc_column][vc_column width=\u00bb1\/2&#8243;][vc_column_text][\/vc_column_text][\/vc_column][\/vc_row][vc_row full_width=\u00bbstretch_row\u00bb][vc_column][vc_table vc_table_theme=\u00bbclassic\u00bb]Department,Email,[c#1e73be]Tel%C3%A9fono,Fax|General%20Information,info%40rechner-sensors.de,[c#ffffff;bg#1e73be]%2B49%206206%2050070,%2B49%206206%20500720|Orders,kundenbetreuung%40rechner-sensors.de,[c#1e73be;bg#ffffff]%2B49%206206%2050070,%2B49%206206%20500736|Support,support%40rechner-sensors.de,[c#ffffff;bg#1e73be]%2B49%206206%2050070,%2B49%206206%20500720|Webmaster,webmaster%40rechner-sensors.de,[c#1e73be;bg#ffffff]%2B49%206206%2050070,%2B49%206206%20500720|Hostmaster,hostmaster%40rechner-sensors.de,[c#ffffff;bg#1e73be]%2B49%206206%2050070,%2B49%206206%20500720[\/vc_table][\/vc_column][\/vc_row][vc_row full_width=\u00bbstretch_row\u00bb el_class=\u00bblightgrey\u00bb][vc_column width=\u00bb1\/2&#8243;][vc_single_image image=\u00bb119697&#8243; img_size=\u00bblarge\u00bb][\/vc_column][vc_column width=\u00bb1\/2&#8243;][\/vc_column][\/vc_row]","og_url":"https:\/\/www.rechner-sensors.com\/es\/contacto\/rechner-alemania","og_site_name":"Rechner Sensors","article_modified_time":"2026-04-24T12:11:57+00:00","twitter_card":"summary_large_image","twitter_misc":{"Tiempo de lectura":"1 minuto"},"schema":{"@context":"https:\/\/schema.org","@graph":[{"@type":"WebPage","@id":"https:\/\/www.rechner-sensors.com\/es\/contacto\/rechner-alemania","url":"https:\/\/www.rechner-sensors.com\/es\/contacto\/rechner-alemania","name":"Rechner Alemania - Rechner Sensors","isPartOf":{"@id":"https:\/\/www.rechner-sensors.com\/es#website"},"datePublished":"2022-07-13T12:18:31+00:00","dateModified":"2026-04-24T12:11:57+00:00","breadcrumb":{"@id":"https:\/\/www.rechner-sensors.com\/es\/contacto\/rechner-alemania#breadcrumb"},"inLanguage":"es","potentialAction":[{"@type":"ReadAction","target":["https:\/\/www.rechner-sensors.com\/es\/contacto\/rechner-alemania"]}]},{"@type":"BreadcrumbList","@id":"https:\/\/www.rechner-sensors.com\/es\/contacto\/rechner-alemania#breadcrumb","itemListElement":[{"@type":"ListItem","position":1,"name":"Start","item":"https:\/\/www.rechner-sensors.com\/es"},{"@type":"ListItem","position":2,"name":"Contacto","item":"https:\/\/www.rechner-sensors.com\/es\/contacto"},{"@type":"ListItem","position":3,"name":"Rechner Alemania"}]},{"@type":"WebSite","@id":"https:\/\/www.rechner-sensors.com\/es#website","url":"https:\/\/www.rechner-sensors.com\/es","name":"Rechner Sensors","description":"[:de]Marktf\u00fchrer in kapazitiver Sensortechnologie und Qualit\u00e4t.[:en]Capacitive Sensors \u2013 for more than 50 years our special field.[:fr]Les capteurs capacitifs \u2013 depuis plus de 50 ans notre c\u0153ur de m\u00e9tier.[:es]Sensores capacitivos - desde m\u00e1s de 50 a\u00f1os nuestro campo de especialidad.[:it]Sensores capacitivos - desde m\u00e1s de 50 a\u00f1os nuestro campo de especialidad.[:]","potentialAction":[{"@type":"SearchAction","target":{"@type":"EntryPoint","urlTemplate":"https:\/\/www.rechner-sensors.com\/es?s={search_term_string}"},"query-input":{"@type":"PropertyValueSpecification","valueRequired":true,"valueName":"search_term_string"}}],"inLanguage":"es"}]}},"_links":{"self":[{"href":"https:\/\/www.rechner-sensors.com\/es\/wp-json\/wp\/v2\/pages\/182975","targetHints":{"allow":["GET"]}}],"collection":[{"href":"https:\/\/www.rechner-sensors.com\/es\/wp-json\/wp\/v2\/pages"}],"about":[{"href":"https:\/\/www.rechner-sensors.com\/es\/wp-json\/wp\/v2\/types\/page"}],"author":[{"embeddable":true,"href":"https:\/\/www.rechner-sensors.com\/es\/wp-json\/wp\/v2\/users\/3"}],"replies":[{"embeddable":true,"href":"https:\/\/www.rechner-sensors.com\/es\/wp-json\/wp\/v2\/comments?post=182975"}],"version-history":[{"count":4,"href":"https:\/\/www.rechner-sensors.com\/es\/wp-json\/wp\/v2\/pages\/182975\/revisions"}],"predecessor-version":[{"id":272438,"href":"https:\/\/www.rechner-sensors.com\/es\/wp-json\/wp\/v2\/pages\/182975\/revisions\/272438"}],"up":[{"embeddable":true,"href":"https:\/\/www.rechner-sensors.com\/es\/wp-json\/wp\/v2\/pages\/51179"}],"wp:attachment":[{"href":"https:\/\/www.rechner-sensors.com\/es\/wp-json\/wp\/v2\/media?parent=182975"}],"curies":[{"name":"wp","href":"https:\/\/api.w.org\/{rel}","templated":true}]}}